{"id":34985,"date":"2025-02-03T16:37:37","date_gmt":"2025-02-03T16:37:37","guid":{"rendered":"https:\/\/kasima.lt\/produktas\/ratinis-ekskavatorius-komatsu-pw160-11-2019\/"},"modified":"2025-10-29T13:32:41","modified_gmt":"2025-10-29T13:32:41","slug":"ratinis-ekskavatorius-komatsu-pw160-11-2019","status":"publish","type":"product","link":"https:\/\/kasima.lt\/lv\/produktas\/ratinis-ekskavatorius-komatsu-pw160-11-2019\/","title":{"rendered":"Rite\u0146u ekskavators Komatsu PW160-11, 2019. gads"},"content":{"rendered":"<p>\u013boti labi uztur\u0113ts Komatsu PW160-11 rite\u0146ekskavators,<br \/>\n2019. ra\u017eo\u0161anas gads,<br \/>\nMoto stundas 4675,<br \/>\nMotora jauda 110 kw.,<br \/>\nBruto masa 17200 kg.<br \/>\nBrauk\u0161anas \u0101trums 35 km\/h.<br \/>\n3 da\u013cu str\u0113le,<br \/>\nHidraulisk\u0101 \u0101trgaitas sakabe,<br \/>\nHidraulisk\u0101s l\u012bnijas,<br \/>\nhidrauliskais pl\u0101no\u0161anas kauss,<br \/>\nCentr\u0101l\u0101 e\u013c\u013co\u0161ana,<br \/>\nGaisa kondicion\u0113\u0161ana,<br \/>\nVideokameras,<br \/>\nS\u012bk\u0101ka inform\u0101cija pa t\u0101lruni vai e-pastu<\/p>\n<p><iframe loading=\"lazy\" title=\"Wheel excavator Komatsu PW160-11, 2019 for sale!\" width=\"1080\" height=\"608\" src=\"https:\/\/www.youtube.com\/embed\/zrLykIn_mk4?start=1&#038;feature=oembed\"  allow=\"accelerometer; autoplay; clipboard-write; encrypted-media; gyroscope; picture-in-picture; web-share\" referrerpolicy=\"strict-origin-when-cross-origin\" allowfullscreen><\/iframe><\/p>\n","protected":false},"excerpt":{"rendered":"<p>Cena bez PVN<\/p>\n<p>Ra\u017eot\u0101js: Komatsu<br \/>Modelis: PW160-11<br \/>Izsaukums: <a href=\"tel:+37067607071\">+37067607071<\/a><br \/>E-pasts: <a href=\"mailto:sales@kasima.lt\">sales@kasima.lt <\/a><\/p>\n","protected":false},"featured_media":45470,"template":"","meta":{"_et_pb_use_builder":"","_et_pb_old_content":"","_et_gb_content_width":"","_monsterinsights_skip_tracking":false,"_monsterinsights_sitenote_active":false,"_monsterinsights_sitenote_note":"","_monsterinsights_sitenote_category":0},"product_brand":[],"product_cat":[149],"product_tag":[],"class_list":{"0":"post-34985","1":"product","2":"type-product","3":"status-publish","4":"has-post-thumbnail","6":"product_cat-buvnieciba","8":"first","9":"outofstock","10":"shipping-taxable","11":"product-type-simple"},"aioseo_notices":[],"_links":{"self":[{"href":"https:\/\/kasima.lt\/lv\/wp-json\/wp\/v2\/product\/34985","targetHints":{"allow":["GET"]}}],"collection":[{"href":"https:\/\/kasima.lt\/lv\/wp-json\/wp\/v2\/product"}],"about":[{"href":"https:\/\/kasima.lt\/lv\/wp-json\/wp\/v2\/types\/product"}],"wp:featuredmedia":[{"embeddable":true,"href":"https:\/\/kasima.lt\/lv\/wp-json\/wp\/v2\/media\/45470"}],"wp:attachment":[{"href":"https:\/\/kasima.lt\/lv\/wp-json\/wp\/v2\/media?parent=34985"}],"wp:term":[{"taxonomy":"product_brand","embeddable":true,"href":"https:\/\/kasima.lt\/lv\/wp-json\/wp\/v2\/product_brand?post=34985"},{"taxonomy":"product_cat","embeddable":true,"href":"https:\/\/kasima.lt\/lv\/wp-json\/wp\/v2\/product_cat?post=34985"},{"taxonomy":"product_tag","embeddable":true,"href":"https:\/\/kasima.lt\/lv\/wp-json\/wp\/v2\/product_tag?post=34985"}],"curies":[{"name":"wp","href":"https:\/\/api.w.org\/{rel}","templated":true}]}}