{"id":34594,"date":"2025-01-31T08:49:30","date_gmt":"2025-01-31T08:49:30","guid":{"rendered":"https:\/\/kasima.lt\/produktas\/atlas-1604-variklio-ausinimo-blokas\/"},"modified":"2025-10-29T13:32:40","modified_gmt":"2025-10-29T13:32:40","slug":"atlas-1604-variklio-ausinimo-blokas","status":"publish","type":"product","link":"https:\/\/kasima.lt\/lv\/produktas\/atlas-1604-variklio-ausinimo-blokas\/","title":{"rendered":"Atlas 1604 dzin\u0113ja dzes\u0113\u0161anas bloks"},"content":{"rendered":"<p>Ori\u0123in\u0101ls \u201cAtlas 1604\u201d dzes\u0113\u0161anas bloks\/radiators<br \/>Numuri uz da\u013cas:<br \/>6046301<br \/>260701<br \/>Lietots, bet piln\u012bb\u0101 funkcion\u0113jo\u0161s<br \/>Nodro\u0161ina efekt\u012bvu dzes\u0113\u0161anu un dzin\u0113ja aizsardz\u012bbu<\/p>\n","protected":false},"excerpt":{"rendered":"<p>Cena bez PVN<\/p>\n<p>Ra\u017eot\u0101js: ATLAS<br \/>Modelis: AT16040049<br \/>Izsaukums: <a href=\"tel:+37060842988\">+37060842988<\/a><br \/>E-pasts: <a href=\"mailto:usedparts@kasima.lt\">usedparts@kasima.lt <\/a><\/p>\n","protected":false},"featured_media":34590,"template":"","meta":{"_et_pb_use_builder":"","_et_pb_old_content":"","_et_gb_content_width":"","_monsterinsights_skip_tracking":false,"_monsterinsights_sitenote_active":false,"_monsterinsights_sitenote_note":"","_monsterinsights_sitenote_category":0},"product_brand":[],"product_cat":[872,484,318,685,452,721,807],"product_tag":[],"class_list":{"0":"post-34594","1":"product","2":"type-product","3":"status-publish","4":"has-post-thumbnail","6":"product_cat-1604-2003","7":"product_cat-atlas-dalas","8":"product_cat-lietotas-dalas","9":"product_cat-ekskavatoru-dalas","10":"product_cat-celtniecibas-tehnikas-dalas","11":"product_cat-motora-dalas","12":"product_cat-dzesesanas-sistemas-un-to-komponenti","14":"first","15":"instock","16":"shipping-taxable","17":"product-type-simple"},"aioseo_notices":[],"_links":{"self":[{"href":"https:\/\/kasima.lt\/lv\/wp-json\/wp\/v2\/product\/34594","targetHints":{"allow":["GET"]}}],"collection":[{"href":"https:\/\/kasima.lt\/lv\/wp-json\/wp\/v2\/product"}],"about":[{"href":"https:\/\/kasima.lt\/lv\/wp-json\/wp\/v2\/types\/product"}],"wp:featuredmedia":[{"embeddable":true,"href":"https:\/\/kasima.lt\/lv\/wp-json\/wp\/v2\/media\/34590"}],"wp:attachment":[{"href":"https:\/\/kasima.lt\/lv\/wp-json\/wp\/v2\/media?parent=34594"}],"wp:term":[{"taxonomy":"product_brand","embeddable":true,"href":"https:\/\/kasima.lt\/lv\/wp-json\/wp\/v2\/product_brand?post=34594"},{"taxonomy":"product_cat","embeddable":true,"href":"https:\/\/kasima.lt\/lv\/wp-json\/wp\/v2\/product_cat?post=34594"},{"taxonomy":"product_tag","embeddable":true,"href":"https:\/\/kasima.lt\/lv\/wp-json\/wp\/v2\/product_tag?post=34594"}],"curies":[{"name":"wp","href":"https:\/\/api.w.org\/{rel}","templated":true}]}}