{"id":34216,"date":"2025-01-13T09:22:52","date_gmt":"2025-01-13T09:22:52","guid":{"rendered":"https:\/\/kasima.lt\/produktas\/bobcat-galinis-laisvosios-eigos-velenas\/"},"modified":"2025-10-29T13:32:38","modified_gmt":"2025-10-29T13:32:38","slug":"bobcat-galinis-laisvosios-eigos-velenas","status":"publish","type":"product","link":"https:\/\/kasima.lt\/lv\/produktas\/bobcat-galinis-laisvosios-eigos-velenas\/","title":{"rendered":"Bobcat aizmugur\u0113jais veltnis"},"content":{"rendered":"<p>Lietots aizmugur\u0113jais veltnis, no\u0146emts no Bobcat T590. <br \/>Deta\u013cas numurs 7233630<br \/>\u0160\u012b ori\u0123in\u0101l\u0101 Bobcat deta\u013ca ir sader\u012bga ar da\u017e\u0101diem mode\u013ciem, tostarp T550, T590, T595, T62, T630, T64, T650, T66, T740, T750, T76, T770 un T7X.<br \/>Cena par vien\u012bbu <\/p>\n","protected":false},"excerpt":{"rendered":"<p>Cena bez PVN<\/p>\n<p>Ra\u017eot\u0101js: BOBCAT<br \/>Modelis:T590BC0017<br \/>Zvan\u012bt: <a href=\"tel:+37060842988\">+37060842988<\/a><br \/>E-pasts:<a href=\"mailto:usedparts@kasima.lt\"> usedparts@kasima.lt <\/a><\/p>\n","protected":false},"featured_media":34202,"template":"","meta":{"_et_pb_use_builder":"","_et_pb_old_content":"","_et_gb_content_width":"","_monsterinsights_skip_tracking":false,"_monsterinsights_sitenote_active":false,"_monsterinsights_sitenote_note":"","_monsterinsights_sitenote_category":0},"product_brand":[],"product_cat":[407,832,318,693,452,681],"product_tag":[],"class_list":{"0":"post-34216","1":"product","2":"type-product","3":"status-publish","4":"has-post-thumbnail","6":"product_cat-bobcat-dalas","7":"product_cat-t590-2022","8":"product_cat-lietotas-dalas","9":"product_cat-mini-iekraveju-dalas","10":"product_cat-celtniecibas-tehnikas-dalas","11":"product_cat-kapuri-un-to-dalas","13":"first","14":"instock","15":"shipping-taxable","16":"purchasable","17":"product-type-simple"},"aioseo_notices":[],"_links":{"self":[{"href":"https:\/\/kasima.lt\/lv\/wp-json\/wp\/v2\/product\/34216","targetHints":{"allow":["GET"]}}],"collection":[{"href":"https:\/\/kasima.lt\/lv\/wp-json\/wp\/v2\/product"}],"about":[{"href":"https:\/\/kasima.lt\/lv\/wp-json\/wp\/v2\/types\/product"}],"wp:featuredmedia":[{"embeddable":true,"href":"https:\/\/kasima.lt\/lv\/wp-json\/wp\/v2\/media\/34202"}],"wp:attachment":[{"href":"https:\/\/kasima.lt\/lv\/wp-json\/wp\/v2\/media?parent=34216"}],"wp:term":[{"taxonomy":"product_brand","embeddable":true,"href":"https:\/\/kasima.lt\/lv\/wp-json\/wp\/v2\/product_brand?post=34216"},{"taxonomy":"product_cat","embeddable":true,"href":"https:\/\/kasima.lt\/lv\/wp-json\/wp\/v2\/product_cat?post=34216"},{"taxonomy":"product_tag","embeddable":true,"href":"https:\/\/kasima.lt\/lv\/wp-json\/wp\/v2\/product_tag?post=34216"}],"curies":[{"name":"wp","href":"https:\/\/api.w.org\/{rel}","templated":true}]}}