{"id":34126,"date":"2025-01-13T07:11:16","date_gmt":"2025-01-13T07:11:16","guid":{"rendered":"https:\/\/kasima.lt\/produktas\/bobcat-viksru-itempejas\/"},"modified":"2026-01-26T09:31:24","modified_gmt":"2026-01-26T07:31:24","slug":"bobcat-viksru-itempejas","status":"publish","type":"product","link":"https:\/\/kasima.lt\/lv\/produktas\/bobcat-viksru-itempejas\/","title":{"rendered":"Bobcat slie\u017eu ce\u013ca spriegot\u0101js"},"content":{"rendered":"<p>Ori\u0123in\u0101la lietota deta\u013ca, iz\u0146emta no Bobcat T590 (2022)<br \/>\nOEM k\u0101pur\u0137\u0113\u017eu spriegot\u0101js Bobcat mini iekr\u0101v\u0113jiem<br \/>\nPiln\u012bb\u0101 p\u0101rbaud\u012bts un gatavs uzst\u0101d\u012b\u0161anai.<br \/>\nPieg\u0101de vis\u0101 pasaul\u0113.<br \/>\nSvars un izm\u0113ri pieg\u0101dei:<br \/>\n\u2022 aptuveni 12 kg<br \/>\n\u2022 400 x 200 x 200 mm<br \/>\nKataloga numurs:<br \/>\n\u2022 7180670<\/p>\n","protected":false},"excerpt":{"rendered":"<p>Cena bez PVN<\/p>\n<p>Ra\u017eot\u0101js: BOBCAT<br \/>\nModelis: T590BC0015<br \/>\nT\u0101lrunis:<a href=\"tel:+37060842988\"> +37060842988<\/a><br \/>E-pasts: <a href=\"mailto:usedparts@kasima.lt\">usedparts@kasima.lt<\/a><\/p>\n","protected":false},"featured_media":34102,"template":"","meta":{"_et_pb_use_builder":"","_et_pb_old_content":"","_et_gb_content_width":"","_monsterinsights_skip_tracking":false,"_monsterinsights_sitenote_active":false,"_monsterinsights_sitenote_note":"","_monsterinsights_sitenote_category":0},"product_brand":[],"product_cat":[407,832,318,693,452,681],"product_tag":[],"class_list":{"0":"post-34126","1":"product","2":"type-product","3":"status-publish","4":"has-post-thumbnail","6":"product_cat-bobcat-dalas","7":"product_cat-t590-2022","8":"product_cat-lietotas-dalas","9":"product_cat-mini-iekraveju-dalas","10":"product_cat-celtniecibas-tehnikas-dalas","11":"product_cat-kapuri-un-to-dalas","13":"first","14":"instock","15":"shipping-taxable","16":"purchasable","17":"product-type-simple"},"aioseo_notices":[],"_links":{"self":[{"href":"https:\/\/kasima.lt\/lv\/wp-json\/wp\/v2\/product\/34126","targetHints":{"allow":["GET"]}}],"collection":[{"href":"https:\/\/kasima.lt\/lv\/wp-json\/wp\/v2\/product"}],"about":[{"href":"https:\/\/kasima.lt\/lv\/wp-json\/wp\/v2\/types\/product"}],"wp:featuredmedia":[{"embeddable":true,"href":"https:\/\/kasima.lt\/lv\/wp-json\/wp\/v2\/media\/34102"}],"wp:attachment":[{"href":"https:\/\/kasima.lt\/lv\/wp-json\/wp\/v2\/media?parent=34126"}],"wp:term":[{"taxonomy":"product_brand","embeddable":true,"href":"https:\/\/kasima.lt\/lv\/wp-json\/wp\/v2\/product_brand?post=34126"},{"taxonomy":"product_cat","embeddable":true,"href":"https:\/\/kasima.lt\/lv\/wp-json\/wp\/v2\/product_cat?post=34126"},{"taxonomy":"product_tag","embeddable":true,"href":"https:\/\/kasima.lt\/lv\/wp-json\/wp\/v2\/product_tag?post=34126"}],"curies":[{"name":"wp","href":"https:\/\/api.w.org\/{rel}","templated":true}]}}