{"id":34090,"date":"2025-01-09T14:45:29","date_gmt":"2025-01-09T14:45:29","guid":{"rendered":"https:\/\/kasima.lt\/produktas\/bosch-degalu-siurblys-bobcat-krautuvams\/"},"modified":"2025-10-29T13:32:37","modified_gmt":"2025-10-29T13:32:37","slug":"bosch-degalu-siurblys-bobcat-krautuvams","status":"publish","type":"product","link":"https:\/\/kasima.lt\/lv\/produktas\/bosch-degalu-siurblys-bobcat-krautuvams\/","title":{"rendered":"Bosch degvielas s\u016bknis Bobcat iekr\u0101v\u0113ji"},"content":{"rendered":"<p>Lietots Bosch degvielas s\u016bknis, no\u0146emts no Bobcat T590.<br \/>Da\u013cas numurs 580464079, 7453843.<br \/>\u0160is ori\u0123in\u0101lais Bosch komponents nodro\u0161ina uzticamu degvielas padevi un optim\u0101lu dzin\u0113ja darb\u012bbu j\u016bsu ma\u0161\u012bnai. <\/p>\n","protected":false},"excerpt":{"rendered":"<p>Cena bez PVN<\/p>\n<p>Ra\u017eot\u0101js: BOSCH<br \/>Modelis:T590BC0014<br \/>Izsaukums:<a href=\"tel:+37060842988\"> +37060842988<\/a><br \/>E-pasts: <a href=\"mailto:usedparts@kasima.lt\">usedparts@kasima.lt <\/a><\/p>\n","protected":false},"featured_media":34076,"template":"","meta":{"_et_pb_use_builder":"","_et_pb_old_content":"","_et_gb_content_width":"","_monsterinsights_skip_tracking":false,"_monsterinsights_sitenote_active":false,"_monsterinsights_sitenote_note":"","_monsterinsights_sitenote_category":0},"product_brand":[],"product_cat":[407,832,490,318,693,452,725],"product_tag":[],"class_list":{"0":"post-34090","1":"product","2":"type-product","3":"status-publish","4":"has-post-thumbnail","6":"product_cat-bobcat-dalas","7":"product_cat-t590-2022","8":"product_cat-elektronikas-dalas","9":"product_cat-lietotas-dalas","10":"product_cat-mini-iekraveju-dalas","11":"product_cat-celtniecibas-tehnikas-dalas","12":"product_cat-degvielas-sistemas-dalas","14":"first","15":"instock","16":"shipping-taxable","17":"purchasable","18":"product-type-simple"},"aioseo_notices":[],"_links":{"self":[{"href":"https:\/\/kasima.lt\/lv\/wp-json\/wp\/v2\/product\/34090","targetHints":{"allow":["GET"]}}],"collection":[{"href":"https:\/\/kasima.lt\/lv\/wp-json\/wp\/v2\/product"}],"about":[{"href":"https:\/\/kasima.lt\/lv\/wp-json\/wp\/v2\/types\/product"}],"wp:featuredmedia":[{"embeddable":true,"href":"https:\/\/kasima.lt\/lv\/wp-json\/wp\/v2\/media\/34076"}],"wp:attachment":[{"href":"https:\/\/kasima.lt\/lv\/wp-json\/wp\/v2\/media?parent=34090"}],"wp:term":[{"taxonomy":"product_brand","embeddable":true,"href":"https:\/\/kasima.lt\/lv\/wp-json\/wp\/v2\/product_brand?post=34090"},{"taxonomy":"product_cat","embeddable":true,"href":"https:\/\/kasima.lt\/lv\/wp-json\/wp\/v2\/product_cat?post=34090"},{"taxonomy":"product_tag","embeddable":true,"href":"https:\/\/kasima.lt\/lv\/wp-json\/wp\/v2\/product_tag?post=34090"}],"curies":[{"name":"wp","href":"https:\/\/api.w.org\/{rel}","templated":true}]}}