{"id":34045,"date":"2025-01-09T14:05:47","date_gmt":"2025-01-09T14:05:47","guid":{"rendered":"https:\/\/kasima.lt\/produktas\/bobcat-krautuvu-degalu-silumokaitis\/"},"modified":"2025-10-29T13:32:37","modified_gmt":"2025-10-29T13:32:37","slug":"bobcat-krautuvu-degalu-silumokaitis","status":"publish","type":"product","link":"https:\/\/kasima.lt\/lv\/produktas\/bobcat-krautuvu-degalu-silumokaitis\/","title":{"rendered":"Degvielas apmai\u0146as ier\u012bce Bobcat iekr\u0101v\u0113ji"},"content":{"rendered":"<p>Lietots degvielas apmai\u0146as bloks, no\u0146emts no Bobcat T590<br \/>Deta\u013cas numurs 7239278<br \/>\u0160\u012b ori\u0123in\u0101l\u0101 Bobcat deta\u013ca nodro\u0161ina optim\u0101lu degvielas padevi un ir sader\u012bga ar da\u017e\u0101diem mode\u013ciem, tostarp S510, S530, S550, S570, S590, S595, S630, S650, T550, T590, T595, T630 un T650.<\/p>\n","protected":false},"excerpt":{"rendered":"<p>Cena bez PVN<\/p>\n<p>Ra\u017eot\u0101js: BOBCAT<br \/>Modelis: T590BC0012<br \/>Izsaukums: <a href=\"tel:+37060842988\">+37060842988<\/a><br \/>E-pasts: <a href=\"mailto:usedparts@kasima.lt\">usedparts@kasima.lt <\/a><\/p>\n","protected":false},"featured_media":34031,"template":"","meta":{"_et_pb_use_builder":"","_et_pb_old_content":"","_et_gb_content_width":"","_monsterinsights_skip_tracking":false,"_monsterinsights_sitenote_active":false,"_monsterinsights_sitenote_note":"","_monsterinsights_sitenote_category":0},"product_brand":[],"product_cat":[407,832,318,693,452,725],"product_tag":[],"class_list":{"0":"post-34045","1":"product","2":"type-product","3":"status-publish","4":"has-post-thumbnail","6":"product_cat-bobcat-dalas","7":"product_cat-t590-2022","8":"product_cat-lietotas-dalas","9":"product_cat-mini-iekraveju-dalas","10":"product_cat-celtniecibas-tehnikas-dalas","11":"product_cat-degvielas-sistemas-dalas","13":"first","14":"instock","15":"shipping-taxable","16":"purchasable","17":"product-type-simple"},"aioseo_notices":[],"_links":{"self":[{"href":"https:\/\/kasima.lt\/lv\/wp-json\/wp\/v2\/product\/34045","targetHints":{"allow":["GET"]}}],"collection":[{"href":"https:\/\/kasima.lt\/lv\/wp-json\/wp\/v2\/product"}],"about":[{"href":"https:\/\/kasima.lt\/lv\/wp-json\/wp\/v2\/types\/product"}],"wp:featuredmedia":[{"embeddable":true,"href":"https:\/\/kasima.lt\/lv\/wp-json\/wp\/v2\/media\/34031"}],"wp:attachment":[{"href":"https:\/\/kasima.lt\/lv\/wp-json\/wp\/v2\/media?parent=34045"}],"wp:term":[{"taxonomy":"product_brand","embeddable":true,"href":"https:\/\/kasima.lt\/lv\/wp-json\/wp\/v2\/product_brand?post=34045"},{"taxonomy":"product_cat","embeddable":true,"href":"https:\/\/kasima.lt\/lv\/wp-json\/wp\/v2\/product_cat?post=34045"},{"taxonomy":"product_tag","embeddable":true,"href":"https:\/\/kasima.lt\/lv\/wp-json\/wp\/v2\/product_tag?post=34045"}],"curies":[{"name":"wp","href":"https:\/\/api.w.org\/{rel}","templated":true}]}}