{"id":34000,"date":"2025-01-09T13:15:15","date_gmt":"2025-01-09T13:15:15","guid":{"rendered":"https:\/\/kasima.lt\/produktas\/bobcat-krautuvo-strele-su-jungtimi\/"},"modified":"2025-10-29T13:32:37","modified_gmt":"2025-10-29T13:32:37","slug":"bobcat-krautuvo-strele-su-jungtimi","status":"publish","type":"product","link":"https:\/\/kasima.lt\/lv\/produktas\/bobcat-krautuvo-strele-su-jungtimi\/","title":{"rendered":"Bobcat pac\u0113l\u0101ja roka ar saiti"},"content":{"rendered":"<p>Lietots pac\u0113l\u0101ja pac\u0113l\u0101js ar posmu, no\u0146emts no 2022. gada Bobcat T590. <br \/>Deta\u013cu numuri 7336811, 7145418.<br \/>\u0160\u012b ori\u0123in\u0101l\u0101 Bobcat deta\u013ca, kas ir sader\u012bga ar vair\u0101kiem Bobcat iekr\u0101v\u0113ju mode\u013ciem, nodro\u0161ina stabilu veiktsp\u0113ju un iztur\u012bbu. Piez\u012bme: da\u017ei kr\u0101sas laukumi ir boj\u0101ti ugunsgr\u0113k\u0101, ta\u010du pac\u0113l\u0101ja sviras struktur\u0101l\u0101 integrit\u0101te ir p\u0101rbaud\u012bta un ir neskarta.   <\/p>\n","protected":false},"excerpt":{"rendered":"<p>Cena bez PVN<\/p>\n<p>Ra\u017eot\u0101js: BOBCAT<br \/>Modelis: T590BC0009<br \/>Izsaukums: <a href=\"tel:+37060842988\">+37060842988<\/a><br \/>E-pasts: <a href=\"mailto:usedparts@kasima.lt\">usedparts@kasima.lt <\/a><\/p>\n","protected":false},"featured_media":33986,"template":"","meta":{"_et_pb_use_builder":"","_et_pb_old_content":"","_et_gb_content_width":"","_monsterinsights_skip_tracking":false,"_monsterinsights_sitenote_active":false,"_monsterinsights_sitenote_note":"","_monsterinsights_sitenote_category":0},"product_brand":[],"product_cat":[862,407,832,318,693,452],"product_tag":[],"class_list":{"0":"post-34000","1":"product","2":"type-product","3":"status-publish","4":"has-post-thumbnail","6":"product_cat-stieni-un-to-dalas","7":"product_cat-bobcat-dalas","8":"product_cat-t590-2022","9":"product_cat-lietotas-dalas","10":"product_cat-mini-iekraveju-dalas","11":"product_cat-celtniecibas-tehnikas-dalas","13":"first","14":"instock","15":"shipping-taxable","16":"purchasable","17":"product-type-simple"},"aioseo_notices":[],"_links":{"self":[{"href":"https:\/\/kasima.lt\/lv\/wp-json\/wp\/v2\/product\/34000","targetHints":{"allow":["GET"]}}],"collection":[{"href":"https:\/\/kasima.lt\/lv\/wp-json\/wp\/v2\/product"}],"about":[{"href":"https:\/\/kasima.lt\/lv\/wp-json\/wp\/v2\/types\/product"}],"wp:featuredmedia":[{"embeddable":true,"href":"https:\/\/kasima.lt\/lv\/wp-json\/wp\/v2\/media\/33986"}],"wp:attachment":[{"href":"https:\/\/kasima.lt\/lv\/wp-json\/wp\/v2\/media?parent=34000"}],"wp:term":[{"taxonomy":"product_brand","embeddable":true,"href":"https:\/\/kasima.lt\/lv\/wp-json\/wp\/v2\/product_brand?post=34000"},{"taxonomy":"product_cat","embeddable":true,"href":"https:\/\/kasima.lt\/lv\/wp-json\/wp\/v2\/product_cat?post=34000"},{"taxonomy":"product_tag","embeddable":true,"href":"https:\/\/kasima.lt\/lv\/wp-json\/wp\/v2\/product_tag?post=34000"}],"curies":[{"name":"wp","href":"https:\/\/api.w.org\/{rel}","templated":true}]}}