{"id":33980,"date":"2025-01-09T12:15:41","date_gmt":"2025-01-09T10:15:41","guid":{"rendered":"https:\/\/kasima.lt\/produktas\/bobcat-t590-keliamasis-cilindras\/"},"modified":"2025-10-29T13:32:37","modified_gmt":"2025-10-29T13:32:37","slug":"bobcat-t590-keliamasis-cilindras","status":"publish","type":"product","link":"https:\/\/kasima.lt\/lv\/produktas\/bobcat-t590-keliamasis-cilindras\/","title":{"rendered":"Pacel\u0161anas cilindrs no Bobcat T590"},"content":{"rendered":"<p>Lietots pac\u0113l\u0101ja cilindrs, no\u0146emts no 2022. gada Bobcat T590. <br \/>Da\u013cas numurs 7362656<br \/>\u0160is ori\u0123in\u0101lais Bobcat komponents ir sader\u012bgs ar mode\u013ciem S530, S570, S590 un T590, nodro\u0161inot nevainojamu integr\u0101ciju un uzticamu darb\u012bbu.<br \/>Cena par vien\u012bbu  <\/p>\n","protected":false},"excerpt":{"rendered":"<p>Cena bez PVN<\/p>\n<p>Ra\u017eot\u0101js: BOBCAT<br \/>Modelis: T590BC0006<br \/>Izsaukums:<a href=\"tel:+37060842988\"> +37060842988<\/a><br \/>E-pasts: <a href=\"mailto:usedparts@kasima.lt\">usedparts@kasima.lt <\/a><\/p>\n","protected":false},"featured_media":33966,"template":"","meta":{"_et_pb_use_builder":"","_et_pb_old_content":"","_et_gb_content_width":"","_monsterinsights_skip_tracking":false,"_monsterinsights_sitenote_active":false,"_monsterinsights_sitenote_note":"","_monsterinsights_sitenote_category":0},"product_brand":[],"product_cat":[407,832,613,318,693,452],"product_tag":[],"class_list":{"0":"post-33980","1":"product","2":"type-product","3":"status-publish","4":"has-post-thumbnail","6":"product_cat-bobcat-dalas","7":"product_cat-t590-2022","8":"product_cat-hidrauliskie-cilindri","9":"product_cat-lietotas-dalas","10":"product_cat-mini-iekraveju-dalas","11":"product_cat-celtniecibas-tehnikas-dalas","13":"first","14":"instock","15":"shipping-taxable","16":"purchasable","17":"product-type-simple"},"aioseo_notices":[],"_links":{"self":[{"href":"https:\/\/kasima.lt\/lv\/wp-json\/wp\/v2\/product\/33980","targetHints":{"allow":["GET"]}}],"collection":[{"href":"https:\/\/kasima.lt\/lv\/wp-json\/wp\/v2\/product"}],"about":[{"href":"https:\/\/kasima.lt\/lv\/wp-json\/wp\/v2\/types\/product"}],"wp:featuredmedia":[{"embeddable":true,"href":"https:\/\/kasima.lt\/lv\/wp-json\/wp\/v2\/media\/33966"}],"wp:attachment":[{"href":"https:\/\/kasima.lt\/lv\/wp-json\/wp\/v2\/media?parent=33980"}],"wp:term":[{"taxonomy":"product_brand","embeddable":true,"href":"https:\/\/kasima.lt\/lv\/wp-json\/wp\/v2\/product_brand?post=33980"},{"taxonomy":"product_cat","embeddable":true,"href":"https:\/\/kasima.lt\/lv\/wp-json\/wp\/v2\/product_cat?post=33980"},{"taxonomy":"product_tag","embeddable":true,"href":"https:\/\/kasima.lt\/lv\/wp-json\/wp\/v2\/product_tag?post=33980"}],"curies":[{"name":"wp","href":"https:\/\/api.w.org\/{rel}","templated":true}]}}