{"id":33842,"date":"2024-12-23T16:38:23","date_gmt":"2024-12-23T16:38:23","guid":{"rendered":"https:\/\/kasima.lt\/produktas\/asfalto-freza-wirtgen-w200i-2018\/"},"modified":"2025-10-29T13:32:36","modified_gmt":"2025-10-29T13:32:36","slug":"asfalto-freza-wirtgen-w200i-2018","status":"publish","type":"product","link":"https:\/\/kasima.lt\/lv\/produktas\/asfalto-freza-wirtgen-w200i-2018\/","title":{"rendered":"Asfalta fr\u0113z\u0113\u0161anas ma\u0161\u012bna Wirtgen W200i, 2018 gads"},"content":{"rendered":"<p>Lietuv\u0101 neizmantota asfalta fr\u0113z\u0113\u0161anas iek\u0101rta Wirtgen W210i.<br \/>\nRa\u017eo\u0161anas gads 2018.<br \/>\nMoto stundas 2041.<br \/>Dzin\u0113js Cummins 447 kw.<br \/>Ma\u0161\u012bnas svars 27850 kg.<br \/>Fr\u0113z\u0113\u0161anas veltnis FB2200\/HT22\/LA15.<br \/>Fr\u0113z\u0113\u0161anas dzi\u013cums no 0 l\u012bdz 330 mm<br \/>Level Pro vad\u012bbas panelis.<br \/>Spiediena mazg\u0101\u0161anas sist\u0113ma.<br \/>Hidrauliski nolok\u0101ms p\u0101rsegs.<br \/>Papildu svars 1700 kg.<br \/>Salok\u0101ms un hidrauliski groz\u0101ms konveijers.<br \/>VCS vakuuma fr\u0113z\u0113\u0161anas sist\u0113ma.<br \/>Apr\u012bkots ar fr\u0113z\u0113\u0161anas elementu dzes\u0113\u0161anas sist\u0113mu ar \u016bdens s\u016bkni, ko regul\u0113 atkar\u012bb\u0101 no slodzes.<br \/>Hidrauliskais s\u016bknis \u016bdens tvertnes uzpild\u012b\u0161anai.<br \/>Augstspiediena manu\u0101l\u0101 mazg\u0101\u0161anas sist\u0113ma.<br \/>Automatiz\u0113ta fr\u0113z\u0113\u0161anas dzi\u013cuma sist\u0113ma.<br \/>Fr\u012bz\u0113\u0161anas iek\u0101rtas darb\u012bbas parametru monitora kontrole.<\/p>\n<p>Ierosin\u0101t\u0101 ma\u0161\u012bna ir apkalpota 2000 moto stundu laik\u0101.<\/p>\n<p><iframe loading=\"lazy\" title=\"Wirtgen W200i, 2018 for sale! 2000 hours only!\" width=\"1080\" height=\"608\" src=\"https:\/\/www.youtube.com\/embed\/6MFYK4JwhFo?feature=oembed\"  allow=\"accelerometer; autoplay; clipboard-write; encrypted-media; gyroscope; picture-in-picture; web-share\" referrerpolicy=\"strict-origin-when-cross-origin\" allowfullscreen><\/iframe><\/p>\n","protected":false},"excerpt":{"rendered":"<p>Cena bez PVN<\/p>\n<p>Ra\u017eot\u0101js: Wirtgen<br \/>\nModelis: W200i<br \/>\nZvan\u012bt: <a href=\"tel:+37067607071\">+37067607071<\/a><br \/>\nE-pasts: <a href=\"mailto:sales@kasima.lt\">sales@kasima.lt<\/a><\/p>\n","protected":false},"featured_media":33543,"template":"","meta":{"_et_pb_use_builder":"","_et_pb_old_content":"","_et_gb_content_width":"","_monsterinsights_skip_tracking":false,"_monsterinsights_sitenote_active":false,"_monsterinsights_sitenote_note":"","_monsterinsights_sitenote_category":0},"product_brand":[],"product_cat":[208,149],"product_tag":[],"class_list":{"0":"post-33842","1":"product","2":"type-product","3":"status-publish","4":"has-post-thumbnail","6":"product_cat-celu-buvnieciba","7":"product_cat-buvnieciba","9":"first","10":"outofstock","11":"shipping-taxable","12":"product-type-simple"},"aioseo_notices":[],"_links":{"self":[{"href":"https:\/\/kasima.lt\/lv\/wp-json\/wp\/v2\/product\/33842","targetHints":{"allow":["GET"]}}],"collection":[{"href":"https:\/\/kasima.lt\/lv\/wp-json\/wp\/v2\/product"}],"about":[{"href":"https:\/\/kasima.lt\/lv\/wp-json\/wp\/v2\/types\/product"}],"wp:featuredmedia":[{"embeddable":true,"href":"https:\/\/kasima.lt\/lv\/wp-json\/wp\/v2\/media\/33543"}],"wp:attachment":[{"href":"https:\/\/kasima.lt\/lv\/wp-json\/wp\/v2\/media?parent=33842"}],"wp:term":[{"taxonomy":"product_brand","embeddable":true,"href":"https:\/\/kasima.lt\/lv\/wp-json\/wp\/v2\/product_brand?post=33842"},{"taxonomy":"product_cat","embeddable":true,"href":"https:\/\/kasima.lt\/lv\/wp-json\/wp\/v2\/product_cat?post=33842"},{"taxonomy":"product_tag","embeddable":true,"href":"https:\/\/kasima.lt\/lv\/wp-json\/wp\/v2\/product_tag?post=33842"}],"curies":[{"name":"wp","href":"https:\/\/api.w.org\/{rel}","templated":true}]}}