{"id":33528,"date":"2024-12-19T14:14:49","date_gmt":"2024-12-19T14:14:49","guid":{"rendered":"https:\/\/kasima.lt\/produktas\/teleskopinis-krautuvas-caterpillar-th83-2000\/"},"modified":"2025-10-29T13:32:36","modified_gmt":"2025-10-29T13:32:36","slug":"teleskopinis-krautuvas-caterpillar-th83-2000","status":"publish","type":"product","link":"https:\/\/kasima.lt\/lv\/produktas\/teleskopinis-krautuvas-caterpillar-th83-2000\/","title":{"rendered":"Teleskopiskais iekr\u0101v\u0113ji CATERPILLAR TH83, 2000"},"content":{"rendered":"<p>\u013boti k\u0101rt\u012bgs teleskopiskais iekr\u0101v\u0113ji,<br \/>\nLietuv\u0101 netiek izmantots,<\/p>\n<p>Ra\u017eo\u0161anas gads 2000.<br \/>\nMotora stundu skaits 6643,<br \/>\nPacel\u0161anas augstums 13 metri,<br \/>\nCeltsp\u0113ja 3600 kg.,<br \/>\nMotora jauda 81 kw. ,<br \/>\nBrauk\u0161anas \u0101trums 32 km\/h.<br \/>\nAtbalsta k\u0101jas,<br \/>\nHidraulisk\u0101s l\u012bnijas priek\u0161pus\u0113,<br \/>\nPa\u0161masa 10 000 kg.<\/p>\n<p><iframe loading=\"lazy\" title=\"CAT TH83 for sale!\" width=\"1080\" height=\"608\" src=\"https:\/\/www.youtube.com\/embed\/rNEJaS5pT5s?feature=oembed\"  allow=\"accelerometer; autoplay; clipboard-write; encrypted-media; gyroscope; picture-in-picture; web-share\" referrerpolicy=\"strict-origin-when-cross-origin\" allowfullscreen><\/iframe><\/p>\n<p>&nbsp;<\/p>\n<p>&nbsp;<\/p>\n","protected":false},"excerpt":{"rendered":"<p>Cena bez PVN<\/p>\n<p>Ra\u017eot\u0101js: Caterpillar<br \/>\nModelis: TH83<br \/>\nIzsaukums: <a href=\"tel:+37067607071\">+37067607071<\/a><br \/>\nE-pasts: <a href=\"mailto:sales@kasima.lt\">sales@kasima.lt<\/a><\/p>\n","protected":false},"featured_media":33359,"template":"","meta":{"_et_pb_use_builder":"","_et_pb_old_content":"","_et_gb_content_width":"","_monsterinsights_skip_tracking":false,"_monsterinsights_sitenote_active":false,"_monsterinsights_sitenote_note":"","_monsterinsights_sitenote_category":0},"product_brand":[],"product_cat":[149],"product_tag":[],"class_list":{"0":"post-33528","1":"product","2":"type-product","3":"status-publish","4":"has-post-thumbnail","6":"product_cat-buvnieciba","8":"first","9":"outofstock","10":"shipping-taxable","11":"product-type-simple"},"aioseo_notices":[],"_links":{"self":[{"href":"https:\/\/kasima.lt\/lv\/wp-json\/wp\/v2\/product\/33528","targetHints":{"allow":["GET"]}}],"collection":[{"href":"https:\/\/kasima.lt\/lv\/wp-json\/wp\/v2\/product"}],"about":[{"href":"https:\/\/kasima.lt\/lv\/wp-json\/wp\/v2\/types\/product"}],"wp:featuredmedia":[{"embeddable":true,"href":"https:\/\/kasima.lt\/lv\/wp-json\/wp\/v2\/media\/33359"}],"wp:attachment":[{"href":"https:\/\/kasima.lt\/lv\/wp-json\/wp\/v2\/media?parent=33528"}],"wp:term":[{"taxonomy":"product_brand","embeddable":true,"href":"https:\/\/kasima.lt\/lv\/wp-json\/wp\/v2\/product_brand?post=33528"},{"taxonomy":"product_cat","embeddable":true,"href":"https:\/\/kasima.lt\/lv\/wp-json\/wp\/v2\/product_cat?post=33528"},{"taxonomy":"product_tag","embeddable":true,"href":"https:\/\/kasima.lt\/lv\/wp-json\/wp\/v2\/product_tag?post=33528"}],"curies":[{"name":"wp","href":"https:\/\/api.w.org\/{rel}","templated":true}]}}