{"id":33142,"date":"2024-12-13T07:45:50","date_gmt":"2024-12-13T07:45:50","guid":{"rendered":"https:\/\/kasima.lt\/produktas\/kompaktiskas-viksrinis-krautuvas-bobcat-t590\/"},"modified":"2025-10-29T13:32:35","modified_gmt":"2025-10-29T13:32:35","slug":"kompaktiskas-viksrinis-krautuvas-bobcat-t590","status":"publish","type":"product","link":"https:\/\/kasima.lt\/lv\/produktas\/kompaktiskas-viksrinis-krautuvas-bobcat-t590\/","title":{"rendered":"Bobcat T590 kompaktais k\u0101pur\u0137\u0113\u017eu iekr\u0101v\u0113ji"},"content":{"rendered":"<p>Bobcat T590 Compact Track Loader p\u0113c ugunsgr\u0113ka, p\u0101rdots pa da\u013c\u0101m<br \/>Gads: 2022<br \/>Kab\u012bne Piln\u012bb\u0101 izn\u012bcin\u0101ta ugunsgr\u0113k\u0101; nav gl\u0101bjamu sast\u0101vda\u013cu.<br \/>Piedzi\u0146as iek\u0101rtas komponentiem ir neliels nolietojums, tie ir teicam\u0101 meh\u0101nisk\u0101 st\u0101vokl\u012b.<br \/>Bobcat T590 da\u013cas p\u0101rdo\u0161anai  <\/p>\n","protected":false},"excerpt":{"rendered":"<p>Cena bez PVN<\/p>\n<p>Ra\u017eot\u0101js: BOBCAT<br \/>Modelis: T590<br \/>Zvan\u012bt: <a href=\"tel:+37060842988\">+37060842988<\/a><br \/>E-pasts: <a href=\"mailto:usedparts@kasima.lt\">usedparts@kasima.lt<\/a><\/p>\n","protected":false},"featured_media":33133,"template":"","meta":{"_et_pb_use_builder":"","_et_pb_old_content":"","_et_gb_content_width":"","_monsterinsights_skip_tracking":false,"_monsterinsights_sitenote_active":false,"_monsterinsights_sitenote_note":"","_monsterinsights_sitenote_category":0},"product_brand":[],"product_cat":[407,832,609,318,693,452,705,721,745],"product_tag":[],"class_list":{"0":"post-33142","1":"product","2":"type-product","3":"status-publish","4":"has-post-thumbnail","6":"product_cat-bobcat-dalas","7":"product_cat-t590-2022","8":"product_cat-hidrauliskas-sistemas-dalas","9":"product_cat-lietotas-dalas","10":"product_cat-mini-iekraveju-dalas","11":"product_cat-celtniecibas-tehnikas-dalas","12":"product_cat-transmisijas-dalas","13":"product_cat-motora-dalas","14":"product_cat-sasijas-dalas","16":"first","17":"instock","18":"shipping-taxable","19":"product-type-simple"},"aioseo_notices":[],"_links":{"self":[{"href":"https:\/\/kasima.lt\/lv\/wp-json\/wp\/v2\/product\/33142","targetHints":{"allow":["GET"]}}],"collection":[{"href":"https:\/\/kasima.lt\/lv\/wp-json\/wp\/v2\/product"}],"about":[{"href":"https:\/\/kasima.lt\/lv\/wp-json\/wp\/v2\/types\/product"}],"wp:featuredmedia":[{"embeddable":true,"href":"https:\/\/kasima.lt\/lv\/wp-json\/wp\/v2\/media\/33133"}],"wp:attachment":[{"href":"https:\/\/kasima.lt\/lv\/wp-json\/wp\/v2\/media?parent=33142"}],"wp:term":[{"taxonomy":"product_brand","embeddable":true,"href":"https:\/\/kasima.lt\/lv\/wp-json\/wp\/v2\/product_brand?post=33142"},{"taxonomy":"product_cat","embeddable":true,"href":"https:\/\/kasima.lt\/lv\/wp-json\/wp\/v2\/product_cat?post=33142"},{"taxonomy":"product_tag","embeddable":true,"href":"https:\/\/kasima.lt\/lv\/wp-json\/wp\/v2\/product_tag?post=33142"}],"curies":[{"name":"wp","href":"https:\/\/api.w.org\/{rel}","templated":true}]}}