{"id":32345,"date":"2024-12-05T14:45:58","date_gmt":"2024-12-05T14:45:58","guid":{"rendered":"https:\/\/kasima.lt\/produktas\/flutec-hidraulinis-elektromagnetinis-voztuvas\/"},"modified":"2025-10-29T13:32:33","modified_gmt":"2025-10-29T13:32:33","slug":"flutec-hidraulinis-elektromagnetinis-voztuvas","status":"publish","type":"product","link":"https:\/\/kasima.lt\/lv\/produktas\/flutec-hidraulinis-elektromagnetinis-voztuvas\/","title":{"rendered":"Flutec hidrauliskais soleno\u012bda v\u0101rsts"},"content":{"rendered":"<p>Flutec hidrauliskais soleno\u012bda v\u0101rsts ar akumulatoru no ekskavatora Atlas 1604<br \/>Gads: 2003<br \/>Flutec v\u0101rsta komplekts: 3010912<br \/>DMVE-G1\/2-011-50V<br \/>Lietots, piln\u012bb\u0101 funkcion\u0113jo\u0161s<br \/>Pied\u0101v\u0101jam Flutec hidraulisko soleno\u012bda v\u0101rstu ar akumulatoru, kas no\u0146emts no ekskavatora Atlas 1604. \u0160is komponents ir svar\u012bgs prec\u012bzai hidraulisk\u0101s sist\u0113mas kontrolei, uzlabojot \u0161\u0137idruma pl\u016bsmas regul\u0113\u0161anu un ener\u0123ijas uzkr\u0101\u0161anu.<br \/>Pieg\u0101de vis\u0101 pasaul\u0113  <\/p>\n","protected":false},"excerpt":{"rendered":"<p>Cena bez PVN<\/p>\n<p>Ra\u017eot\u0101js: FLUTEC<br \/>Modelis: AT16040032<br \/>Izsaukums: <a href=\"tel:+37060842988\">+37060842988<\/a><br \/>E-pasts: <a href=\"mailto:usedparts@kasima.lt\">usedparts@kasima.lt <\/a><\/p>\n","protected":false},"featured_media":32306,"template":"","meta":{"_et_pb_use_builder":"","_et_pb_old_content":"","_et_gb_content_width":"","_monsterinsights_skip_tracking":false,"_monsterinsights_sitenote_active":false,"_monsterinsights_sitenote_note":"","_monsterinsights_sitenote_category":0},"product_brand":[],"product_cat":[872,484,490,637,633,318,685,452],"product_tag":[],"class_list":{"0":"post-32345","1":"product","2":"type-product","3":"status-publish","4":"has-post-thumbnail","6":"product_cat-1604-2003","7":"product_cat-atlas-dalas","8":"product_cat-elektronikas-dalas","9":"product_cat-spiediena-deveji","10":"product_cat-hidrauliskie-varsti","11":"product_cat-lietotas-dalas","12":"product_cat-ekskavatoru-dalas","13":"product_cat-celtniecibas-tehnikas-dalas","15":"first","16":"instock","17":"shipping-taxable","18":"purchasable","19":"product-type-simple"},"aioseo_notices":[],"_links":{"self":[{"href":"https:\/\/kasima.lt\/lv\/wp-json\/wp\/v2\/product\/32345","targetHints":{"allow":["GET"]}}],"collection":[{"href":"https:\/\/kasima.lt\/lv\/wp-json\/wp\/v2\/product"}],"about":[{"href":"https:\/\/kasima.lt\/lv\/wp-json\/wp\/v2\/types\/product"}],"wp:featuredmedia":[{"embeddable":true,"href":"https:\/\/kasima.lt\/lv\/wp-json\/wp\/v2\/media\/32306"}],"wp:attachment":[{"href":"https:\/\/kasima.lt\/lv\/wp-json\/wp\/v2\/media?parent=32345"}],"wp:term":[{"taxonomy":"product_brand","embeddable":true,"href":"https:\/\/kasima.lt\/lv\/wp-json\/wp\/v2\/product_brand?post=32345"},{"taxonomy":"product_cat","embeddable":true,"href":"https:\/\/kasima.lt\/lv\/wp-json\/wp\/v2\/product_cat?post=32345"},{"taxonomy":"product_tag","embeddable":true,"href":"https:\/\/kasima.lt\/lv\/wp-json\/wp\/v2\/product_tag?post=32345"}],"curies":[{"name":"wp","href":"https:\/\/api.w.org\/{rel}","templated":true}]}}