{"id":31834,"date":"2024-11-20T14:36:48","date_gmt":"2024-11-20T14:36:48","guid":{"rendered":"https:\/\/kasima.lt\/produktas\/mini-krautuvas-bobcat-s650-2016\/"},"modified":"2025-10-29T13:32:31","modified_gmt":"2025-10-29T13:32:31","slug":"mini-krautuvas-bobcat-s650-2016","status":"publish","type":"product","link":"https:\/\/kasima.lt\/lv\/produktas\/mini-krautuvas-bobcat-s650-2016\/","title":{"rendered":"Bobcat S650 sl\u012bdkr\u0101v\u0113ju iekr\u0101v\u0113js, 2016"},"content":{"rendered":"<p>2016. gads, <br \/>Moto stundu skaits 2987, <br \/>Svars 3700 kg. <br \/>Dzin\u0113ja jauda 55 kw., <\/p>\n<p>Lietuv\u0101 netiek ekspluat\u0113ts,<br \/>Kab\u012bnes apsilde,<br \/>Gaisa kondicion\u0113\u0161ana,<br \/>2 \u0101trumi,<br \/>Augstas pl\u016bsmas sist\u0113ma,<br \/>Aizmugures skata kamera,<br \/>Papildu svars,<\/p>\n<p>Papildu inform\u0101cija pa t\u0101lruni<\/p>\n","protected":false},"excerpt":{"rendered":"<p>Cena bez PVN<\/p>\n<p>Ra\u017eot\u0101js:BOBCAT<br \/>Modelis: S650<br \/>Zvan\u012bt: <a href=\"tel:+37067607071\">+37067607071<\/a><br \/>E-pasts: <a href=\"mailto:sales@kasima.lt\">sales@kasima.lt <\/a><\/p>\n","protected":false},"featured_media":31740,"template":"","meta":{"_et_pb_use_builder":"","_et_pb_old_content":"","_et_gb_content_width":"","_monsterinsights_skip_tracking":false,"_monsterinsights_sitenote_active":false,"_monsterinsights_sitenote_note":"","_monsterinsights_sitenote_category":0},"product_brand":[],"product_cat":[149],"product_tag":[],"class_list":{"0":"post-31834","1":"product","2":"type-product","3":"status-publish","4":"has-post-thumbnail","6":"product_cat-buvnieciba","8":"first","9":"outofstock","10":"shipping-taxable","11":"product-type-simple"},"aioseo_notices":[],"_links":{"self":[{"href":"https:\/\/kasima.lt\/lv\/wp-json\/wp\/v2\/product\/31834","targetHints":{"allow":["GET"]}}],"collection":[{"href":"https:\/\/kasima.lt\/lv\/wp-json\/wp\/v2\/product"}],"about":[{"href":"https:\/\/kasima.lt\/lv\/wp-json\/wp\/v2\/types\/product"}],"wp:featuredmedia":[{"embeddable":true,"href":"https:\/\/kasima.lt\/lv\/wp-json\/wp\/v2\/media\/31740"}],"wp:attachment":[{"href":"https:\/\/kasima.lt\/lv\/wp-json\/wp\/v2\/media?parent=31834"}],"wp:term":[{"taxonomy":"product_brand","embeddable":true,"href":"https:\/\/kasima.lt\/lv\/wp-json\/wp\/v2\/product_brand?post=31834"},{"taxonomy":"product_cat","embeddable":true,"href":"https:\/\/kasima.lt\/lv\/wp-json\/wp\/v2\/product_cat?post=31834"},{"taxonomy":"product_tag","embeddable":true,"href":"https:\/\/kasima.lt\/lv\/wp-json\/wp\/v2\/product_tag?post=31834"}],"curies":[{"name":"wp","href":"https:\/\/api.w.org\/{rel}","templated":true}]}}