{"id":31060,"date":"2024-10-30T14:17:07","date_gmt":"2024-10-30T12:17:07","guid":{"rendered":"https:\/\/kasima.lt\/produktas\/naudotas-komatsu-pw160-pasukimo-ziedas\/"},"modified":"2025-10-29T13:32:29","modified_gmt":"2025-10-29T13:32:29","slug":"naudotas-komatsu-pw160-pasukimo-ziedas","status":"publish","type":"product","link":"https:\/\/kasima.lt\/lv\/produktas\/naudotas-komatsu-pw160-pasukimo-ziedas\/","title":{"rendered":"Lietots Komatsu PW160 rot\u0113jo\u0161ais gredzens"},"content":{"rendered":"<p>\u0160is ir lietots \u0161\u016bpo\u013cu gredzens 2007. gada Komatsu PW160-7 rite\u0146ekskavatoram, kas paredz\u0113ts, lai atbalst\u012btu aug\u0161\u0113j\u0101s konstrukcijas rot\u0101ciju un nodro\u0161in\u0101tu vienm\u0113r\u012bgu, prec\u012bzu un uzticamu ekskavatora darb\u012bbu.<br \/>Specifik\u0101cijas:<br \/>Deta\u013cas numurs: 20G-25-31101<br \/>Sader\u012bgais modelis: Komatsu PW160, var der\u0113t ar\u012b citiem Komatsu PW s\u0113rijas mode\u013ciem ar l\u012bdz\u012bgiem groz\u0101m\u0101 gredzena izm\u0113riem un pras\u012bb\u0101m, tom\u0113r ieteicams p\u0101rbaud\u012bt konkr\u0113t\u0101 mode\u013ca specifik\u0101ciju.<br \/>Lietots, piln\u012bb\u0101 funkcion\u0101ls, ar standarta nolietojuma paz\u012bm\u0113m, struktur\u0101li neskarts, lai nodro\u0161in\u0101tu nep\u0101rtrauktu darb\u012bbu.    <\/p>\n","protected":false},"excerpt":{"rendered":"<p>Cena bez PVN <\/p>\n<p>Ra\u017eot\u0101js:Komatsu<br \/>Modelis:PW16070040<br \/>Izsaukums: <a href=\"tel:+37060842988\">+37060842988<\/a><br \/>E-pasts: <a href=\"mailto:usedparts@kasima.lt\">usedparts@kasima.lt<\/a><\/p>\n","protected":false},"featured_media":31036,"template":"","meta":{"_et_pb_use_builder":"","_et_pb_old_content":"","_et_gb_content_width":"","_monsterinsights_skip_tracking":false,"_monsterinsights_sitenote_active":false,"_monsterinsights_sitenote_note":"","_monsterinsights_sitenote_category":0},"product_brand":[],"product_cat":[897,481,318,452,757],"product_tag":[],"class_list":{"0":"post-31060","1":"product","2":"type-product","3":"status-publish","4":"has-post-thumbnail","6":"product_cat-pw160-7-2007","7":"product_cat-komatsu-dalas","8":"product_cat-lietotas-dalas","9":"product_cat-celtniecibas-tehnikas-dalas","10":"product_cat-pagrieziena-sistemas-dalas","12":"first","13":"instock","14":"shipping-taxable","15":"purchasable","16":"product-type-simple"},"aioseo_notices":[],"_links":{"self":[{"href":"https:\/\/kasima.lt\/lv\/wp-json\/wp\/v2\/product\/31060","targetHints":{"allow":["GET"]}}],"collection":[{"href":"https:\/\/kasima.lt\/lv\/wp-json\/wp\/v2\/product"}],"about":[{"href":"https:\/\/kasima.lt\/lv\/wp-json\/wp\/v2\/types\/product"}],"wp:featuredmedia":[{"embeddable":true,"href":"https:\/\/kasima.lt\/lv\/wp-json\/wp\/v2\/media\/31036"}],"wp:attachment":[{"href":"https:\/\/kasima.lt\/lv\/wp-json\/wp\/v2\/media?parent=31060"}],"wp:term":[{"taxonomy":"product_brand","embeddable":true,"href":"https:\/\/kasima.lt\/lv\/wp-json\/wp\/v2\/product_brand?post=31060"},{"taxonomy":"product_cat","embeddable":true,"href":"https:\/\/kasima.lt\/lv\/wp-json\/wp\/v2\/product_cat?post=31060"},{"taxonomy":"product_tag","embeddable":true,"href":"https:\/\/kasima.lt\/lv\/wp-json\/wp\/v2\/product_tag?post=31060"}],"curies":[{"name":"wp","href":"https:\/\/api.w.org\/{rel}","templated":true}]}}