{"id":30760,"date":"2024-10-18T12:07:25","date_gmt":"2024-10-18T12:07:25","guid":{"rendered":"https:\/\/kasima.lt\/produktas\/sarnyrinis-savivartis-doosan-da40\/"},"modified":"2025-10-29T13:32:28","modified_gmt":"2025-10-29T13:32:28","slug":"sarnyrinis-savivartis-doosan-da40","status":"publish","type":"product","link":"https:\/\/kasima.lt\/lv\/produktas\/sarnyrinis-savivartis-doosan-da40\/","title":{"rendered":"Artikul\u0113tie pa\u0161izg\u0101z\u0113ji Doosan DA 40"},"content":{"rendered":"<p>Artikul\u0113tie pa\u0161izg\u0101z\u0113ji Doosan DA40<br \/>\n\u013boti laba st\u0101vok\u013ca \u0161arn\u012brveida pa\u0161izg\u0101z\u0113js &#8211; pa\u0161izg\u0101z\u0113js<br \/>\nRa\u017eo\u0161anas gads 2018<br \/>\nDzin\u0113js Scania 360 kw.<br \/>\nMotora darba laiks 10 337<br \/>\nCeltsp\u0113ja 40 tonnas<br \/>\nCentr\u0101l\u0101 e\u013c\u013co\u0161ana<br \/>\nAutonom\u0101 apkure<br \/>\nVideokamera <br \/>Aizmugur\u0113j\u0101s durvis<\/p>\n","protected":false},"excerpt":{"rendered":"<p>Cena bez PVN<\/p>\n<p>Ra\u017eot\u0101js: DOOSAN<br \/>\nModelis:DA40<br \/>\nZvans:<a href=\"tel:+37067607071\">+37067607071<\/a><br \/>\nE-pasts: <a href=\"mailto:sales@kasima.lt\">sales@kasima.lt<\/a><\/p>\n","protected":false},"featured_media":30726,"template":"","meta":{"_et_pb_use_builder":"","_et_pb_old_content":"","_et_gb_content_width":"","_monsterinsights_skip_tracking":false,"_monsterinsights_sitenote_active":false,"_monsterinsights_sitenote_note":"","_monsterinsights_sitenote_category":0},"product_brand":[],"product_cat":[149],"product_tag":[],"class_list":{"0":"post-30760","1":"product","2":"type-product","3":"status-publish","4":"has-post-thumbnail","6":"product_cat-buvnieciba","8":"first","9":"outofstock","10":"shipping-taxable","11":"product-type-simple"},"aioseo_notices":[],"_links":{"self":[{"href":"https:\/\/kasima.lt\/lv\/wp-json\/wp\/v2\/product\/30760","targetHints":{"allow":["GET"]}}],"collection":[{"href":"https:\/\/kasima.lt\/lv\/wp-json\/wp\/v2\/product"}],"about":[{"href":"https:\/\/kasima.lt\/lv\/wp-json\/wp\/v2\/types\/product"}],"wp:featuredmedia":[{"embeddable":true,"href":"https:\/\/kasima.lt\/lv\/wp-json\/wp\/v2\/media\/30726"}],"wp:attachment":[{"href":"https:\/\/kasima.lt\/lv\/wp-json\/wp\/v2\/media?parent=30760"}],"wp:term":[{"taxonomy":"product_brand","embeddable":true,"href":"https:\/\/kasima.lt\/lv\/wp-json\/wp\/v2\/product_brand?post=30760"},{"taxonomy":"product_cat","embeddable":true,"href":"https:\/\/kasima.lt\/lv\/wp-json\/wp\/v2\/product_cat?post=30760"},{"taxonomy":"product_tag","embeddable":true,"href":"https:\/\/kasima.lt\/lv\/wp-json\/wp\/v2\/product_tag?post=30760"}],"curies":[{"name":"wp","href":"https:\/\/api.w.org\/{rel}","templated":true}]}}