{"id":30575,"date":"2024-10-18T11:41:46","date_gmt":"2024-10-18T11:41:46","guid":{"rendered":"https:\/\/kasima.lt\/produktas\/naudotas-volvo-ew160b-priekinis-aptarnavimo-gaubtas\/"},"modified":"2025-10-29T13:32:28","modified_gmt":"2025-10-29T13:32:28","slug":"naudotas-volvo-ew160b-priekinis-aptarnavimo-gaubtas","status":"publish","type":"product","link":"https:\/\/kasima.lt\/lv\/produktas\/naudotas-volvo-ew160b-priekinis-aptarnavimo-gaubtas\/","title":{"rendered":"Lietots Volvo EW160B priek\u0161\u0113jais servisa p\u0101rsegs"},"content":{"rendered":"<p>Lietots Volvo EW160B priek\u0161\u0113jais servisa p\u0101rsegs<br \/>Mums ir pieejams lietots priek\u0161\u0113jais apkopes p\u0101rsegs no Volvo EW160B ekskavatora ar da\u013cas numuru VOE14375374. \u0160\u012b deta\u013ca nodro\u0161ina b\u016btisku aizsardz\u012bbu j\u016bsu ma\u0161\u012bnas priek\u0161\u0113jiem komponentiem, vienlaikus nodro\u0161inot vieglu piek\u013cuvi apkopei.<br \/>St\u0101voklis: lietots<br \/>Deta\u013cas numurs:VOE14375374<br \/>Materi\u0101ls: Augstas kvalit\u0101tes, iztur\u012bga konstrukcija, kas izstr\u0101d\u0101ta, lai iztur\u0113tu smagus darba apst\u0101k\u013cus.  <\/p>\n","protected":false},"excerpt":{"rendered":"<p>Cena bez PVN<\/p>\n<p>Ra\u017eot\u0101js:VOLVO<br \/>Modelis:EW160B0057<br \/>Zvans:<a href=\"tel:+37060842988\">+37060842988<\/a><br \/>E-pasts: <a href=\"mailto:usedparts@kasima.lt\">usedparts@kasima.lt<\/a><\/p>\n","protected":false},"featured_media":30551,"template":"","meta":{"_et_pb_use_builder":"","_et_pb_old_content":"","_et_gb_content_width":"","_monsterinsights_skip_tracking":false,"_monsterinsights_sitenote_active":false,"_monsterinsights_sitenote_note":"","_monsterinsights_sitenote_category":0},"product_brand":[],"product_cat":[398,817,653,318,685,452],"product_tag":[],"class_list":{"0":"post-30575","1":"product","2":"type-product","3":"status-publish","4":"has-post-thumbnail","6":"product_cat-volvo-dalas","7":"product_cat-ew160b","8":"product_cat-motora-un-sanu-parsegi","9":"product_cat-lietotas-dalas","10":"product_cat-ekskavatoru-dalas","11":"product_cat-celtniecibas-tehnikas-dalas","13":"first","14":"instock","15":"shipping-taxable","16":"purchasable","17":"product-type-simple"},"aioseo_notices":[],"_links":{"self":[{"href":"https:\/\/kasima.lt\/lv\/wp-json\/wp\/v2\/product\/30575","targetHints":{"allow":["GET"]}}],"collection":[{"href":"https:\/\/kasima.lt\/lv\/wp-json\/wp\/v2\/product"}],"about":[{"href":"https:\/\/kasima.lt\/lv\/wp-json\/wp\/v2\/types\/product"}],"wp:featuredmedia":[{"embeddable":true,"href":"https:\/\/kasima.lt\/lv\/wp-json\/wp\/v2\/media\/30551"}],"wp:attachment":[{"href":"https:\/\/kasima.lt\/lv\/wp-json\/wp\/v2\/media?parent=30575"}],"wp:term":[{"taxonomy":"product_brand","embeddable":true,"href":"https:\/\/kasima.lt\/lv\/wp-json\/wp\/v2\/product_brand?post=30575"},{"taxonomy":"product_cat","embeddable":true,"href":"https:\/\/kasima.lt\/lv\/wp-json\/wp\/v2\/product_cat?post=30575"},{"taxonomy":"product_tag","embeddable":true,"href":"https:\/\/kasima.lt\/lv\/wp-json\/wp\/v2\/product_tag?post=30575"}],"curies":[{"name":"wp","href":"https:\/\/api.w.org\/{rel}","templated":true}]}}