{"id":30385,"date":"2024-10-15T07:49:26","date_gmt":"2024-10-15T07:49:26","guid":{"rendered":"https:\/\/kasima.lt\/produktas\/hidraulinis-plaktukas-ksm-attachments-ksh200-su-priekiniu-uzkabinimu\/"},"modified":"2026-01-15T09:25:41","modified_gmt":"2026-01-15T09:25:41","slug":"hidraulinis-plaktukas-ksm-attachments-ksh200-su-priekiniu-uzkabinimu","status":"publish","type":"product","link":"https:\/\/kasima.lt\/lv\/produktas\/hidraulinis-plaktukas-ksm-attachments-ksh200-su-priekiniu-uzkabinimu\/","title":{"rendered":"Hidrauliskais \u0101murs KSM Attachments KSH200 ar priek\u0161\u0113jo \u0101\u0137i"},"content":{"rendered":"<p>Priek\u0161\u0113j\u0101 \u0101\u0137a funkcija<br \/>Hidraulisk\u0101 \u0101mura svars: 200 kg<br \/>Darba e\u013c\u013cas pl\u016bsma: 20 &#8211; 30 ltr\/min.<br \/>Darba e\u013c\u013cas spiediens: 90 &#8211; 120 bar.<br \/>Trieciena bie\u017eums: 500 &#8211; 1000 sitieni min\u016bt\u0113;<br \/>Kalta diametrs: 45 mm<br \/>Hidraulisk\u0101s \u0161\u013c\u016btenes diametrs: 1\/2<br \/>Hidraulisk\u0101 \u0161\u013c\u016btene un apkopes instrumentu komplekts iek\u013cauts komplekt\u0101<\/p>\n<p>Hidrauliskais \u0101murs betona, dzelzsbetona konstrukciju, sasalu\u0161as zemes, asfalta lau\u0161anai. To var izmantot ar\u012b cietu materi\u0101lu, piem\u0113ram, akme\u0146u vai ie\u017eu, lau\u0161anai un drupin\u0101\u0161anai, un tas ir piem\u0113rots nelielu p\u0101\u013cu kal\u0161anai. KSH 200 lau\u0161anas jauda ir nep\u0101rsp\u0113jama ar rokas \u0101muru un iev\u0113rojami atvieglo darbu, savuk\u0101rt priek\u0161\u0113j\u0101 \u0101\u0137a funkcija padara hidraulisko kaltu v\u0113l univers\u0101l\u0101ku. <br \/>Norv\u0113\u0123u z\u012bmols KSM Attachments nodro\u0161ina izcilu cenas un kvalit\u0101tes attiec\u012bbu. <br \/>12 m\u0113ne\u0161u garantija pret r\u016bpn\u012bcas defektiem <br \/>SIA KASIMA nodro\u0161ina garantijas un p\u0113cgarantijas apkalpo\u0161anu<\/p>\n<p>Preces ir m\u016bsu noliktav\u0101, t\u0101p\u0113c j\u016bs varat ierasties un apskat\u012bt t\u0101s kl\u0101tien\u0113. <br \/>\u0100tra pieg\u0101de uz j\u016bsu nor\u0101d\u012bto adresi.   <\/p>\n","protected":false},"excerpt":{"rendered":"<p>Cena bez PVN<\/p>\n<p>Ra\u017eot\u0101js: KSM Attachments<br \/>\nModelis:KSH200 priek\u0161\u0113j\u0101 pl\u0101ksne<br \/>\nZvans: <a href=\"tel:+37067607071\">+37067607071<\/a><br \/>\nE-pasts: <a href=\"mailto:sales@kasima.lt\">sales@kasima.lt<\/a><\/p>\n","protected":false},"featured_media":89109,"template":"","meta":{"_et_pb_use_builder":"","_et_pb_old_content":"","_et_gb_content_width":"","_monsterinsights_skip_tracking":false,"_monsterinsights_sitenote_active":false,"_monsterinsights_sitenote_note":"","_monsterinsights_sitenote_category":0},"product_brand":[],"product_cat":[153,154,155,228,185,151],"product_tag":[],"class_list":{"0":"post-30385","1":"product","2":"type-product","3":"status-publish","4":"has-post-thumbnail","6":"product_cat-15-3-tonnas","7":"product_cat-3-5-tonnas","8":"product_cat-jauns","9":"product_cat-hidrauliskie-amuri","10":"product_cat-ekskavators","11":"product_cat-mini-iekraveji","13":"first","14":"onbackorder","15":"shipping-taxable","16":"product-type-simple"},"aioseo_notices":[],"_links":{"self":[{"href":"https:\/\/kasima.lt\/lv\/wp-json\/wp\/v2\/product\/30385","targetHints":{"allow":["GET"]}}],"collection":[{"href":"https:\/\/kasima.lt\/lv\/wp-json\/wp\/v2\/product"}],"about":[{"href":"https:\/\/kasima.lt\/lv\/wp-json\/wp\/v2\/types\/product"}],"wp:featuredmedia":[{"embeddable":true,"href":"https:\/\/kasima.lt\/lv\/wp-json\/wp\/v2\/media\/89109"}],"wp:attachment":[{"href":"https:\/\/kasima.lt\/lv\/wp-json\/wp\/v2\/media?parent=30385"}],"wp:term":[{"taxonomy":"product_brand","embeddable":true,"href":"https:\/\/kasima.lt\/lv\/wp-json\/wp\/v2\/product_brand?post=30385"},{"taxonomy":"product_cat","embeddable":true,"href":"https:\/\/kasima.lt\/lv\/wp-json\/wp\/v2\/product_cat?post=30385"},{"taxonomy":"product_tag","embeddable":true,"href":"https:\/\/kasima.lt\/lv\/wp-json\/wp\/v2\/product_tag?post=30385"}],"curies":[{"name":"wp","href":"https:\/\/api.w.org\/{rel}","templated":true}]}}