{"id":30280,"date":"2024-10-15T07:35:16","date_gmt":"2024-10-15T07:35:16","guid":{"rendered":"https:\/\/kasima.lt\/produktas\/hidraulinis-plaktukas-ksm-attachments-ksh120\/"},"modified":"2026-01-15T09:37:30","modified_gmt":"2026-01-15T09:37:30","slug":"hidraulinis-plaktukas-ksm-attachments-ksh120","status":"publish","type":"product","link":"https:\/\/kasima.lt\/lv\/produktas\/hidraulinis-plaktukas-ksm-attachments-ksh120\/","title":{"rendered":"Hidrauliskais \u0101murs KSM Pielikumi KSH120"},"content":{"rendered":"<p>Hidraulisk\u0101 \u0101mura svars: 125 kg.<br \/>\nDarba e\u013c\u013cas pl\u016bsma: 14 &#8211; 25 l\/min.<br \/>\nDarba e\u013c\u013cas spiediens: 80 &#8211; 120 bar.<br \/>\nTriecienu bie\u017eums: 500 &#8211; 1000 sitieni min\u016bt\u0113;<br \/>\nKalta diametrs: 35 mm<br \/>\nHidraulisk\u0101s \u0161\u013c\u016btenes diametrs: 1\/2<br \/>\nHidraulisk\u0101 \u0161\u013c\u016btene un apkopes instrumentu komplekts iek\u013cauts komplekt\u0101.<\/p>\n<p>Hidrauliskais \u0101murs betona, dzelzsbetona konstrukciju, sasalu\u0161as zemes, asfalta lau\u0161anai. To var izmantot ar\u012b cietu materi\u0101lu, piem\u0113ram, akme\u0146u vai ie\u017eu, sadal\u012b\u0161anai un drupin\u0101\u0161anai, un tas ir piem\u0113rots nelielu p\u0101\u013cu kal\u0161anai. KSH 120 lau\u0161anas jauda ir nep\u0101rsp\u0113jama ar rokas \u0101muru un iev\u0113rojami atvieglo darbu.<br \/>\nNorv\u0113\u0123u z\u012bmols KSM Attachments nodro\u0161ina izcilu cenas un kvalit\u0101tes attiec\u012bbu.<br \/>\nM\u0113s pied\u0101v\u0101jam 12 m\u0113ne\u0161u garantiju pret r\u016bpn\u012bcas defektiem.<br \/>\nSIA KASIMA nodro\u0161ina p\u0113cp\u0101rdo\u0161anas un p\u0113cgarantijas servisu.<\/p>\n<p>Preces ir m\u016bsu noliktav\u0101, t\u0101p\u0113c j\u016bs varat ierasties un apskat\u012bt t\u0101s kl\u0101tien\u0113.<br \/>\n\u0100tra pieg\u0101de uz j\u016bsu nor\u0101d\u012bto adresi.<\/p>\n","protected":false},"excerpt":{"rendered":"<p>Cena bez PVN<\/p>\n<p>Ra\u017eot\u0101js: KSM Attachments<br \/>\nModelis:KSH120<br \/>\nZvans:\u00a0<a href=\"tel:+37067607071\">+37067607071<\/a><br \/>\nE-pasts:\u00a0<a href=\"mailto:sales@kasima.lt\">sales@kasima.lt<\/a><\/p>\n","protected":false},"featured_media":89953,"template":"","meta":{"_et_pb_use_builder":"off","_et_pb_old_content":"Hidraulisk\u0101 \u0101mura svars: 125 kg.\r\nDarba e\u013c\u013cas pl\u016bsma: 14 - 25 l\/min.\r\nDarba e\u013c\u013cas spiediens: 80 - 120 bar.\r\nTriecienu bie\u017eums: 500 - 1000 sitieni min\u016bt\u0113;\r\nKalta diametrs: 35 mm\r\nHidraulisk\u0101s \u0161\u013c\u016btenes diametrs: 1\/2\r\nHidraulisk\u0101 \u0161\u013c\u016btene un apkopes instrumentu komplekts iek\u013cauts komplekt\u0101.\r\n\r\nHidrauliskais \u0101murs betona, dzelzsbetona konstrukciju, sasalu\u0161as zemes, asfalta lau\u0161anai. To var izmantot ar\u012b cietu materi\u0101lu, piem\u0113ram, akme\u0146u vai ie\u017eu, sadal\u012b\u0161anai un drupin\u0101\u0161anai, un tas ir piem\u0113rots nelielu p\u0101\u013cu kal\u0161anai. KSH 120 lau\u0161anas jauda ir nep\u0101rsp\u0113jama ar rokas \u0101muru un iev\u0113rojami atvieglo darbu.\r\nNorv\u0113\u0123u z\u012bmols KSM Attachments nodro\u0161ina izcilu cenas un kvalit\u0101tes attiec\u012bbu.\r\nM\u0113s pied\u0101v\u0101jam 12 m\u0113ne\u0161u garantiju pret r\u016bpn\u012bcas defektiem.\r\nSIA KASIMA nodro\u0161ina p\u0113cp\u0101rdo\u0161anas un p\u0113cgarantijas servisu.\r\n\r\nPreces ir m\u016bsu noliktav\u0101, t\u0101p\u0113c j\u016bs varat ierasties un apskat\u012bt t\u0101s kl\u0101tien\u0113.\r\n\u0100tra pieg\u0101de uz j\u016bsu nor\u0101d\u012bto adresi.","_et_gb_content_width":"","_monsterinsights_skip_tracking":false,"_monsterinsights_sitenote_active":false,"_monsterinsights_sitenote_note":"","_monsterinsights_sitenote_category":0},"product_brand":[],"product_cat":[294,153,155,228,185,211],"product_tag":[],"class_list":{"0":"post-30280","1":"product","2":"type-product","3":"status-publish","4":"has-post-thumbnail","6":"product_cat-lidz-15-tonnam","7":"product_cat-15-3-tonnas","8":"product_cat-jauns","9":"product_cat-hidrauliskie-amuri","10":"product_cat-ekskavators","11":"product_cat-ritenu-iekraveji","13":"first","14":"instock","15":"shipping-taxable","16":"purchasable","17":"product-type-simple"},"aioseo_notices":[],"_links":{"self":[{"href":"https:\/\/kasima.lt\/lv\/wp-json\/wp\/v2\/product\/30280","targetHints":{"allow":["GET"]}}],"collection":[{"href":"https:\/\/kasima.lt\/lv\/wp-json\/wp\/v2\/product"}],"about":[{"href":"https:\/\/kasima.lt\/lv\/wp-json\/wp\/v2\/types\/product"}],"wp:featuredmedia":[{"embeddable":true,"href":"https:\/\/kasima.lt\/lv\/wp-json\/wp\/v2\/media\/89953"}],"wp:attachment":[{"href":"https:\/\/kasima.lt\/lv\/wp-json\/wp\/v2\/media?parent=30280"}],"wp:term":[{"taxonomy":"product_brand","embeddable":true,"href":"https:\/\/kasima.lt\/lv\/wp-json\/wp\/v2\/product_brand?post=30280"},{"taxonomy":"product_cat","embeddable":true,"href":"https:\/\/kasima.lt\/lv\/wp-json\/wp\/v2\/product_cat?post=30280"},{"taxonomy":"product_tag","embeddable":true,"href":"https:\/\/kasima.lt\/lv\/wp-json\/wp\/v2\/product_tag?post=30280"}],"curies":[{"name":"wp","href":"https:\/\/api.w.org\/{rel}","templated":true}]}}