{"id":29665,"date":"2024-10-09T07:12:55","date_gmt":"2024-10-09T07:12:55","guid":{"rendered":"https:\/\/kasima.lt\/produktas\/volvo-desines-puses-panele-su-jungikliais\/"},"modified":"2025-10-29T13:32:23","modified_gmt":"2025-10-29T13:32:23","slug":"volvo-desines-puses-panele-su-jungikliais","status":"publish","type":"product","link":"https:\/\/kasima.lt\/lv\/produktas\/volvo-desines-puses-panele-su-jungikliais\/","title":{"rendered":"Volvo lab\u0101s puses panelis ar sl\u0113d\u017eiem"},"content":{"rendered":"<p>Volvo lab\u0101s puses panelis ar sl\u0113d\u017eiem<br \/>Ra\u017eot\u0101ja da\u013cas numurs: VOE14376008<\/p>\n","protected":false},"excerpt":{"rendered":"<p>Cena bez PVN<\/p>\n<p>Ra\u017eot\u0101js: VOLVO<br \/>Modelis: KND0071<br \/>Zvaniet mums: <a href=\"tel:+37060842988\">+37060842988<\/a><br \/>E-pasts: <a href=\"mailto:usedparts@kasima.lt\">usedparts@kasima.lt<\/a><\/p>\n","protected":false},"featured_media":29656,"template":"","meta":{"_et_pb_use_builder":"","_et_pb_old_content":"","_et_gb_content_width":"","_monsterinsights_skip_tracking":false,"_monsterinsights_sitenote_active":false,"_monsterinsights_sitenote_note":"","_monsterinsights_sitenote_category":0},"product_brand":[],"product_cat":[922,398,817,490,645,318,685,452],"product_tag":[],"class_list":{"0":"post-29665","1":"product","2":"type-product","3":"status-publish","4":"has-post-thumbnail","6":"product_cat-citas-elektroniskas-detalas","7":"product_cat-volvo-dalas","8":"product_cat-ew160b","9":"product_cat-elektronikas-dalas","10":"product_cat-kabines-un-to-dalas","11":"product_cat-lietotas-dalas","12":"product_cat-ekskavatoru-dalas","13":"product_cat-celtniecibas-tehnikas-dalas","15":"first","16":"instock","17":"shipping-taxable","18":"purchasable","19":"product-type-simple"},"aioseo_notices":[],"_links":{"self":[{"href":"https:\/\/kasima.lt\/lv\/wp-json\/wp\/v2\/product\/29665","targetHints":{"allow":["GET"]}}],"collection":[{"href":"https:\/\/kasima.lt\/lv\/wp-json\/wp\/v2\/product"}],"about":[{"href":"https:\/\/kasima.lt\/lv\/wp-json\/wp\/v2\/types\/product"}],"wp:featuredmedia":[{"embeddable":true,"href":"https:\/\/kasima.lt\/lv\/wp-json\/wp\/v2\/media\/29656"}],"wp:attachment":[{"href":"https:\/\/kasima.lt\/lv\/wp-json\/wp\/v2\/media?parent=29665"}],"wp:term":[{"taxonomy":"product_brand","embeddable":true,"href":"https:\/\/kasima.lt\/lv\/wp-json\/wp\/v2\/product_brand?post=29665"},{"taxonomy":"product_cat","embeddable":true,"href":"https:\/\/kasima.lt\/lv\/wp-json\/wp\/v2\/product_cat?post=29665"},{"taxonomy":"product_tag","embeddable":true,"href":"https:\/\/kasima.lt\/lv\/wp-json\/wp\/v2\/product_tag?post=29665"}],"curies":[{"name":"wp","href":"https:\/\/api.w.org\/{rel}","templated":true}]}}