{"id":29007,"date":"2024-09-26T12:34:11","date_gmt":"2024-09-26T12:34:11","guid":{"rendered":"https:\/\/kasima.lt\/produktas\/komatsu-pw160-7-variklio-oro-filtro-korpusas\/"},"modified":"2025-10-29T13:31:54","modified_gmt":"2025-10-29T13:31:54","slug":"komatsu-pw160-7-variklio-oro-filtro-korpusas","status":"publish","type":"product","link":"https:\/\/kasima.lt\/lv\/produktas\/komatsu-pw160-7-variklio-oro-filtro-korpusas\/","title":{"rendered":"Komatsu PW160-7 motora gaisa filtra korpuss"},"content":{"rendered":"<p>Komatsu PW160-7 motora gaisa filtra korpuss<br \/>Ra\u017eot\u0101ja da\u013cas numurs: 6737-81-7110<\/p>\n","protected":false},"excerpt":{"rendered":"<p>Cena bez PVN<\/p>\n<p>Ra\u017eot\u0101js: Komatsu<br \/>Modelis: PW16070045<br \/>Zvaniet mums:<a href=\"tel:+37060842988\"> +37060842988<\/a><br \/>E-pasts: <a href=\"mailto:usedparts@kasima.lt\">usedparts@kasima.lt<\/a><\/p>\n","protected":false},"featured_media":28998,"template":"","meta":{"_et_pb_use_builder":"","_et_pb_old_content":"","_et_gb_content_width":"","_monsterinsights_skip_tracking":false,"_monsterinsights_sitenote_active":false,"_monsterinsights_sitenote_note":"","_monsterinsights_sitenote_category":0},"product_brand":[],"product_cat":[897,927,481,318,685,452,721],"product_tag":[],"class_list":{"0":"post-29007","1":"product","2":"type-product","3":"status-publish","4":"has-post-thumbnail","6":"product_cat-pw160-7-2007","7":"product_cat-skanas-slapetaji-un-gaisa-filtri","8":"product_cat-komatsu-dalas","9":"product_cat-lietotas-dalas","10":"product_cat-ekskavatoru-dalas","11":"product_cat-celtniecibas-tehnikas-dalas","12":"product_cat-motora-dalas","14":"first","15":"instock","16":"shipping-taxable","17":"purchasable","18":"product-type-simple"},"aioseo_notices":[],"_links":{"self":[{"href":"https:\/\/kasima.lt\/lv\/wp-json\/wp\/v2\/product\/29007","targetHints":{"allow":["GET"]}}],"collection":[{"href":"https:\/\/kasima.lt\/lv\/wp-json\/wp\/v2\/product"}],"about":[{"href":"https:\/\/kasima.lt\/lv\/wp-json\/wp\/v2\/types\/product"}],"wp:featuredmedia":[{"embeddable":true,"href":"https:\/\/kasima.lt\/lv\/wp-json\/wp\/v2\/media\/28998"}],"wp:attachment":[{"href":"https:\/\/kasima.lt\/lv\/wp-json\/wp\/v2\/media?parent=29007"}],"wp:term":[{"taxonomy":"product_brand","embeddable":true,"href":"https:\/\/kasima.lt\/lv\/wp-json\/wp\/v2\/product_brand?post=29007"},{"taxonomy":"product_cat","embeddable":true,"href":"https:\/\/kasima.lt\/lv\/wp-json\/wp\/v2\/product_cat?post=29007"},{"taxonomy":"product_tag","embeddable":true,"href":"https:\/\/kasima.lt\/lv\/wp-json\/wp\/v2\/product_tag?post=29007"}],"curies":[{"name":"wp","href":"https:\/\/api.w.org\/{rel}","templated":true}]}}