{"id":28642,"date":"2024-09-23T13:28:38","date_gmt":"2024-09-23T13:28:38","guid":{"rendered":"https:\/\/kasima.lt\/produktas\/komatsu-pw160-7-vairo-hidraulinis-blokas\/"},"modified":"2025-10-29T13:31:51","modified_gmt":"2025-10-29T13:31:51","slug":"komatsu-pw160-7-vairo-hidraulinis-blokas","status":"publish","type":"product","link":"https:\/\/kasima.lt\/lv\/produktas\/komatsu-pw160-7-vairo-hidraulinis-blokas\/","title":{"rendered":"Komatsu PW160-7 st\u016bres hidrauliskais bloks Danfoss"},"content":{"rendered":"<p>Komatsu PW160-7 st\u016bres hidrauliskais bloks Danfoss<br \/>Ra\u017eot\u0101ja da\u013cas kods:<br \/>20G-60-31220<br \/>OSPD 70\/170LS<br \/>150G8161<br \/>396A1119<\/p>\n","protected":false},"excerpt":{"rendered":"<p>Cena bez PVN<\/p>\n<p>Ra\u017eot\u0101js: KOMATSU<br \/>Modelis: PW16070028<br \/>Zvaniet : <a href=\"tel:+37060842988\">+37060842988<\/a><br \/>E-pasts: <a href=\"mailto:usedparts@kasima.lt\">usedparts@kasima.lt<\/a><\/p>\n","protected":false},"featured_media":28633,"template":"","meta":{"_et_pb_use_builder":"","_et_pb_old_content":"","_et_gb_content_width":"","_monsterinsights_skip_tracking":false,"_monsterinsights_sitenote_active":false,"_monsterinsights_sitenote_note":"","_monsterinsights_sitenote_category":0},"product_brand":[],"product_cat":[897,481,609,645,318,685,452,677],"product_tag":[],"class_list":{"0":"post-28642","1":"product","2":"type-product","3":"status-publish","4":"has-post-thumbnail","6":"product_cat-pw160-7-2007","7":"product_cat-komatsu-dalas","8":"product_cat-hidrauliskas-sistemas-dalas","9":"product_cat-kabines-un-to-dalas","10":"product_cat-lietotas-dalas","11":"product_cat-ekskavatoru-dalas","12":"product_cat-celtniecibas-tehnikas-dalas","13":"product_cat-stures-mehanismi","15":"first","16":"instock","17":"shipping-taxable","18":"purchasable","19":"product-type-simple"},"aioseo_notices":[],"_links":{"self":[{"href":"https:\/\/kasima.lt\/lv\/wp-json\/wp\/v2\/product\/28642","targetHints":{"allow":["GET"]}}],"collection":[{"href":"https:\/\/kasima.lt\/lv\/wp-json\/wp\/v2\/product"}],"about":[{"href":"https:\/\/kasima.lt\/lv\/wp-json\/wp\/v2\/types\/product"}],"wp:featuredmedia":[{"embeddable":true,"href":"https:\/\/kasima.lt\/lv\/wp-json\/wp\/v2\/media\/28633"}],"wp:attachment":[{"href":"https:\/\/kasima.lt\/lv\/wp-json\/wp\/v2\/media?parent=28642"}],"wp:term":[{"taxonomy":"product_brand","embeddable":true,"href":"https:\/\/kasima.lt\/lv\/wp-json\/wp\/v2\/product_brand?post=28642"},{"taxonomy":"product_cat","embeddable":true,"href":"https:\/\/kasima.lt\/lv\/wp-json\/wp\/v2\/product_cat?post=28642"},{"taxonomy":"product_tag","embeddable":true,"href":"https:\/\/kasima.lt\/lv\/wp-json\/wp\/v2\/product_tag?post=28642"}],"curies":[{"name":"wp","href":"https:\/\/api.w.org\/{rel}","templated":true}]}}