{"id":28571,"date":"2024-09-23T12:32:05","date_gmt":"2024-09-23T12:32:05","guid":{"rendered":"https:\/\/kasima.lt\/produktas\/komatsu-pw160-7-ikrovos-oro-ausintuvas-interkuleris\/"},"modified":"2025-10-29T13:31:51","modified_gmt":"2025-10-29T13:31:51","slug":"komatsu-pw160-7-ikrovos-oro-ausintuvas-interkuleris","status":"publish","type":"product","link":"https:\/\/kasima.lt\/lv\/produktas\/komatsu-pw160-7-ikrovos-oro-ausintuvas-interkuleris\/","title":{"rendered":"Komatsu PW160-7 uzpildes gaisa dzes\u0113t\u0101js, starpdzes\u0113t\u0101js<br>"},"content":{"rendered":"<p>Komatsu PW160-7 uzpildes gaisa dzes\u0113t\u0101js, starpdzes\u0113t\u0101js<br \/>Ra\u017eot\u0101ja da\u013cas kods:<br \/>20G-03-31102<br \/>02580033200<br \/>02580033100<br \/>02580033000<\/p>\n","protected":false},"excerpt":{"rendered":"<p>Cena bez PVN<\/p>\n<p>Ra\u017eot\u0101js: KOMATSU<br \/>Modelis: PW16070025<br \/>Zvans : <a href=\"tel:+37060842988\">+37060842988<\/a><br \/>E-pasts: <a href=\"mailto:usedparts@kasima.lt\">usedparts@kasima.lt<\/a><\/p>\n","protected":false},"featured_media":28562,"template":"","meta":{"_et_pb_use_builder":"","_et_pb_old_content":"","_et_gb_content_width":"","_monsterinsights_skip_tracking":false,"_monsterinsights_sitenote_active":false,"_monsterinsights_sitenote_note":"","_monsterinsights_sitenote_category":0},"product_brand":[],"product_cat":[897,481,318,685,452,721,807],"product_tag":[],"class_list":{"0":"post-28571","1":"product","2":"type-product","3":"status-publish","4":"has-post-thumbnail","6":"product_cat-pw160-7-2007","7":"product_cat-komatsu-dalas","8":"product_cat-lietotas-dalas","9":"product_cat-ekskavatoru-dalas","10":"product_cat-celtniecibas-tehnikas-dalas","11":"product_cat-motora-dalas","12":"product_cat-dzesesanas-sistemas-un-to-komponenti","14":"first","15":"instock","16":"shipping-taxable","17":"purchasable","18":"product-type-simple"},"aioseo_notices":[],"_links":{"self":[{"href":"https:\/\/kasima.lt\/lv\/wp-json\/wp\/v2\/product\/28571","targetHints":{"allow":["GET"]}}],"collection":[{"href":"https:\/\/kasima.lt\/lv\/wp-json\/wp\/v2\/product"}],"about":[{"href":"https:\/\/kasima.lt\/lv\/wp-json\/wp\/v2\/types\/product"}],"wp:featuredmedia":[{"embeddable":true,"href":"https:\/\/kasima.lt\/lv\/wp-json\/wp\/v2\/media\/28562"}],"wp:attachment":[{"href":"https:\/\/kasima.lt\/lv\/wp-json\/wp\/v2\/media?parent=28571"}],"wp:term":[{"taxonomy":"product_brand","embeddable":true,"href":"https:\/\/kasima.lt\/lv\/wp-json\/wp\/v2\/product_brand?post=28571"},{"taxonomy":"product_cat","embeddable":true,"href":"https:\/\/kasima.lt\/lv\/wp-json\/wp\/v2\/product_cat?post=28571"},{"taxonomy":"product_tag","embeddable":true,"href":"https:\/\/kasima.lt\/lv\/wp-json\/wp\/v2\/product_tag?post=28571"}],"curies":[{"name":"wp","href":"https:\/\/api.w.org\/{rel}","templated":true}]}}