{"id":28487,"date":"2024-09-19T11:10:07","date_gmt":"2024-09-19T11:10:07","guid":{"rendered":"https:\/\/kasima.lt\/produktas\/teleskopinis-krautuvas-dieci-icarus-14-40\/"},"modified":"2025-10-29T13:31:50","modified_gmt":"2025-10-29T13:31:50","slug":"teleskopinis-krautuvas-dieci-icarus-14-40","status":"publish","type":"product","link":"https:\/\/kasima.lt\/lv\/produktas\/teleskopinis-krautuvas-dieci-icarus-14-40\/","title":{"rendered":"Teleskopiskais iekr\u0101v\u0113js Dieci Icarus 40.14"},"content":{"rendered":"<p>Lietuv\u0101 netiek ekspluat\u0113ts <br \/>\u013boti labs st\u0101voklis <\/p>\n<p>Ra\u017eo\u0161anas gads: 2007 <br \/>Motora darba laiks: 2002 <br \/>Celtsp\u0113ja: 4000 kg. <br \/>Pacel\u0161anas augstums: 15,3 metri. <br \/>Brauk\u0161anas \u0101trums: 30 km\/h. <br \/>Dzin\u0113js IVECO <br \/>S\u0101nu stum\u0161ana <br \/><a href=\"https:\/\/www.youtube.com\/watch?v=K3pEOgTRhYMt=1s\">https:\/\/www.youtube.com\/watch?v=K3pEOgTRhYMt=1s<\/a>    <\/p>\n","protected":false},"excerpt":{"rendered":"<p>Cena bez PVN<\/p>\n<p>Ra\u017eot\u0101js: Ra\u017eot\u0101js: Dieci<br \/>Modelis: Ikarus 40.14<br \/>Zvans : <a href=\"tel:+37067607071\">+37067607071<\/a><br \/>E-pasts: <a href=\"mailto:sales@kasima.lt\">sales@kasima.lt<\/a><\/p>\n","protected":false},"featured_media":28328,"template":"","meta":{"_et_pb_use_builder":"","_et_pb_old_content":"","_et_gb_content_width":"","_monsterinsights_skip_tracking":false,"_monsterinsights_sitenote_active":false,"_monsterinsights_sitenote_note":"","_monsterinsights_sitenote_category":0},"product_brand":[],"product_cat":[149],"product_tag":[],"class_list":{"0":"post-28487","1":"product","2":"type-product","3":"status-publish","4":"has-post-thumbnail","6":"product_cat-buvnieciba","8":"first","9":"outofstock","10":"shipping-taxable","11":"product-type-simple"},"aioseo_notices":[],"_links":{"self":[{"href":"https:\/\/kasima.lt\/lv\/wp-json\/wp\/v2\/product\/28487","targetHints":{"allow":["GET"]}}],"collection":[{"href":"https:\/\/kasima.lt\/lv\/wp-json\/wp\/v2\/product"}],"about":[{"href":"https:\/\/kasima.lt\/lv\/wp-json\/wp\/v2\/types\/product"}],"wp:featuredmedia":[{"embeddable":true,"href":"https:\/\/kasima.lt\/lv\/wp-json\/wp\/v2\/media\/28328"}],"wp:attachment":[{"href":"https:\/\/kasima.lt\/lv\/wp-json\/wp\/v2\/media?parent=28487"}],"wp:term":[{"taxonomy":"product_brand","embeddable":true,"href":"https:\/\/kasima.lt\/lv\/wp-json\/wp\/v2\/product_brand?post=28487"},{"taxonomy":"product_cat","embeddable":true,"href":"https:\/\/kasima.lt\/lv\/wp-json\/wp\/v2\/product_cat?post=28487"},{"taxonomy":"product_tag","embeddable":true,"href":"https:\/\/kasima.lt\/lv\/wp-json\/wp\/v2\/product_tag?post=28487"}],"curies":[{"name":"wp","href":"https:\/\/api.w.org\/{rel}","templated":true}]}}