{"id":27906,"date":"2024-09-12T07:04:40","date_gmt":"2024-09-12T07:04:40","guid":{"rendered":"https:\/\/kasima.lt\/produktas\/originalais-bobcat-mini-ekskavatora-disks\/"},"modified":"2025-10-29T13:31:48","modified_gmt":"2025-10-29T13:31:48","slug":"originalais-bobcat-mini-ekskavatora-disks","status":"publish","type":"product","link":"https:\/\/kasima.lt\/lv\/produktas\/originalais-bobcat-mini-ekskavatora-disks\/","title":{"rendered":"Mini autoiekr\u0101v\u0113ja Bobcat ori\u0123in\u0101lais ritenis"},"content":{"rendered":"<p>Mini autoiekr\u0101v\u0113ja Bobcat ori\u0123in\u0101lais 17.5&#215;10.5 disks<br \/>Disks lab\u0101 st\u0101vokl\u012b, nesavots<br \/>Ra\u017eot\u0101ja da\u013cas numurs: 2592205 <\/p>\n","protected":false},"excerpt":{"rendered":"<p>Cena bez PVN<\/p>\n<p>Ra\u017eot\u0101js:BOBCAT<br \/>Modelis:KND0065<br \/>Zvans:<a href=\"tel:+37060842988\">+37060842988<\/a><br \/>E-pasts: <a href=\"mailto:usedparts@kasima.lt\">usedparts@kasima.lt<\/a><\/p>\n","protected":false},"featured_media":27898,"template":"","meta":{"_et_pb_use_builder":"","_et_pb_old_content":"","_et_gb_content_width":"","_monsterinsights_skip_tracking":false,"_monsterinsights_sitenote_active":false,"_monsterinsights_sitenote_note":"","_monsterinsights_sitenote_category":0},"product_brand":[],"product_cat":[407,828,318,669,693,452],"product_tag":[],"class_list":{"0":"post-27906","1":"product","2":"type-product","3":"status-publish","4":"has-post-thumbnail","6":"product_cat-bobcat-dalas","7":"product_cat-s220-2008","8":"product_cat-lietotas-dalas","9":"product_cat-diski","10":"product_cat-mini-iekraveju-dalas","11":"product_cat-celtniecibas-tehnikas-dalas","13":"first","14":"instock","15":"shipping-taxable","16":"purchasable","17":"product-type-simple"},"aioseo_notices":[],"_links":{"self":[{"href":"https:\/\/kasima.lt\/lv\/wp-json\/wp\/v2\/product\/27906","targetHints":{"allow":["GET"]}}],"collection":[{"href":"https:\/\/kasima.lt\/lv\/wp-json\/wp\/v2\/product"}],"about":[{"href":"https:\/\/kasima.lt\/lv\/wp-json\/wp\/v2\/types\/product"}],"wp:featuredmedia":[{"embeddable":true,"href":"https:\/\/kasima.lt\/lv\/wp-json\/wp\/v2\/media\/27898"}],"wp:attachment":[{"href":"https:\/\/kasima.lt\/lv\/wp-json\/wp\/v2\/media?parent=27906"}],"wp:term":[{"taxonomy":"product_brand","embeddable":true,"href":"https:\/\/kasima.lt\/lv\/wp-json\/wp\/v2\/product_brand?post=27906"},{"taxonomy":"product_cat","embeddable":true,"href":"https:\/\/kasima.lt\/lv\/wp-json\/wp\/v2\/product_cat?post=27906"},{"taxonomy":"product_tag","embeddable":true,"href":"https:\/\/kasima.lt\/lv\/wp-json\/wp\/v2\/product_tag?post=27906"}],"curies":[{"name":"wp","href":"https:\/\/api.w.org\/{rel}","templated":true}]}}