{"id":27505,"date":"2024-09-04T06:32:36","date_gmt":"2024-09-04T06:32:36","guid":{"rendered":"https:\/\/kasima.lt\/produktas\/john-deere-6910s-aizmugureja-sakabe\/"},"modified":"2025-10-29T13:31:46","modified_gmt":"2025-10-29T13:31:46","slug":"john-deere-6910s-aizmugureja-sakabe","status":"publish","type":"product","link":"https:\/\/kasima.lt\/lv\/produktas\/john-deere-6910s-aizmugureja-sakabe\/","title":{"rendered":"John Deere 6910S aizmugur\u0113j\u0101 sakabe"},"content":{"rendered":"<p>John Deere 6910S aizmugur\u0113j\u0101 pac\u0113l\u0101ja savienot\u0101js<br \/>Ra\u017eot\u0101ja da\u013cas numurs:<br \/>AL77853<br \/>L200748<br \/>L200758<br \/>L200755 <\/p>\n","protected":false},"excerpt":{"rendered":"<p>Cena bez PVN<\/p>\n<p>Ra\u017eot\u0101js: JOHN DEERE<br \/>Modelis: JD6910S0071<br \/>Zvans: <a href=\"tel:+37060842988\">+37060842988<\/a><br \/>E-pasts: <a href=\"mailto:usedparts@kasima.lt\">usedparts@kasima.lt<\/a><\/p>\n","protected":false},"featured_media":27502,"template":"","meta":{"_et_pb_use_builder":"","_et_pb_old_content":"","_et_gb_content_width":"","_monsterinsights_skip_tracking":false,"_monsterinsights_sitenote_active":false,"_monsterinsights_sitenote_note":"","_monsterinsights_sitenote_category":0},"product_brand":[],"product_cat":[892,867,467,318,701,455,753],"product_tag":[],"class_list":{"0":"post-27505","1":"product","2":"type-product","3":"status-publish","4":"has-post-thumbnail","6":"product_cat-6910s-2000","7":"product_cat-sakabes-ierices-un-detalas","8":"product_cat-john-deere-dalas","9":"product_cat-lietotas-dalas","10":"product_cat-traktoru-dalas","11":"product_cat-lauksaimniecibas-tehnikas-dalas","12":"product_cat-piekares-dalas","14":"first","15":"instock","16":"shipping-taxable","17":"purchasable","18":"product-type-simple"},"aioseo_notices":[],"_links":{"self":[{"href":"https:\/\/kasima.lt\/lv\/wp-json\/wp\/v2\/product\/27505","targetHints":{"allow":["GET"]}}],"collection":[{"href":"https:\/\/kasima.lt\/lv\/wp-json\/wp\/v2\/product"}],"about":[{"href":"https:\/\/kasima.lt\/lv\/wp-json\/wp\/v2\/types\/product"}],"wp:featuredmedia":[{"embeddable":true,"href":"https:\/\/kasima.lt\/lv\/wp-json\/wp\/v2\/media\/27502"}],"wp:attachment":[{"href":"https:\/\/kasima.lt\/lv\/wp-json\/wp\/v2\/media?parent=27505"}],"wp:term":[{"taxonomy":"product_brand","embeddable":true,"href":"https:\/\/kasima.lt\/lv\/wp-json\/wp\/v2\/product_brand?post=27505"},{"taxonomy":"product_cat","embeddable":true,"href":"https:\/\/kasima.lt\/lv\/wp-json\/wp\/v2\/product_cat?post=27505"},{"taxonomy":"product_tag","embeddable":true,"href":"https:\/\/kasima.lt\/lv\/wp-json\/wp\/v2\/product_tag?post=27505"}],"curies":[{"name":"wp","href":"https:\/\/api.w.org\/{rel}","templated":true}]}}