{"id":27495,"date":"2024-09-04T06:03:35","date_gmt":"2024-09-04T04:03:35","guid":{"rendered":"https:\/\/kasima.lt\/produktas\/john-deere-6910s-aizmugureja-hidrauliska-pacelaja-komplekts\/"},"modified":"2025-10-29T13:31:46","modified_gmt":"2025-10-29T13:31:46","slug":"john-deere-6910s-aizmugureja-hidrauliska-pacelaja-komplekts","status":"publish","type":"product","link":"https:\/\/kasima.lt\/lv\/produktas\/john-deere-6910s-aizmugureja-hidrauliska-pacelaja-komplekts\/","title":{"rendered":"John Deere 6910S aizmugur\u0113j\u0101 hidraulisk\u0101 pac\u0113l\u0101ja komplekts"},"content":{"rendered":"<p>John Deere 6910S aizmugur\u0113j\u0101 hidraulisk\u0101 pac\u0113l\u0101ja komplekts<br \/>Visas da\u013cas ir ori\u0123in\u0101las<br \/>Ra\u017eot\u0101ja da\u013cas numurs: <br \/>AL77853<br \/>L200748<br \/>L200758<br \/>L200755<br \/>AL117731<br \/>AL117730<br \/>AL117727<br \/>AL213025<br \/>AL75751<br \/>AL159588<br \/>L111176<br \/>R126709<br \/>R126713<br \/>L100693<\/p>\n","protected":false},"excerpt":{"rendered":"<p>Cena bez PVN<\/p>\n<p>Ra\u017eot\u0101js: JOHN DEERE<br \/>Modelis: JD6910S0070<br \/>Zvans: <a href=\"tel:+37060842988\">+37060842988<\/a><br \/>E-pasts: <a href=\"mailto:usedparts@kasima.lt\">usedparts@kasima.lt<\/a><\/p>\n","protected":false},"featured_media":27487,"template":"","meta":{"_et_pb_use_builder":"","_et_pb_old_content":"","_et_gb_content_width":"","_monsterinsights_skip_tracking":false,"_monsterinsights_sitenote_active":false,"_monsterinsights_sitenote_note":"","_monsterinsights_sitenote_category":0},"product_brand":[],"product_cat":[892,867,467,318,701,455,753],"product_tag":[],"class_list":{"0":"post-27495","1":"product","2":"type-product","3":"status-publish","4":"has-post-thumbnail","6":"product_cat-6910s-2000","7":"product_cat-sakabes-ierices-un-detalas","8":"product_cat-john-deere-dalas","9":"product_cat-lietotas-dalas","10":"product_cat-traktoru-dalas","11":"product_cat-lauksaimniecibas-tehnikas-dalas","12":"product_cat-piekares-dalas","14":"first","15":"instock","16":"shipping-taxable","17":"product-type-simple"},"aioseo_notices":[],"_links":{"self":[{"href":"https:\/\/kasima.lt\/lv\/wp-json\/wp\/v2\/product\/27495","targetHints":{"allow":["GET"]}}],"collection":[{"href":"https:\/\/kasima.lt\/lv\/wp-json\/wp\/v2\/product"}],"about":[{"href":"https:\/\/kasima.lt\/lv\/wp-json\/wp\/v2\/types\/product"}],"wp:featuredmedia":[{"embeddable":true,"href":"https:\/\/kasima.lt\/lv\/wp-json\/wp\/v2\/media\/27487"}],"wp:attachment":[{"href":"https:\/\/kasima.lt\/lv\/wp-json\/wp\/v2\/media?parent=27495"}],"wp:term":[{"taxonomy":"product_brand","embeddable":true,"href":"https:\/\/kasima.lt\/lv\/wp-json\/wp\/v2\/product_brand?post=27495"},{"taxonomy":"product_cat","embeddable":true,"href":"https:\/\/kasima.lt\/lv\/wp-json\/wp\/v2\/product_cat?post=27495"},{"taxonomy":"product_tag","embeddable":true,"href":"https:\/\/kasima.lt\/lv\/wp-json\/wp\/v2\/product_tag?post=27495"}],"curies":[{"name":"wp","href":"https:\/\/api.w.org\/{rel}","templated":true}]}}