{"id":26986,"date":"2024-08-30T06:25:48","date_gmt":"2024-08-30T06:25:48","guid":{"rendered":"https:\/\/kasima.lt\/produktas\/john-deere-6910s-pneimobremzu-sistema\/"},"modified":"2025-10-29T13:31:42","modified_gmt":"2025-10-29T13:31:42","slug":"john-deere-6910s-pneimobremzu-sistema","status":"publish","type":"product","link":"https:\/\/kasima.lt\/lv\/produktas\/john-deere-6910s-pneimobremzu-sistema\/","title":{"rendered":"John Deere 6910S pneimobrem\u017eu sist\u0113ma"},"content":{"rendered":"<p>John Deere 6910S pneimobrem\u017eu sist\u0113ma<br \/>Sist\u0113ma sast\u0101v no:<br \/>Spiediena regulatora ar gaisa rezervu\u0101ru<br \/>Pneimatisk\u0101 v\u0101rsta<br \/>Pneimatisk\u0101 vad\u012bbas v\u0101rsta<br \/>Savienojuma mezgla <br \/>\u0160\u013c\u016btenes<br \/>Ra\u017eot\u0101ja deta\u013cas numurs: <br \/>AL151394<br \/>AL112178<br \/>AL161451<br \/>AL112538<br \/>9753030600<br \/>AL68577<br \/>4712000080<br \/>AL151103<br \/>AL81937<br \/>AL68573<br \/>AL153046<\/p>\n","protected":false},"excerpt":{"rendered":"<p>Cena bez PVN<\/p>\n<p>Ra\u017eot\u0101js: WABCO<br \/>Modelis: JD6910S0016<br \/>Zvans: <a href=\"tel:+37060842988\">+37060842988<\/a><br \/>E-pasts: <a href=\"mailto:usedparts@kasima.lt\">usedparts@kasima.lt<\/a><\/p>\n","protected":false},"featured_media":26948,"template":"","meta":{"_et_pb_use_builder":"","_et_pb_old_content":"","_et_gb_content_width":"","_monsterinsights_skip_tracking":false,"_monsterinsights_sitenote_active":false,"_monsterinsights_sitenote_note":"","_monsterinsights_sitenote_category":0},"product_brand":[],"product_cat":[892,467,318,701,455,673],"product_tag":[],"class_list":{"0":"post-26986","1":"product","2":"type-product","3":"status-publish","4":"has-post-thumbnail","6":"product_cat-6910s-2000","7":"product_cat-john-deere-dalas","8":"product_cat-lietotas-dalas","9":"product_cat-traktoru-dalas","10":"product_cat-lauksaimniecibas-tehnikas-dalas","11":"product_cat-bremzu-sistemas-dalas","13":"first","14":"instock","15":"shipping-taxable","16":"product-type-simple"},"aioseo_notices":[],"_links":{"self":[{"href":"https:\/\/kasima.lt\/lv\/wp-json\/wp\/v2\/product\/26986","targetHints":{"allow":["GET"]}}],"collection":[{"href":"https:\/\/kasima.lt\/lv\/wp-json\/wp\/v2\/product"}],"about":[{"href":"https:\/\/kasima.lt\/lv\/wp-json\/wp\/v2\/types\/product"}],"wp:featuredmedia":[{"embeddable":true,"href":"https:\/\/kasima.lt\/lv\/wp-json\/wp\/v2\/media\/26948"}],"wp:attachment":[{"href":"https:\/\/kasima.lt\/lv\/wp-json\/wp\/v2\/media?parent=26986"}],"wp:term":[{"taxonomy":"product_brand","embeddable":true,"href":"https:\/\/kasima.lt\/lv\/wp-json\/wp\/v2\/product_brand?post=26986"},{"taxonomy":"product_cat","embeddable":true,"href":"https:\/\/kasima.lt\/lv\/wp-json\/wp\/v2\/product_cat?post=26986"},{"taxonomy":"product_tag","embeddable":true,"href":"https:\/\/kasima.lt\/lv\/wp-json\/wp\/v2\/product_tag?post=26986"}],"curies":[{"name":"wp","href":"https:\/\/api.w.org\/{rel}","templated":true}]}}