{"id":26304,"date":"2024-08-21T06:18:40","date_gmt":"2024-08-21T06:18:40","guid":{"rendered":"https:\/\/kasima.lt\/produktas\/john-deere-vairo-valdymo-blokas-danfoss\/"},"modified":"2025-10-29T13:31:38","modified_gmt":"2025-10-29T13:31:38","slug":"john-deere-vairo-valdymo-blokas-danfoss","status":"publish","type":"product","link":"https:\/\/kasima.lt\/lv\/produktas\/john-deere-vairo-valdymo-blokas-danfoss\/","title":{"rendered":"John Deere st\u016bres vad\u012bbas bloks Danfoss"},"content":{"rendered":"<p>John Deere 6910S st\u016bres vad\u012bbas bloks Danfoss<br \/>John Deere deta\u013cas kods: AL119235<br \/>Danfoss deta\u013cas kods: 150G5000 OSPF 160 LS<\/p>\n","protected":false},"excerpt":{"rendered":"<p>Cena bez PVN<\/p>\n<p>Ra\u017eot\u0101js: DANFOSS<br \/>Modelis: JD6910S0020<br \/>Zvans: <a href=\"tel:+37060842988\">+37060842988<\/a><br \/>E-pasts: <a href=\"mailto:usedparts@kasima.lt\">usedparts@kasima.lt<\/a><\/p>\n","protected":false},"featured_media":26275,"template":"","meta":{"_et_pb_use_builder":"","_et_pb_old_content":"","_et_gb_content_width":"","_monsterinsights_skip_tracking":false,"_monsterinsights_sitenote_active":false,"_monsterinsights_sitenote_note":"","_monsterinsights_sitenote_category":0},"product_brand":[],"product_cat":[892,467,609,318,701,455,677],"product_tag":[],"class_list":{"0":"post-26304","1":"product","2":"type-product","3":"status-publish","4":"has-post-thumbnail","6":"product_cat-6910s-2000","7":"product_cat-john-deere-dalas","8":"product_cat-hidrauliskas-sistemas-dalas","9":"product_cat-lietotas-dalas","10":"product_cat-traktoru-dalas","11":"product_cat-lauksaimniecibas-tehnikas-dalas","12":"product_cat-stures-mehanismi","14":"first","15":"instock","16":"shipping-taxable","17":"purchasable","18":"product-type-simple"},"aioseo_notices":[],"_links":{"self":[{"href":"https:\/\/kasima.lt\/lv\/wp-json\/wp\/v2\/product\/26304","targetHints":{"allow":["GET"]}}],"collection":[{"href":"https:\/\/kasima.lt\/lv\/wp-json\/wp\/v2\/product"}],"about":[{"href":"https:\/\/kasima.lt\/lv\/wp-json\/wp\/v2\/types\/product"}],"wp:featuredmedia":[{"embeddable":true,"href":"https:\/\/kasima.lt\/lv\/wp-json\/wp\/v2\/media\/26275"}],"wp:attachment":[{"href":"https:\/\/kasima.lt\/lv\/wp-json\/wp\/v2\/media?parent=26304"}],"wp:term":[{"taxonomy":"product_brand","embeddable":true,"href":"https:\/\/kasima.lt\/lv\/wp-json\/wp\/v2\/product_brand?post=26304"},{"taxonomy":"product_cat","embeddable":true,"href":"https:\/\/kasima.lt\/lv\/wp-json\/wp\/v2\/product_cat?post=26304"},{"taxonomy":"product_tag","embeddable":true,"href":"https:\/\/kasima.lt\/lv\/wp-json\/wp\/v2\/product_tag?post=26304"}],"curies":[{"name":"wp","href":"https:\/\/api.w.org\/{rel}","templated":true}]}}