{"id":25778,"date":"2024-08-09T12:34:15","date_gmt":"2024-08-09T12:34:15","guid":{"rendered":"https:\/\/kasima.lt\/produktas\/hidraulinis-siurblys-skirtas-volvo-ekskavatoriui\/"},"modified":"2025-10-29T13:31:36","modified_gmt":"2025-10-29T13:31:36","slug":"hidraulinis-siurblys-skirtas-volvo-ekskavatoriui","status":"publish","type":"product","link":"https:\/\/kasima.lt\/lv\/produktas\/hidraulinis-siurblys-skirtas-volvo-ekskavatoriui\/","title":{"rendered":"Hidrauliskais s\u016bknis Volvo ekskavatoram"},"content":{"rendered":"<p>Volvo ekskavatora hidrauliskais s\u016bknis<br \/>Ra\u017eot\u0101ja da\u013cas numurs:<br \/>VOE14516405<br \/>14516405<br \/>PVC65RC01<\/p>\n","protected":false},"excerpt":{"rendered":"<p>Cena bez PVN<\/p>\n<p>Ra\u017eot\u0101js:VOLVO<br \/>Modelis:KND0040 <br \/>Zvans : <a href=\"tel:+37060842988\">+37060842988 <\/a><br \/>E-pasts: <a href=\"mailto:usedparts@kasima.lt\">usedparts@kasima.lt<\/a><\/p>\n","protected":false},"featured_media":25759,"template":"","meta":{"_et_pb_use_builder":"","_et_pb_old_content":"","_et_gb_content_width":"","_monsterinsights_skip_tracking":false,"_monsterinsights_sitenote_active":false,"_monsterinsights_sitenote_note":"","_monsterinsights_sitenote_category":0},"product_brand":[],"product_cat":[398,617,318,452],"product_tag":[],"class_list":{"0":"post-25778","1":"product","2":"type-product","3":"status-publish","4":"has-post-thumbnail","6":"product_cat-volvo-dalas","7":"product_cat-hidrauliskie-sukni-un-to-detalas","8":"product_cat-lietotas-dalas","9":"product_cat-celtniecibas-tehnikas-dalas","11":"first","12":"instock","13":"shipping-taxable","14":"purchasable","15":"product-type-simple"},"aioseo_notices":[],"_links":{"self":[{"href":"https:\/\/kasima.lt\/lv\/wp-json\/wp\/v2\/product\/25778","targetHints":{"allow":["GET"]}}],"collection":[{"href":"https:\/\/kasima.lt\/lv\/wp-json\/wp\/v2\/product"}],"about":[{"href":"https:\/\/kasima.lt\/lv\/wp-json\/wp\/v2\/types\/product"}],"wp:featuredmedia":[{"embeddable":true,"href":"https:\/\/kasima.lt\/lv\/wp-json\/wp\/v2\/media\/25759"}],"wp:attachment":[{"href":"https:\/\/kasima.lt\/lv\/wp-json\/wp\/v2\/media?parent=25778"}],"wp:term":[{"taxonomy":"product_brand","embeddable":true,"href":"https:\/\/kasima.lt\/lv\/wp-json\/wp\/v2\/product_brand?post=25778"},{"taxonomy":"product_cat","embeddable":true,"href":"https:\/\/kasima.lt\/lv\/wp-json\/wp\/v2\/product_cat?post=25778"},{"taxonomy":"product_tag","embeddable":true,"href":"https:\/\/kasima.lt\/lv\/wp-json\/wp\/v2\/product_tag?post=25778"}],"curies":[{"name":"wp","href":"https:\/\/api.w.org\/{rel}","templated":true}]}}