{"id":25738,"date":"2024-08-08T14:57:56","date_gmt":"2024-08-08T14:57:56","guid":{"rendered":"https:\/\/kasima.lt\/produktas\/john-deere-6150r\/"},"modified":"2025-10-29T13:31:36","modified_gmt":"2025-10-29T13:31:36","slug":"john-deere-6150r","status":"publish","type":"product","link":"https:\/\/kasima.lt\/lv\/produktas\/john-deere-6150r\/","title":{"rendered":"John Deere 6150R"},"content":{"rendered":"<p>Izgatavo\u0161anas gads 2013-11-18<br \/>Dzin\u0113ja jauda 170 ZS<br \/>Dzin\u0113ja darba tilpums 6788 cm<br \/>Motora stundu skaits 7273 <br \/>Priek\u0161\u0113j\u0101s riepasAlliance 600\/65R28<br \/>Aizmugur\u0113j\u0101s riepas Vredestein 650\/75R38<br \/>Piekares tilts<br \/>Piekares kab\u012bne<br \/>Reisa \u0101trums 50 km\/h<br \/>Priek\u0161\u0113j\u0101 balstiek\u0101rta<br \/>Elektriskais p\u0101ris<br \/>Elektriskie spogu\u013ci<br \/>Servisa gr\u0101mata<br \/>\u013boti lab\u0101 st\u0101vokl\u012b<br \/>Lietuv\u0101 neekspluat\u0113ts<br \/><a href=\"https:\/\/www.youtube.com\/watch?v=BEuF2XyuT4g\">https:\/\/www.youtube.com\/watch?v=BEuF2XyuT4g<\/a> <\/p>\n","protected":false},"excerpt":{"rendered":"<p>Cena bez PVN<\/p>\n<p>Ra\u017eot\u0101js: john deere<br \/>Modelis: 6150R<br \/>Zvans: <a href=\"tel:+37067607071\">+37067607071<\/a><br \/>E-pasts: <a href=\"mailto:sales@kasima.lt\">sales@kasima.lt<\/a><\/p>\n","protected":false},"featured_media":32766,"template":"","meta":{"_et_pb_use_builder":"","_et_pb_old_content":"","_et_gb_content_width":"","_monsterinsights_skip_tracking":false,"_monsterinsights_sitenote_active":false,"_monsterinsights_sitenote_note":"","_monsterinsights_sitenote_category":0},"product_brand":[],"product_cat":[176],"product_tag":[],"class_list":{"0":"post-25738","1":"product","2":"type-product","3":"status-publish","4":"has-post-thumbnail","6":"product_cat-lauksaimnieciba","8":"first","9":"outofstock","10":"shipping-taxable","11":"product-type-simple"},"aioseo_notices":[],"_links":{"self":[{"href":"https:\/\/kasima.lt\/lv\/wp-json\/wp\/v2\/product\/25738","targetHints":{"allow":["GET"]}}],"collection":[{"href":"https:\/\/kasima.lt\/lv\/wp-json\/wp\/v2\/product"}],"about":[{"href":"https:\/\/kasima.lt\/lv\/wp-json\/wp\/v2\/types\/product"}],"wp:featuredmedia":[{"embeddable":true,"href":"https:\/\/kasima.lt\/lv\/wp-json\/wp\/v2\/media\/32766"}],"wp:attachment":[{"href":"https:\/\/kasima.lt\/lv\/wp-json\/wp\/v2\/media?parent=25738"}],"wp:term":[{"taxonomy":"product_brand","embeddable":true,"href":"https:\/\/kasima.lt\/lv\/wp-json\/wp\/v2\/product_brand?post=25738"},{"taxonomy":"product_cat","embeddable":true,"href":"https:\/\/kasima.lt\/lv\/wp-json\/wp\/v2\/product_cat?post=25738"},{"taxonomy":"product_tag","embeddable":true,"href":"https:\/\/kasima.lt\/lv\/wp-json\/wp\/v2\/product_tag?post=25738"}],"curies":[{"name":"wp","href":"https:\/\/api.w.org\/{rel}","templated":true}]}}