{"id":25273,"date":"2024-08-02T08:53:19","date_gmt":"2024-08-02T08:53:19","guid":{"rendered":"https:\/\/kasima.lt\/produktas\/linde-hidraulinis-siurblys\/"},"modified":"2025-10-29T13:31:35","modified_gmt":"2025-10-29T13:31:35","slug":"linde-hidraulinis-siurblys","status":"publish","type":"product","link":"https:\/\/kasima.lt\/lv\/produktas\/linde-hidraulinis-siurblys\/","title":{"rendered":"Linde hidrauliskais s\u016bknis"},"content":{"rendered":"<p>Linde hidrauliskais s\u016bknis no ekskavatora Atlas 1604<br \/>Ra\u017eot\u0101ja da\u013cas numurs: 2553010035<\/p>\n","protected":false},"excerpt":{"rendered":"<p>Cena bez PVN<\/p>\n<p>Ra\u017eot\u0101js: LINDE<br \/>Modelis: AT16040002<br \/>Zvans: <a href=\"tel:+37060842988\">+37060842988<\/a><br \/>E-pasts: <a href=\"mailto:usedparts@kasima.lt\">usedparts@kasima.lt<\/a><\/p>\n","protected":false},"featured_media":35691,"template":"","meta":{"_et_pb_use_builder":"","_et_pb_old_content":"","_et_gb_content_width":"","_monsterinsights_skip_tracking":false,"_monsterinsights_sitenote_active":false,"_monsterinsights_sitenote_note":"","_monsterinsights_sitenote_category":0},"product_brand":[],"product_cat":[872,484,617,318,685,452],"product_tag":[],"class_list":{"0":"post-25273","1":"product","2":"type-product","3":"status-publish","4":"has-post-thumbnail","6":"product_cat-1604-2003","7":"product_cat-atlas-dalas","8":"product_cat-hidrauliskie-sukni-un-to-detalas","9":"product_cat-lietotas-dalas","10":"product_cat-ekskavatoru-dalas","11":"product_cat-celtniecibas-tehnikas-dalas","13":"first","14":"instock","15":"shipping-taxable","16":"purchasable","17":"product-type-simple"},"aioseo_notices":[],"_links":{"self":[{"href":"https:\/\/kasima.lt\/lv\/wp-json\/wp\/v2\/product\/25273","targetHints":{"allow":["GET"]}}],"collection":[{"href":"https:\/\/kasima.lt\/lv\/wp-json\/wp\/v2\/product"}],"about":[{"href":"https:\/\/kasima.lt\/lv\/wp-json\/wp\/v2\/types\/product"}],"wp:featuredmedia":[{"embeddable":true,"href":"https:\/\/kasima.lt\/lv\/wp-json\/wp\/v2\/media\/35691"}],"wp:attachment":[{"href":"https:\/\/kasima.lt\/lv\/wp-json\/wp\/v2\/media?parent=25273"}],"wp:term":[{"taxonomy":"product_brand","embeddable":true,"href":"https:\/\/kasima.lt\/lv\/wp-json\/wp\/v2\/product_brand?post=25273"},{"taxonomy":"product_cat","embeddable":true,"href":"https:\/\/kasima.lt\/lv\/wp-json\/wp\/v2\/product_cat?post=25273"},{"taxonomy":"product_tag","embeddable":true,"href":"https:\/\/kasima.lt\/lv\/wp-json\/wp\/v2\/product_tag?post=25273"}],"curies":[{"name":"wp","href":"https:\/\/api.w.org\/{rel}","templated":true}]}}