{"id":25208,"date":"2024-08-01T12:07:39","date_gmt":"2024-08-01T12:07:39","guid":{"rendered":"https:\/\/kasima.lt\/produktas\/john-deere-priekiniai-ratai\/"},"modified":"2025-10-29T13:31:35","modified_gmt":"2025-10-29T13:31:35","slug":"john-deere-priekiniai-ratai","status":"publish","type":"product","link":"https:\/\/kasima.lt\/lv\/produktas\/john-deere-priekiniai-ratai\/","title":{"rendered":"John Deere priek\u0161\u0113jie rite\u0146i"},"content":{"rendered":"<p>John Deere priek\u0161\u0113jie rite\u0146i 2 gab.<br \/>Ori\u0123in\u0101lie diski <br \/>Ra\u017eot\u0101ja da\u013cas numurs:<br \/>AL116566<br \/>AL117803<br \/>AL116569<br \/>AL117805<br \/>Lietotas riepas Kleber Fitker 480\/70 R28<br \/>Cena nor\u0101d\u012bta par vien\u012bbu.<\/p>\n","protected":false},"excerpt":{"rendered":"<p>Cena bez PVN<\/p>\n<p>Ra\u017eot\u0101js: JOHN DEERE, KLEBER<br \/>Modelis: JD6910S0009<br \/>Zvans: <a href=\"tel:+37060842988\">+37060842988<\/a><br \/>E-pasts: <a href=\"mailto:usedparts@kasima.lt\">usedparts@kasima.lt<\/a><\/p>\n","protected":false},"featured_media":44781,"template":"","meta":{"_et_pb_use_builder":"","_et_pb_old_content":"","_et_gb_content_width":"","_monsterinsights_skip_tracking":false,"_monsterinsights_sitenote_active":false,"_monsterinsights_sitenote_note":"","_monsterinsights_sitenote_category":0},"product_brand":[],"product_cat":[892,467,318,665,701,455],"product_tag":[],"class_list":{"0":"post-25208","1":"product","2":"type-product","3":"status-publish","4":"has-post-thumbnail","6":"product_cat-6910s-2000","7":"product_cat-john-deere-dalas","8":"product_cat-lietotas-dalas","9":"product_cat-riepas-ar-diskiem","10":"product_cat-traktoru-dalas","11":"product_cat-lauksaimniecibas-tehnikas-dalas","13":"first","14":"instock","15":"shipping-taxable","16":"purchasable","17":"product-type-simple"},"aioseo_notices":[],"_links":{"self":[{"href":"https:\/\/kasima.lt\/lv\/wp-json\/wp\/v2\/product\/25208","targetHints":{"allow":["GET"]}}],"collection":[{"href":"https:\/\/kasima.lt\/lv\/wp-json\/wp\/v2\/product"}],"about":[{"href":"https:\/\/kasima.lt\/lv\/wp-json\/wp\/v2\/types\/product"}],"wp:featuredmedia":[{"embeddable":true,"href":"https:\/\/kasima.lt\/lv\/wp-json\/wp\/v2\/media\/44781"}],"wp:attachment":[{"href":"https:\/\/kasima.lt\/lv\/wp-json\/wp\/v2\/media?parent=25208"}],"wp:term":[{"taxonomy":"product_brand","embeddable":true,"href":"https:\/\/kasima.lt\/lv\/wp-json\/wp\/v2\/product_brand?post=25208"},{"taxonomy":"product_cat","embeddable":true,"href":"https:\/\/kasima.lt\/lv\/wp-json\/wp\/v2\/product_cat?post=25208"},{"taxonomy":"product_tag","embeddable":true,"href":"https:\/\/kasima.lt\/lv\/wp-json\/wp\/v2\/product_tag?post=25208"}],"curies":[{"name":"wp","href":"https:\/\/api.w.org\/{rel}","templated":true}]}}