{"id":25033,"date":"2024-07-30T12:30:55","date_gmt":"2024-07-30T12:30:55","guid":{"rendered":"https:\/\/kasima.lt\/produktas\/john-deere-6910s-priekines-groteles-su-lempomis\/"},"modified":"2025-10-29T13:31:55","modified_gmt":"2025-10-29T13:31:55","slug":"john-deere-6910s-priekines-groteles-su-lempomis","status":"publish","type":"product","link":"https:\/\/kasima.lt\/lv\/produktas\/john-deere-6910s-priekines-groteles-su-lempomis\/","title":{"rendered":"John Deere 6910S Priek\u0161\u0113jais re\u017e\u0123is ar lukturiem"},"content":{"rendered":"<p>John Deere 6910S Priek\u0161\u0113j\u0101 rest\u012bte ar lukturiem <br \/>Ra\u017eot\u0101ja da\u013cas numurs: AL112107 <\/p>\n","protected":false},"excerpt":{"rendered":"<p>Cena bez PVN <br \/>Ra\u017eot\u0101js: JOHN DEERE <br \/>Modelis: JD6910S0003 <br \/><a href=\"tel:+37060842988\">Zvaniet: +37060842988 <\/a><br \/><a href=\"mailto:usedparts@kasima.lt\">Rakstiet: usedparts@kasima.lt<\/a><\/p>\n","protected":false},"featured_media":25014,"template":"","meta":{"_et_pb_use_builder":"","_et_pb_old_content":"","_et_gb_content_width":"","_monsterinsights_skip_tracking":false,"_monsterinsights_sitenote_active":false,"_monsterinsights_sitenote_note":"","_monsterinsights_sitenote_category":0},"product_brand":[],"product_cat":[892,922,467,653,318,701,455],"product_tag":[],"class_list":{"0":"post-25033","1":"product","2":"type-product","3":"status-publish","4":"has-post-thumbnail","6":"product_cat-6910s-2000","7":"product_cat-citas-elektroniskas-detalas","8":"product_cat-john-deere-dalas","9":"product_cat-motora-un-sanu-parsegi","10":"product_cat-lietotas-dalas","11":"product_cat-traktoru-dalas","12":"product_cat-lauksaimniecibas-tehnikas-dalas","14":"first","15":"instock","16":"shipping-taxable","17":"purchasable","18":"product-type-simple"},"aioseo_notices":[],"_links":{"self":[{"href":"https:\/\/kasima.lt\/lv\/wp-json\/wp\/v2\/product\/25033","targetHints":{"allow":["GET"]}}],"collection":[{"href":"https:\/\/kasima.lt\/lv\/wp-json\/wp\/v2\/product"}],"about":[{"href":"https:\/\/kasima.lt\/lv\/wp-json\/wp\/v2\/types\/product"}],"wp:featuredmedia":[{"embeddable":true,"href":"https:\/\/kasima.lt\/lv\/wp-json\/wp\/v2\/media\/25014"}],"wp:attachment":[{"href":"https:\/\/kasima.lt\/lv\/wp-json\/wp\/v2\/media?parent=25033"}],"wp:term":[{"taxonomy":"product_brand","embeddable":true,"href":"https:\/\/kasima.lt\/lv\/wp-json\/wp\/v2\/product_brand?post=25033"},{"taxonomy":"product_cat","embeddable":true,"href":"https:\/\/kasima.lt\/lv\/wp-json\/wp\/v2\/product_cat?post=25033"},{"taxonomy":"product_tag","embeddable":true,"href":"https:\/\/kasima.lt\/lv\/wp-json\/wp\/v2\/product_tag?post=25033"}],"curies":[{"name":"wp","href":"https:\/\/api.w.org\/{rel}","templated":true}]}}