{"id":24905,"date":"2024-07-26T07:42:40","date_gmt":"2024-07-26T07:42:40","guid":{"rendered":"https:\/\/kasima.lt\/produktas\/new-holland-kuro-purkstukai\/"},"modified":"2025-10-29T13:31:55","modified_gmt":"2025-10-29T13:31:55","slug":"new-holland-kuro-purkstukai","status":"publish","type":"product","link":"https:\/\/kasima.lt\/lv\/produktas\/new-holland-kuro-purkstukai\/","title":{"rendered":"New Holland degvielas iesmidzin\u0101t\u0101ji"},"content":{"rendered":"<p>New Holland degvielas iesmidzin\u0101t\u0101ji<br \/>Ra\u017eot\u0101ja da\u013cas numurs:<br \/>5222304<br \/>83916913<br \/>D88NN9F593<\/p>\n","protected":false},"excerpt":{"rendered":"<p>Cena bez PVN<br \/>Ra\u017eot\u0101js: NEW HOLLAND<br \/>Modelis: KND0038<br \/>Zvans: <a href=\"tel:+37060842988\">+37060842988<\/a><br \/>E-pasts: <a href=\"mailto:usedparts@kasima.lt\">usedparts@kasima.lt<\/a><\/p>\n","protected":false},"featured_media":24896,"template":"","meta":{"_et_pb_use_builder":"","_et_pb_old_content":"","_et_gb_content_width":"","_monsterinsights_skip_tracking":false,"_monsterinsights_sitenote_active":false,"_monsterinsights_sitenote_note":"","_monsterinsights_sitenote_category":0},"product_brand":[],"product_cat":[318,452,721,725],"product_tag":[],"class_list":{"0":"post-24905","1":"product","2":"type-product","3":"status-publish","4":"has-post-thumbnail","6":"product_cat-lietotas-dalas","7":"product_cat-celtniecibas-tehnikas-dalas","8":"product_cat-motora-dalas","9":"product_cat-degvielas-sistemas-dalas","11":"first","12":"instock","13":"shipping-taxable","14":"purchasable","15":"product-type-simple"},"aioseo_notices":[],"_links":{"self":[{"href":"https:\/\/kasima.lt\/lv\/wp-json\/wp\/v2\/product\/24905","targetHints":{"allow":["GET"]}}],"collection":[{"href":"https:\/\/kasima.lt\/lv\/wp-json\/wp\/v2\/product"}],"about":[{"href":"https:\/\/kasima.lt\/lv\/wp-json\/wp\/v2\/types\/product"}],"wp:featuredmedia":[{"embeddable":true,"href":"https:\/\/kasima.lt\/lv\/wp-json\/wp\/v2\/media\/24896"}],"wp:attachment":[{"href":"https:\/\/kasima.lt\/lv\/wp-json\/wp\/v2\/media?parent=24905"}],"wp:term":[{"taxonomy":"product_brand","embeddable":true,"href":"https:\/\/kasima.lt\/lv\/wp-json\/wp\/v2\/product_brand?post=24905"},{"taxonomy":"product_cat","embeddable":true,"href":"https:\/\/kasima.lt\/lv\/wp-json\/wp\/v2\/product_cat?post=24905"},{"taxonomy":"product_tag","embeddable":true,"href":"https:\/\/kasima.lt\/lv\/wp-json\/wp\/v2\/product_tag?post=24905"}],"curies":[{"name":"wp","href":"https:\/\/api.w.org\/{rel}","templated":true}]}}