{"id":23575,"date":"2024-07-12T08:13:33","date_gmt":"2024-07-12T08:13:33","guid":{"rendered":"https:\/\/kasima.lt\/produktas\/volvo-droselines-sklendes-rankenele-2\/"},"modified":"2025-10-29T13:31:50","modified_gmt":"2025-10-29T13:31:50","slug":"volvo-droselines-sklendes-rankenele-2","status":"publish","type":"product","link":"https:\/\/kasima.lt\/lv\/produktas\/volvo-droselines-sklendes-rankenele-2\/","title":{"rendered":"Volvo instrumentu panelis ar sl\u0113d\u017eiem un drose\u013cdzin\u0113ja pogu<br><br>"},"content":{"rendered":"<p>Volvo instrumentu panelis ar sl\u0113d\u017eiem un drose\u013cdzin\u0113ja pogu<br \/>Ra\u017eot\u0101ja da\u013cas kods: <br \/>VOE14503037<br \/>VOE4803464<\/p>\n","protected":false},"excerpt":{"rendered":"<p>Cena bez PVN<\/p>\n<p>Ra\u017eot\u0101js: VOLVO<br \/>Modelis:KND0014<br \/>Zvaniet mums: <a href=\"tel:+37060842988\">+37060842988<\/a><br \/>E-pasts: <a href=\"mailto:usedparts@kasima.lt\">usedparts@kasima.lt<\/a><\/p>\n","protected":false},"featured_media":29645,"template":"","meta":{"_et_pb_use_builder":"","_et_pb_old_content":"","_et_gb_content_width":"","_monsterinsights_skip_tracking":false,"_monsterinsights_sitenote_active":false,"_monsterinsights_sitenote_note":"","_monsterinsights_sitenote_category":0},"product_brand":[],"product_cat":[922,398,817,645,318,685,452],"product_tag":[],"class_list":{"0":"post-23575","1":"product","2":"type-product","3":"status-publish","4":"has-post-thumbnail","6":"product_cat-citas-elektroniskas-detalas","7":"product_cat-volvo-dalas","8":"product_cat-ew160b","9":"product_cat-kabines-un-to-dalas","10":"product_cat-lietotas-dalas","11":"product_cat-ekskavatoru-dalas","12":"product_cat-celtniecibas-tehnikas-dalas","14":"first","15":"instock","16":"shipping-taxable","17":"purchasable","18":"product-type-simple"},"aioseo_notices":[],"_links":{"self":[{"href":"https:\/\/kasima.lt\/lv\/wp-json\/wp\/v2\/product\/23575","targetHints":{"allow":["GET"]}}],"collection":[{"href":"https:\/\/kasima.lt\/lv\/wp-json\/wp\/v2\/product"}],"about":[{"href":"https:\/\/kasima.lt\/lv\/wp-json\/wp\/v2\/types\/product"}],"wp:featuredmedia":[{"embeddable":true,"href":"https:\/\/kasima.lt\/lv\/wp-json\/wp\/v2\/media\/29645"}],"wp:attachment":[{"href":"https:\/\/kasima.lt\/lv\/wp-json\/wp\/v2\/media?parent=23575"}],"wp:term":[{"taxonomy":"product_brand","embeddable":true,"href":"https:\/\/kasima.lt\/lv\/wp-json\/wp\/v2\/product_brand?post=23575"},{"taxonomy":"product_cat","embeddable":true,"href":"https:\/\/kasima.lt\/lv\/wp-json\/wp\/v2\/product_cat?post=23575"},{"taxonomy":"product_tag","embeddable":true,"href":"https:\/\/kasima.lt\/lv\/wp-json\/wp\/v2\/product_tag?post=23575"}],"curies":[{"name":"wp","href":"https:\/\/api.w.org\/{rel}","templated":true}]}}