{"id":22954,"date":"2024-07-09T11:36:41","date_gmt":"2024-07-09T11:36:41","guid":{"rendered":"https:\/\/kasima.lt\/produktas\/komatsu-pw160-7-hidraulinis-variklis\/"},"modified":"2025-10-29T13:20:53","modified_gmt":"2025-10-29T13:20:53","slug":"komatsu-pw160-7-hidraulinis-variklis","status":"publish","type":"product","link":"https:\/\/kasima.lt\/lv\/produktas\/komatsu-pw160-7-hidraulinis-variklis\/","title":{"rendered":"Komatsu PW160-7 hidrauliskais dzin\u0113js"},"content":{"rendered":"<p>Komatsu PW160-7 hidrauliskais dzin\u0113js<br \/>\nRa\u017eot\u0101ja da\u013cas kods:<br \/>\n20G-60-31101<br \/>\n20G6031101<br \/>\n20G6031102XC<\/p>\n","protected":false},"excerpt":{"rendered":"<p>Cena bez PVN<\/p>\n<p>Ra\u017eot\u0101js Komatsu<br \/>\nModelis: PW16070002<br \/>\nZvaniet: <a href=\"tel:+37060842988\">+37060842988<\/a><br \/>\nKontaktpersona: <a href=\"mailto:usedparts@kasima.lt\">usedparts@kasima.lt<\/a><\/p>\n","protected":false},"featured_media":91950,"template":"","meta":{"_et_pb_use_builder":"","_et_pb_old_content":"","_et_gb_content_width":"","_monsterinsights_skip_tracking":false,"_monsterinsights_sitenote_active":false,"_monsterinsights_sitenote_note":"","_monsterinsights_sitenote_category":0},"product_brand":[],"product_cat":[897,481,629,318,685,452,717],"product_tag":[],"class_list":{"0":"post-22954","1":"product","2":"type-product","3":"status-publish","4":"has-post-thumbnail","6":"product_cat-pw160-7-2007","7":"product_cat-komatsu-dalas","8":"product_cat-hidrauliskie-motori","9":"product_cat-lietotas-dalas","10":"product_cat-ekskavatoru-dalas","11":"product_cat-celtniecibas-tehnikas-dalas","12":"product_cat-reduktori-un-piedzinas-motori","14":"first","15":"instock","16":"shipping-taxable","17":"purchasable","18":"product-type-simple"},"aioseo_notices":[],"_links":{"self":[{"href":"https:\/\/kasima.lt\/lv\/wp-json\/wp\/v2\/product\/22954","targetHints":{"allow":["GET"]}}],"collection":[{"href":"https:\/\/kasima.lt\/lv\/wp-json\/wp\/v2\/product"}],"about":[{"href":"https:\/\/kasima.lt\/lv\/wp-json\/wp\/v2\/types\/product"}],"wp:featuredmedia":[{"embeddable":true,"href":"https:\/\/kasima.lt\/lv\/wp-json\/wp\/v2\/media\/91950"}],"wp:attachment":[{"href":"https:\/\/kasima.lt\/lv\/wp-json\/wp\/v2\/media?parent=22954"}],"wp:term":[{"taxonomy":"product_brand","embeddable":true,"href":"https:\/\/kasima.lt\/lv\/wp-json\/wp\/v2\/product_brand?post=22954"},{"taxonomy":"product_cat","embeddable":true,"href":"https:\/\/kasima.lt\/lv\/wp-json\/wp\/v2\/product_cat?post=22954"},{"taxonomy":"product_tag","embeddable":true,"href":"https:\/\/kasima.lt\/lv\/wp-json\/wp\/v2\/product_tag?post=22954"}],"curies":[{"name":"wp","href":"https:\/\/api.w.org\/{rel}","templated":true}]}}