{"id":22646,"date":"2024-07-04T11:40:09","date_gmt":"2024-07-04T11:40:09","guid":{"rendered":"https:\/\/kasima.lt\/produktas\/volvo-d6deje2-variklio-bosch-purkstukas\/"},"modified":"2025-10-29T13:20:51","modified_gmt":"2025-10-29T13:20:51","slug":"volvo-d6deje2-variklio-bosch-purkstukas","status":"publish","type":"product","link":"https:\/\/kasima.lt\/lv\/produktas\/volvo-d6deje2-variklio-bosch-purkstukas\/","title":{"rendered":"Volvo D6DEJE2 dzin\u0113ja Bosch in\u017eektors"},"content":{"rendered":"<p>Volvo D6DEJE2 dzin\u0113ja Bosch in\u017eektors<br \/>\nVolvo EW160B dzin\u0113ja no\u0146em\u0161ana<br \/>\nRa\u017eot\u0101ja da\u013cas numurs: VOE20460075<br \/>\n0414750003<br \/>\n2112707<br \/>\nCena ir par vien\u012bbu<\/p>\n","protected":false},"excerpt":{"rendered":"<p>Cena bez PVN<\/p>\n<p>Ra\u017eot\u0101js: BOSCH<br \/>\nModelis: EW160B0038<br \/>\nZvaniet: <a href=\"tel:+37060842988\">+37060842988<\/a><br \/>\nKontaktpersona: <a href=\"mailto:usedparts@kasima.lt\">usedparts@kasima.lt<\/a><\/p>\n","protected":false},"featured_media":22632,"template":"","meta":{"_et_pb_use_builder":"","_et_pb_old_content":"","_et_gb_content_width":"","_monsterinsights_skip_tracking":false,"_monsterinsights_sitenote_active":false,"_monsterinsights_sitenote_note":"","_monsterinsights_sitenote_category":0},"product_brand":[],"product_cat":[398,817,318,452,721,725],"product_tag":[],"class_list":{"0":"post-22646","1":"product","2":"type-product","3":"status-publish","4":"has-post-thumbnail","6":"product_cat-volvo-dalas","7":"product_cat-ew160b","8":"product_cat-lietotas-dalas","9":"product_cat-celtniecibas-tehnikas-dalas","10":"product_cat-motora-dalas","11":"product_cat-degvielas-sistemas-dalas","13":"first","14":"instock","15":"shipping-taxable","16":"purchasable","17":"product-type-simple"},"aioseo_notices":[],"_links":{"self":[{"href":"https:\/\/kasima.lt\/lv\/wp-json\/wp\/v2\/product\/22646","targetHints":{"allow":["GET"]}}],"collection":[{"href":"https:\/\/kasima.lt\/lv\/wp-json\/wp\/v2\/product"}],"about":[{"href":"https:\/\/kasima.lt\/lv\/wp-json\/wp\/v2\/types\/product"}],"wp:featuredmedia":[{"embeddable":true,"href":"https:\/\/kasima.lt\/lv\/wp-json\/wp\/v2\/media\/22632"}],"wp:attachment":[{"href":"https:\/\/kasima.lt\/lv\/wp-json\/wp\/v2\/media?parent=22646"}],"wp:term":[{"taxonomy":"product_brand","embeddable":true,"href":"https:\/\/kasima.lt\/lv\/wp-json\/wp\/v2\/product_brand?post=22646"},{"taxonomy":"product_cat","embeddable":true,"href":"https:\/\/kasima.lt\/lv\/wp-json\/wp\/v2\/product_cat?post=22646"},{"taxonomy":"product_tag","embeddable":true,"href":"https:\/\/kasima.lt\/lv\/wp-json\/wp\/v2\/product_tag?post=22646"}],"curies":[{"name":"wp","href":"https:\/\/api.w.org\/{rel}","templated":true}]}}