{"id":22203,"date":"2024-06-28T13:49:14","date_gmt":"2024-06-28T13:49:14","guid":{"rendered":"https:\/\/kasima.lt\/product\/volvo-ew160b-slegio-matuoklis\/"},"modified":"2025-10-29T13:20:49","modified_gmt":"2025-10-29T13:20:49","slug":"volvo-ew160b-slegio-matuoklis","status":"publish","type":"product","link":"https:\/\/kasima.lt\/lv\/produktas\/volvo-ew160b-slegio-matuoklis\/","title":{"rendered":"Volvo EW160B Spiediena monitorings"},"content":{"rendered":"<p>Volvo EW160B spiediena m\u0113r\u012bt\u0101js<br \/>Ra\u017eot\u0101ja da\u013cas numurs: 660701<br \/>Volvo da\u013cas numurs: VOE14213219<br \/>Pieejami 5 gab., cena ir par vienu vien\u012bbu. <\/p>\n","protected":false},"excerpt":{"rendered":"<p>Cena bez PVN<\/p>\n<p>Ra\u017eot\u0101js: SUCO<br \/>Modelis: EW160B0035<br \/>Zvans: <a href=\"tel:+37060842988\">+37060842988<\/a><br \/>E-pasts: <a href=\"mailto:usedparts@kasima.lt\">usedparts@kasima.lt<\/a><\/p>\n","protected":false},"featured_media":22179,"template":"","meta":{"_et_pb_use_builder":"","_et_pb_old_content":"","_et_gb_content_width":"","_monsterinsights_skip_tracking":false,"_monsterinsights_sitenote_active":false,"_monsterinsights_sitenote_note":"","_monsterinsights_sitenote_category":0},"product_brand":[],"product_cat":[398,817,490,637,318,685,452],"product_tag":[],"class_list":{"0":"post-22203","1":"product","2":"type-product","3":"status-publish","4":"has-post-thumbnail","6":"product_cat-volvo-dalas","7":"product_cat-ew160b","8":"product_cat-elektronikas-dalas","9":"product_cat-spiediena-deveji","10":"product_cat-lietotas-dalas","11":"product_cat-ekskavatoru-dalas","12":"product_cat-celtniecibas-tehnikas-dalas","14":"first","15":"instock","16":"shipping-taxable","17":"purchasable","18":"product-type-simple"},"aioseo_notices":[],"_links":{"self":[{"href":"https:\/\/kasima.lt\/lv\/wp-json\/wp\/v2\/product\/22203","targetHints":{"allow":["GET"]}}],"collection":[{"href":"https:\/\/kasima.lt\/lv\/wp-json\/wp\/v2\/product"}],"about":[{"href":"https:\/\/kasima.lt\/lv\/wp-json\/wp\/v2\/types\/product"}],"wp:featuredmedia":[{"embeddable":true,"href":"https:\/\/kasima.lt\/lv\/wp-json\/wp\/v2\/media\/22179"}],"wp:attachment":[{"href":"https:\/\/kasima.lt\/lv\/wp-json\/wp\/v2\/media?parent=22203"}],"wp:term":[{"taxonomy":"product_brand","embeddable":true,"href":"https:\/\/kasima.lt\/lv\/wp-json\/wp\/v2\/product_brand?post=22203"},{"taxonomy":"product_cat","embeddable":true,"href":"https:\/\/kasima.lt\/lv\/wp-json\/wp\/v2\/product_cat?post=22203"},{"taxonomy":"product_tag","embeddable":true,"href":"https:\/\/kasima.lt\/lv\/wp-json\/wp\/v2\/product_tag?post=22203"}],"curies":[{"name":"wp","href":"https:\/\/api.w.org\/{rel}","templated":true}]}}