{"id":21678,"date":"2024-06-20T12:36:32","date_gmt":"2024-06-20T12:36:32","guid":{"rendered":"https:\/\/kasima.lt\/product\/ekskavatorius-atlas-1604-parduodamas-dalimis\/"},"modified":"2025-10-29T13:20:47","modified_gmt":"2025-10-29T13:20:47","slug":"ekskavatorius-atlas-1604-parduodamas-dalimis","status":"publish","type":"product","link":"https:\/\/kasima.lt\/lv\/produktas\/ekskavatorius-atlas-1604-parduodamas-dalimis\/","title":{"rendered":"Atlas 1604 ekskavatora deta\u013cas"},"content":{"rendered":"<p>P\u0101rdod rite\u0146ekskavatoru Atlas 1604, kas tiek p\u0101rdots pa da\u013c\u0101m. \u0160ai ma\u0161\u012bnai ir jaud\u012bgs un efekt\u012bvs Deutz BF6M2012C dzin\u0113js. Visas sast\u0101vda\u013cas ir darba k\u0101rt\u012bb\u0101, un tas ir ide\u0101ls risin\u0101jums tiem, kam nepiecie\u0161amas ori\u0123in\u0101las Atlas deta\u013cas.<br \/>Modelis: Atlas 1604 rite\u0146ekskavators<br \/>Dzin\u0113js: Deutz BF6M2012C (6 cilindru, ar turbokompresoru pild\u012bts d\u012bze\u013cdzin\u0113js).<br \/>St\u0101voklis: Visas deta\u013cas teicam\u0101 darba k\u0101rt\u012bb\u0101.<br \/>Pieejamie komponenti:<br \/>Deutz BF6M2012C dzin\u0113js (vienm\u0113r\u012bga darb\u012bba, uzticama jauda).<br \/>Hidraulisk\u0101 sist\u0113ma (piln\u012bb\u0101 darbojas, nav nopl\u016bdes)<br \/>Rite\u0146i un \u0161asija (labi uztur\u0113ti, gatavi lieto\u0161anai)<br \/>Str\u0113le, roka un kauss (lab\u0101 st\u0101vokl\u012b)<br \/>Kab\u012bne un vad\u012bbas ier\u012bces (piln\u012bb\u0101 funkcion\u0113jo\u0161as, lab\u0101 st\u0101vokl\u012b)<br \/>dzes\u0113\u0161anas un elektrisk\u0101s sist\u0113mas (piln\u012bb\u0101 funkcion\u0113jo\u0161as)<br \/>Savietojamas da\u013cas ar citiem mode\u013ciem<br \/>Deutz dzin\u0113ja da\u013cas: Tostarp in\u017eektori, filtri, \u0123eneratori un citi. Sader\u012bgas ar citiem Atlas un Terex mode\u013ciem, kuros izmantoti Deutz dzin\u0113ji.<br \/>Hidrauliskie s\u016bk\u0146i un v\u0101rsti: Atlas 1404, Atlas 1504 un Terex 1604 ma\u0161\u012bn\u0101m.<br \/>Rite\u0146u \u0161asija un rite\u0146i: Atlas 1504, Terex 1504 un Terex 1604 mode\u013ciem.<br \/>Kab\u012bnes komponenti: Displeji, vad\u012bbas ier\u012bces un operatora saskarnes, kas ir kop\u012bgas ar citiem Atlas un Fuchs materi\u0101lu iekr\u0101v\u0113ju mode\u013ciem, piem\u0113ram, Fuchs MHL 331 un MHL 340.<br \/>\u0160\u012b ir lieliska iesp\u0113ja meh\u0101ni\u0137iem, darbuz\u0146\u0113m\u0113jiem vai rezerves da\u013cu tirgot\u0101jiem, kas mekl\u0113 kvalitat\u012bvas Atlas rite\u0146ekskavatoru da\u013cas par konkur\u0113tsp\u0113j\u012bgu cenu. Ide\u0101li piem\u0113rots tiem, kas mekl\u0113 uzticamas Deutz dzin\u0113ja deta\u013cas vai Atlas hidraulisk\u0101s sist\u0113mas.<br \/>Atlas 1604 rite\u0146ekskavatora da\u013cas p\u0101rdo\u0161anai<br \/>Deutz BF6M2012C dzin\u0113ja p\u0101rdo\u0161ana<br \/>Lietotas Atlas rite\u0146ekskavatora da\u013cas<br \/>Atlas 1604 hidraulisk\u0101s sist\u0113mas deta\u013cas<br \/>Terex 1604 un Atlas ekskavatoru da\u013cas<br \/>Rite\u0146ekskavatora da\u013cas p\u0101rdo\u0161anai<br \/>Ori\u0123in\u0101l\u0101s Atlas un Deutz da\u013cas<br \/>Atlas ekskavatora rite\u0146i un rite\u0146u \u0161asija<br \/>Sazinieties ar mums \u0161odien, lai uzzin\u0101tu s\u012bk\u0101ku inform\u0101ciju par cen\u0101m, pieejam\u012bbu un pieg\u0101des iesp\u0113j\u0101m!<br \/><iframe loading=\"lazy\" title=\"Atlas 1604 Wheeled Excavator for Sale \u2013 Parts Available (Engine: Deutz BF6M2012C)\" width=\"1080\" height=\"608\" src=\"https:\/\/www.youtube.com\/embed\/rSq3lqe-tqU?feature=oembed\"  allow=\"accelerometer; autoplay; clipboard-write; encrypted-media; gyroscope; picture-in-picture; web-share\" referrerpolicy=\"strict-origin-when-cross-origin\" allowfullscreen><\/iframe>     <\/p>\n","protected":false},"excerpt":{"rendered":"<p>Ra\u017eot\u0101js: Atlas<br \/>Modelis: 1604<br \/>Zvans: <a href=\"tel:+37060842988\">+37060842988<\/a><br \/>E-pasts: <a href=\"mailto:usedparts@kasima.lt\">usedparts@kasima.lt<\/a><\/p>\n","protected":false},"featured_media":21674,"template":"","meta":{"_et_pb_use_builder":"","_et_pb_old_content":"","_et_gb_content_width":"","_monsterinsights_skip_tracking":false,"_monsterinsights_sitenote_active":false,"_monsterinsights_sitenote_note":"","_monsterinsights_sitenote_category":0},"product_brand":[],"product_cat":[872,484,318,452],"product_tag":[],"class_list":{"0":"post-21678","1":"product","2":"type-product","3":"status-publish","4":"has-post-thumbnail","6":"product_cat-1604-2003","7":"product_cat-atlas-dalas","8":"product_cat-lietotas-dalas","9":"product_cat-celtniecibas-tehnikas-dalas","11":"first","12":"instock","13":"shipping-taxable","14":"product-type-simple"},"aioseo_notices":[],"_links":{"self":[{"href":"https:\/\/kasima.lt\/lv\/wp-json\/wp\/v2\/product\/21678","targetHints":{"allow":["GET"]}}],"collection":[{"href":"https:\/\/kasima.lt\/lv\/wp-json\/wp\/v2\/product"}],"about":[{"href":"https:\/\/kasima.lt\/lv\/wp-json\/wp\/v2\/types\/product"}],"wp:featuredmedia":[{"embeddable":true,"href":"https:\/\/kasima.lt\/lv\/wp-json\/wp\/v2\/media\/21674"}],"wp:attachment":[{"href":"https:\/\/kasima.lt\/lv\/wp-json\/wp\/v2\/media?parent=21678"}],"wp:term":[{"taxonomy":"product_brand","embeddable":true,"href":"https:\/\/kasima.lt\/lv\/wp-json\/wp\/v2\/product_brand?post=21678"},{"taxonomy":"product_cat","embeddable":true,"href":"https:\/\/kasima.lt\/lv\/wp-json\/wp\/v2\/product_cat?post=21678"},{"taxonomy":"product_tag","embeddable":true,"href":"https:\/\/kasima.lt\/lv\/wp-json\/wp\/v2\/product_tag?post=21678"}],"curies":[{"name":"wp","href":"https:\/\/api.w.org\/{rel}","templated":true}]}}