{"id":18058,"date":"2024-01-31T08:35:34","date_gmt":"2024-01-31T08:35:34","guid":{"rendered":"https:\/\/kasima.lt\/product\/volvo-ew160b-hidraulinis-voztuvas-su-rite-14373391-p01\/"},"modified":"2025-10-29T13:20:45","modified_gmt":"2025-10-29T13:20:45","slug":"volvo-ew160b-hidraulinis-voztuvas-su-rite-14373391-p01","status":"publish","type":"product","link":"https:\/\/kasima.lt\/lv\/produktas\/volvo-ew160b-hidraulinis-voztuvas-su-rite-14373391-p01\/","title":{"rendered":"Volvo EW160B hidrauliskais v\u0101rsts ar spoli (14373391-P01)"},"content":{"rendered":"<p>Hidrauliskais v\u0101rsts ar spoli Deta\u013cas kods VOE14373391-P01<\/p>\n","protected":false},"excerpt":{"rendered":"<p>Cena bez PVN Ra\u017eot\u0101js: VOLVO Modelis: EW160B0021 Zvans: <a href=\"tel:+37060842988\">+37060842988<\/a> E-pasts: <a href=\"mailto:usedparts@kasima.lt\">usedparts@kasima.lt<\/a><\/p>\n","protected":false},"featured_media":18054,"template":"","meta":{"_et_pb_use_builder":"","_et_pb_old_content":"","_et_gb_content_width":"","_monsterinsights_skip_tracking":false,"_monsterinsights_sitenote_active":false,"_monsterinsights_sitenote_note":"","_monsterinsights_sitenote_category":0},"product_brand":[],"product_cat":[398,817,490,633,318,685,452],"product_tag":[],"class_list":{"0":"post-18058","1":"product","2":"type-product","3":"status-publish","4":"has-post-thumbnail","6":"product_cat-volvo-dalas","7":"product_cat-ew160b","8":"product_cat-elektronikas-dalas","9":"product_cat-hidrauliskie-varsti","10":"product_cat-lietotas-dalas","11":"product_cat-ekskavatoru-dalas","12":"product_cat-celtniecibas-tehnikas-dalas","14":"first","15":"instock","16":"shipping-taxable","17":"purchasable","18":"product-type-simple"},"aioseo_notices":[],"_links":{"self":[{"href":"https:\/\/kasima.lt\/lv\/wp-json\/wp\/v2\/product\/18058","targetHints":{"allow":["GET"]}}],"collection":[{"href":"https:\/\/kasima.lt\/lv\/wp-json\/wp\/v2\/product"}],"about":[{"href":"https:\/\/kasima.lt\/lv\/wp-json\/wp\/v2\/types\/product"}],"wp:featuredmedia":[{"embeddable":true,"href":"https:\/\/kasima.lt\/lv\/wp-json\/wp\/v2\/media\/18054"}],"wp:attachment":[{"href":"https:\/\/kasima.lt\/lv\/wp-json\/wp\/v2\/media?parent=18058"}],"wp:term":[{"taxonomy":"product_brand","embeddable":true,"href":"https:\/\/kasima.lt\/lv\/wp-json\/wp\/v2\/product_brand?post=18058"},{"taxonomy":"product_cat","embeddable":true,"href":"https:\/\/kasima.lt\/lv\/wp-json\/wp\/v2\/product_cat?post=18058"},{"taxonomy":"product_tag","embeddable":true,"href":"https:\/\/kasima.lt\/lv\/wp-json\/wp\/v2\/product_tag?post=18058"}],"curies":[{"name":"wp","href":"https:\/\/api.w.org\/{rel}","templated":true}]}}