{"id":16471,"date":"2023-10-05T15:10:32","date_gmt":"2023-10-05T15:10:32","guid":{"rendered":"https:\/\/kasima.lt\/product\/traktorius-fendt-716-vario\/"},"modified":"2025-10-29T13:20:43","modified_gmt":"2025-10-29T13:20:43","slug":"traktors-fendt-716-vario","status":"publish","type":"product","link":"https:\/\/kasima.lt\/lv\/produktas\/traktors-fendt-716-vario\/","title":{"rendered":"Traktors FENDT 716 Vario"},"content":{"rendered":"<p>Lauksaimniec\u012bbas traktors FENDT 716 Vario<br \/>\nLietuv\u0101 nedarbojas<br \/>\n\u013boti sakopts traktors<\/p>\n<p>Izgatavo\u0161anas gads 2009<br \/>\nDzin\u0113ja stundas 9906<br \/>\nJauda 123 kw, 167 ZS.<br \/>\nTRIMA front\u0101lais iekr\u0101v\u0113ji<br \/>\nKomerci\u0101l\u0101 balstiek\u0101rta ar KTA<br \/>\nHidrauliskie p\u0101ri priek\u0161\u0101 un aizmugur\u0113<br \/>\nAmortiz\u0113jama kab\u012bne<br \/>\nAmortiz\u0113jam\u0101 priek\u0161\u0113j\u0101 ass<br \/>\nHidraulisk\u0101 piekabes sakabe<br \/>\nHidraulisk\u0101s un pneimatisk\u0101s bremzes<br \/>\nGaisa kondicion\u0113\u0161ana<br \/>\nPriek\u0161\u0113j\u0101s riepas 600\/65R28<br \/>\nAizmugur\u0113j\u0101s riepas 710\/70R38<\/p>\n<p>Daudzas citas priek\u0161roc\u012bbas<\/p>\n","protected":false},"excerpt":{"rendered":"<p>Cena bez PVN<\/p>\n<p>Ra\u017eot\u0101js FENDT<br \/>\nModelis: 716 VARIO<br \/>\nZvans: <a href=\"tel:+37067607071\">+37067607071<\/a><br \/>\nKontaktpersona: <a href=\"mailto:sales@kasima.lt\">sales@kasima.lt<\/a><\/p>\n","protected":false},"featured_media":16332,"template":"","meta":{"_et_pb_use_builder":"","_et_pb_old_content":"","_et_gb_content_width":"","_monsterinsights_skip_tracking":false,"_monsterinsights_sitenote_active":false,"_monsterinsights_sitenote_note":"","_monsterinsights_sitenote_category":0},"product_brand":[],"product_cat":[149,176],"product_tag":[],"class_list":{"0":"post-16471","1":"product","2":"type-product","3":"status-publish","4":"has-post-thumbnail","6":"product_cat-buvnieciba","7":"product_cat-lauksaimnieciba","9":"first","10":"outofstock","11":"shipping-taxable","12":"product-type-simple"},"aioseo_notices":[],"_links":{"self":[{"href":"https:\/\/kasima.lt\/lv\/wp-json\/wp\/v2\/product\/16471","targetHints":{"allow":["GET"]}}],"collection":[{"href":"https:\/\/kasima.lt\/lv\/wp-json\/wp\/v2\/product"}],"about":[{"href":"https:\/\/kasima.lt\/lv\/wp-json\/wp\/v2\/types\/product"}],"wp:featuredmedia":[{"embeddable":true,"href":"https:\/\/kasima.lt\/lv\/wp-json\/wp\/v2\/media\/16332"}],"wp:attachment":[{"href":"https:\/\/kasima.lt\/lv\/wp-json\/wp\/v2\/media?parent=16471"}],"wp:term":[{"taxonomy":"product_brand","embeddable":true,"href":"https:\/\/kasima.lt\/lv\/wp-json\/wp\/v2\/product_brand?post=16471"},{"taxonomy":"product_cat","embeddable":true,"href":"https:\/\/kasima.lt\/lv\/wp-json\/wp\/v2\/product_cat?post=16471"},{"taxonomy":"product_tag","embeddable":true,"href":"https:\/\/kasima.lt\/lv\/wp-json\/wp\/v2\/product_tag?post=16471"}],"curies":[{"name":"wp","href":"https:\/\/api.w.org\/{rel}","templated":true}]}}