{"id":15343,"date":"2023-08-15T06:34:49","date_gmt":"2023-08-15T06:34:49","guid":{"rendered":"https:\/\/kasima.lt\/?post_type=product&#038;p=15343"},"modified":"2025-10-29T13:20:43","modified_gmt":"2025-10-29T13:20:43","slug":"hidrauliskais-sadalitajs-linde","status":"publish","type":"product","link":"https:\/\/kasima.lt\/lv\/produktas\/hidrauliskais-sadalitajs-linde\/","title":{"rendered":"Hidrauliskais sadal\u012bt\u0101js Linde"},"content":{"rendered":"<p>Linde hidrauliskais sadal\u012bt\u0101js Volvo EW160B ekskavatoram<br \/>\nAF 1225\/03, AF 1208\/03, H2X669P0088,<br \/>\nRa\u017eot\u0101ja da\u013cas numurs: VOE14377945<br \/>\nVai lab\u0101kais cenas pied\u0101v\u0101jums!!!<\/p>\n","protected":false},"excerpt":{"rendered":"<p>Cena bez PVN<\/p>\n<p>Ra\u017eot\u0101js: Volvo<br \/>\nModelis: EW160B0008<br \/>\nZvaniet: <a href=\"tel:+37060842988\">+37060842988<\/a><br \/>\nKontaktpersona: <a href=\"mailto:usedparts@kasima.lt\">usedparts@kasima.lt<\/a><\/p>\n","protected":false},"featured_media":15299,"template":"","meta":{"_et_pb_use_builder":"","_et_pb_old_content":"","_et_gb_content_width":"","_monsterinsights_skip_tracking":false,"_monsterinsights_sitenote_active":false,"_monsterinsights_sitenote_note":"","_monsterinsights_sitenote_category":0},"product_brand":[],"product_cat":[398,817,621,318,685],"product_tag":[],"class_list":{"0":"post-15343","1":"product","2":"type-product","3":"status-publish","4":"has-post-thumbnail","6":"product_cat-volvo-dalas","7":"product_cat-ew160b","8":"product_cat-hidrauliskie-sadalitaji","9":"product_cat-lietotas-dalas","10":"product_cat-ekskavatoru-dalas","12":"first","13":"instock","14":"shipping-taxable","15":"purchasable","16":"product-type-simple"},"aioseo_notices":[],"_links":{"self":[{"href":"https:\/\/kasima.lt\/lv\/wp-json\/wp\/v2\/product\/15343","targetHints":{"allow":["GET"]}}],"collection":[{"href":"https:\/\/kasima.lt\/lv\/wp-json\/wp\/v2\/product"}],"about":[{"href":"https:\/\/kasima.lt\/lv\/wp-json\/wp\/v2\/types\/product"}],"wp:featuredmedia":[{"embeddable":true,"href":"https:\/\/kasima.lt\/lv\/wp-json\/wp\/v2\/media\/15299"}],"wp:attachment":[{"href":"https:\/\/kasima.lt\/lv\/wp-json\/wp\/v2\/media?parent=15343"}],"wp:term":[{"taxonomy":"product_brand","embeddable":true,"href":"https:\/\/kasima.lt\/lv\/wp-json\/wp\/v2\/product_brand?post=15343"},{"taxonomy":"product_cat","embeddable":true,"href":"https:\/\/kasima.lt\/lv\/wp-json\/wp\/v2\/product_cat?post=15343"},{"taxonomy":"product_tag","embeddable":true,"href":"https:\/\/kasima.lt\/lv\/wp-json\/wp\/v2\/product_tag?post=15343"}],"curies":[{"name":"wp","href":"https:\/\/api.w.org\/{rel}","templated":true}]}}