{"id":14988,"date":"2023-08-01T15:04:33","date_gmt":"2023-08-01T15:04:33","guid":{"rendered":"https:\/\/kasima.lt\/shop\/uncategorized\/viksrinis-damperis-cnf-t95sl\/"},"modified":"2025-10-29T13:20:39","modified_gmt":"2025-10-29T13:20:39","slug":"mini-pasizgazeji-cnf-t95sl","status":"publish","type":"product","link":"https:\/\/kasima.lt\/lv\/produktas\/mini-pasizgazeji-cnf-t95sl\/","title":{"rendered":"Mini pa\u0161izg\u0101z\u0113ji CNF T95SL"},"content":{"rendered":"<p>Ra\u017eot\u0101js CNF<br \/>\nT95SL modelis<br \/>\nYANMAR 9,5 ZS dzin\u0113js ar priek\u0161sild\u012b\u0161anu<br \/>\nElektriskais starteris<br \/>\nDegvielas veids D\u012bze\u013cdegviela<br \/>\n\u0100trums l\u012bdz 5 km\/h<br \/>\nVad\u012bba ar 1 sviru<br \/>\nHidrostatisk\u0101 transmisija<br \/>\nPaka\u013c\u0113j\u0101 masa 550 kg.<br \/>\nCeltsp\u0113ja 900 kg.<br \/>\nVirsb\u016bves tilpums 0,36 \/ 0,45 kubikmetri.<br \/>\nAv\u0101rijas bremze<br \/>\nHidraulisko cilindru sl\u0113dzenes<\/p>\n<p>Komplekt\u0101 ietilpst:<br \/>\nIekrau\u0161anas spainis<br \/>\nAmortiz\u0101cijas st\u0101vvietas platforma<br \/>\nAr l\u012bdzsvara atsvariem<br \/>\nAr paaugstin\u0101tu virsb\u016bvi<\/p>\n","protected":false},"excerpt":{"rendered":"<p>Cena bez PVN<\/p>\n<p>Ra\u017eot\u0101js: CNF<br \/>\nModelis: T95SL<br \/>\nZvans: <a href=\"tel:+37067607071\">+37067607071<\/a><br \/>\nKontaktpersona: <a href=\"mailto:sales@kasima.lt\">sales@kasima.lt<\/a><\/p>\n","protected":false},"featured_media":23374,"template":"","meta":{"_et_pb_use_builder":"","_et_pb_old_content":"","_et_gb_content_width":"","_monsterinsights_skip_tracking":false,"_monsterinsights_sitenote_active":false,"_monsterinsights_sitenote_note":"","_monsterinsights_sitenote_category":0},"product_brand":[],"product_cat":[149],"product_tag":[],"class_list":{"0":"post-14988","1":"product","2":"type-product","3":"status-publish","4":"has-post-thumbnail","6":"product_cat-buvnieciba","8":"first","9":"outofstock","10":"shipping-taxable","11":"product-type-simple"},"aioseo_notices":[],"_links":{"self":[{"href":"https:\/\/kasima.lt\/lv\/wp-json\/wp\/v2\/product\/14988","targetHints":{"allow":["GET"]}}],"collection":[{"href":"https:\/\/kasima.lt\/lv\/wp-json\/wp\/v2\/product"}],"about":[{"href":"https:\/\/kasima.lt\/lv\/wp-json\/wp\/v2\/types\/product"}],"wp:featuredmedia":[{"embeddable":true,"href":"https:\/\/kasima.lt\/lv\/wp-json\/wp\/v2\/media\/23374"}],"wp:attachment":[{"href":"https:\/\/kasima.lt\/lv\/wp-json\/wp\/v2\/media?parent=14988"}],"wp:term":[{"taxonomy":"product_brand","embeddable":true,"href":"https:\/\/kasima.lt\/lv\/wp-json\/wp\/v2\/product_brand?post=14988"},{"taxonomy":"product_cat","embeddable":true,"href":"https:\/\/kasima.lt\/lv\/wp-json\/wp\/v2\/product_cat?post=14988"},{"taxonomy":"product_tag","embeddable":true,"href":"https:\/\/kasima.lt\/lv\/wp-json\/wp\/v2\/product_tag?post=14988"}],"curies":[{"name":"wp","href":"https:\/\/api.w.org\/{rel}","templated":true}]}}