{"id":10687,"date":"2023-02-27T15:05:40","date_gmt":"2023-02-27T15:05:40","guid":{"rendered":"https:\/\/kasima.lt\/shop\/uncategorized\/wirtgen-w50dc-asfalta-griezejs\/"},"modified":"2025-10-29T13:20:36","modified_gmt":"2025-10-29T13:20:36","slug":"asfaltesana-lidz-sasalsanai-wirtgen-w50dc","status":"publish","type":"product","link":"https:\/\/kasima.lt\/lv\/produktas\/asfaltesana-lidz-sasalsanai-wirtgen-w50dc\/","title":{"rendered":"Wirtgen W50DC asfalta griez\u0113js"},"content":{"rendered":"<p>Asfalta fr\u0113ze WIRTGEN W50DC,<br \/>\nRa\u017eo\u0161anas gads: 2011<br \/>\nKond\u012bcija: darba k\u0101rt\u012bb\u0101<br \/>\nLevel Pro sist\u0113ma,<br \/>\nMoto stundas: 5027<br \/>\nPa\u0161masa: 8000 kg,<br \/>\nDzin\u0113js Deutz 92 kw .,<br \/>\nFr\u0113z\u0113\u0161anas platums 500 mm,<br \/>\nDarba dzi\u013cums: 0 &#8211; 210 mm,<br \/>\n\u0100tri no\u0146emams konveijers,<br \/>\nJaunas priek\u0161\u0113j\u0101s riepas,<br \/>\nRezerves zobu komplekts,<br \/>\nVisu apkopi veic ofici\u0101ls d\u012bleris,<\/p>\n","protected":false},"excerpt":{"rendered":"<p>Cena bez PVN<\/p>\n<p>Ra\u017eot\u0101js Wirtgen<br \/>\nModelis: W50DC<br \/>\nZvans: <a href=\"tel:+37067607071\">+37067607071<\/a><br \/>\nKontaktpersona: <a href=\"mailto:info@kasima.lt\">sales@kasima.lt<\/a><\/p>\n<p>&nbsp;<\/p>\n","protected":false},"featured_media":10567,"template":"","meta":{"_et_pb_use_builder":"","_et_pb_old_content":"","_et_gb_content_width":"","_monsterinsights_skip_tracking":false,"_monsterinsights_sitenote_active":false,"_monsterinsights_sitenote_note":"","_monsterinsights_sitenote_category":0},"product_brand":[],"product_cat":[149],"product_tag":[],"class_list":{"0":"post-10687","1":"product","2":"type-product","3":"status-publish","4":"has-post-thumbnail","6":"product_cat-buvnieciba","8":"first","9":"outofstock","10":"shipping-taxable","11":"product-type-simple"},"aioseo_notices":[],"_links":{"self":[{"href":"https:\/\/kasima.lt\/lv\/wp-json\/wp\/v2\/product\/10687","targetHints":{"allow":["GET"]}}],"collection":[{"href":"https:\/\/kasima.lt\/lv\/wp-json\/wp\/v2\/product"}],"about":[{"href":"https:\/\/kasima.lt\/lv\/wp-json\/wp\/v2\/types\/product"}],"wp:featuredmedia":[{"embeddable":true,"href":"https:\/\/kasima.lt\/lv\/wp-json\/wp\/v2\/media\/10567"}],"wp:attachment":[{"href":"https:\/\/kasima.lt\/lv\/wp-json\/wp\/v2\/media?parent=10687"}],"wp:term":[{"taxonomy":"product_brand","embeddable":true,"href":"https:\/\/kasima.lt\/lv\/wp-json\/wp\/v2\/product_brand?post=10687"},{"taxonomy":"product_cat","embeddable":true,"href":"https:\/\/kasima.lt\/lv\/wp-json\/wp\/v2\/product_cat?post=10687"},{"taxonomy":"product_tag","embeddable":true,"href":"https:\/\/kasima.lt\/lv\/wp-json\/wp\/v2\/product_tag?post=10687"}],"curies":[{"name":"wp","href":"https:\/\/api.w.org\/{rel}","templated":true}]}}