{"id":106832,"date":"2026-05-14T10:28:31","date_gmt":"2026-05-14T08:28:31","guid":{"rendered":"https:\/\/kasima.lt\/produktas\/ir-abg-titan-325-epm\/"},"modified":"2026-05-14T10:33:08","modified_gmt":"2026-05-14T08:33:08","slug":"ir-abg-titan-325-epm","status":"publish","type":"product","link":"https:\/\/kasima.lt\/lv\/produktas\/ir-abg-titan-325-epm\/","title":{"rendered":"IR-ABG TITAN 325 EPM"},"content":{"rendered":"<p>Specifik\u0101cija:<\/p>\n<p>Gads: 2003<br \/>\nJauda: 129,5 kW<br \/>\nPa\u0161masa: 16 450 kg<br \/>\nDarba svars: 20 000 kg<br \/>\nHidrauliski papla\u0161in\u0101ms izl\u012bdzin\u0101t\u0101js<br \/>\nK\u0101pur\u0137\u0113\u017eu \u0161asija<\/p>\n<p>Pieg\u0101de l\u012bdz klienta nor\u0101d\u012btajai adresei ir iesp\u0113jama.<br \/>\n<iframe loading=\"lazy\" title=\"IR ABG TITAN 325 EPM\u2502 UAB KASIMA\" width=\"1080\" height=\"608\" src=\"https:\/\/www.youtube.com\/embed\/9Wcxmnvoxbs?feature=oembed\"  allow=\"accelerometer; autoplay; clipboard-write; encrypted-media; gyroscope; picture-in-picture; web-share\" referrerpolicy=\"strict-origin-when-cross-origin\" allowfullscreen><\/iframe><\/p>\n","protected":false},"excerpt":{"rendered":"<p>Cena bez PVN<\/p>\n<p>Ra\u017eot\u0101js: IR-ABG<br \/>\nModelis: TITAN 325 EPM<br \/>\nZvans: <a href=\"tel:+37067607071\">+37067607071<\/a><br \/>\nE-pasts: <a href=\"mailto:sales@kasima.lt\">sales@kasima.lt<\/a><\/p>\n","protected":false},"featured_media":106503,"template":"","meta":{"_et_pb_use_builder":"","_et_pb_old_content":"","_et_gb_content_width":"","_monsterinsights_skip_tracking":false,"_monsterinsights_sitenote_active":false,"_monsterinsights_sitenote_note":"","_monsterinsights_sitenote_category":0},"product_brand":[],"product_cat":[208],"product_tag":[],"class_list":{"0":"post-106832","1":"product","2":"type-product","3":"status-publish","4":"has-post-thumbnail","6":"product_cat-celu-buvnieciba","8":"first","9":"instock","10":"shipping-taxable","11":"purchasable","12":"product-type-simple"},"aioseo_notices":[],"_links":{"self":[{"href":"https:\/\/kasima.lt\/lv\/wp-json\/wp\/v2\/product\/106832","targetHints":{"allow":["GET"]}}],"collection":[{"href":"https:\/\/kasima.lt\/lv\/wp-json\/wp\/v2\/product"}],"about":[{"href":"https:\/\/kasima.lt\/lv\/wp-json\/wp\/v2\/types\/product"}],"wp:featuredmedia":[{"embeddable":true,"href":"https:\/\/kasima.lt\/lv\/wp-json\/wp\/v2\/media\/106503"}],"wp:attachment":[{"href":"https:\/\/kasima.lt\/lv\/wp-json\/wp\/v2\/media?parent=106832"}],"wp:term":[{"taxonomy":"product_brand","embeddable":true,"href":"https:\/\/kasima.lt\/lv\/wp-json\/wp\/v2\/product_brand?post=106832"},{"taxonomy":"product_cat","embeddable":true,"href":"https:\/\/kasima.lt\/lv\/wp-json\/wp\/v2\/product_cat?post=106832"},{"taxonomy":"product_tag","embeddable":true,"href":"https:\/\/kasima.lt\/lv\/wp-json\/wp\/v2\/product_tag?post=106832"}],"curies":[{"name":"wp","href":"https:\/\/api.w.org\/{rel}","templated":true}]}}