{"id":105433,"date":"2026-05-07T10:23:30","date_gmt":"2026-05-07T08:23:30","guid":{"rendered":"https:\/\/kasima.lt\/produktas\/hamm-h-13i\/"},"modified":"2026-05-07T10:28:54","modified_gmt":"2026-05-07T08:28:54","slug":"hamm-h-13i","status":"publish","type":"product","link":"https:\/\/kasima.lt\/lv\/produktas\/hamm-h-13i\/","title":{"rendered":"Hamm H 13i"},"content":{"rendered":"<p>P\u0101rdo\u0161an\u0101 lielisk\u0101 darba k\u0101rt\u012bb\u0101 eso\u0161s grunts veltnis Hamm H13i. <\/p>\n<p>Tehniskie dati:<\/p>\n<p>Marka \/ modelis: Hamm H13i<br \/>\nIzlaiduma gads: 2017<br \/>\nJauda: 115 kW (Deutz dzin\u0113js)<br \/>\nMotorstundas: 5 539 h<br \/>\nSvars: apm\u0113ram 13 000 kg<br \/>\nMaksim\u0101lais darba svars: 15 870 kg<br \/>\nTips: viena ru\u013c\u013ca grunts veltnis<br \/>\nApr\u012bkots ar integr\u0113tu HCQ (Hamm Compaction Quality) sist\u0113mu<br \/>\nGaisa kondicionieris<\/p>\n<p>Papildus komplekt\u0101 segment\u0113to k\u0101ju komplekts.<\/p>\n<p>Gatavs darbam.<br \/>\nIesp\u0113jama apskate un test\u0113\u0161ana UAB KASIMA laukum\u0101.<br \/>\nIesp\u0113jama pieg\u0101de uz klienta nor\u0101d\u012bto adresi Latvij\u0101 vai \u0101rzem\u0113s.<\/p>\n<p><iframe loading=\"lazy\" title=\"Hamm H 13i \u2502 UAB KASIMA\" width=\"1080\" height=\"608\" src=\"https:\/\/www.youtube.com\/embed\/k874_mxycnw?feature=oembed\"  allow=\"accelerometer; autoplay; clipboard-write; encrypted-media; gyroscope; picture-in-picture; web-share\" referrerpolicy=\"strict-origin-when-cross-origin\" allowfullscreen><\/iframe><\/p>\n","protected":false},"excerpt":{"rendered":"<p>Cena bez PVN<\/p>\n<p>Ra\u017eot\u0101js: Hamm<br \/>\nModelis: H 13i<br \/>\nZvans: <a href=\"tel:+37067607071\">+37067607071<\/a><br \/>\nE-pasts: <a href=\"mailto:sales@kasima.lt\">sales@kasima.lt<\/a><\/p>\n","protected":false},"featured_media":105146,"template":"","meta":{"_et_pb_use_builder":"","_et_pb_old_content":"","_et_gb_content_width":"","_monsterinsights_skip_tracking":false,"_monsterinsights_sitenote_active":false,"_monsterinsights_sitenote_note":"","_monsterinsights_sitenote_category":0},"product_brand":[],"product_cat":[778,149],"product_tag":[],"class_list":{"0":"post-105433","1":"product","2":"type-product","3":"status-publish","4":"has-post-thumbnail","6":"product_cat-celtniecibas-masinas","7":"product_cat-buvnieciba","9":"first","10":"instock","11":"shipping-taxable","12":"purchasable","13":"product-type-simple"},"aioseo_notices":[],"_links":{"self":[{"href":"https:\/\/kasima.lt\/lv\/wp-json\/wp\/v2\/product\/105433","targetHints":{"allow":["GET"]}}],"collection":[{"href":"https:\/\/kasima.lt\/lv\/wp-json\/wp\/v2\/product"}],"about":[{"href":"https:\/\/kasima.lt\/lv\/wp-json\/wp\/v2\/types\/product"}],"wp:featuredmedia":[{"embeddable":true,"href":"https:\/\/kasima.lt\/lv\/wp-json\/wp\/v2\/media\/105146"}],"wp:attachment":[{"href":"https:\/\/kasima.lt\/lv\/wp-json\/wp\/v2\/media?parent=105433"}],"wp:term":[{"taxonomy":"product_brand","embeddable":true,"href":"https:\/\/kasima.lt\/lv\/wp-json\/wp\/v2\/product_brand?post=105433"},{"taxonomy":"product_cat","embeddable":true,"href":"https:\/\/kasima.lt\/lv\/wp-json\/wp\/v2\/product_cat?post=105433"},{"taxonomy":"product_tag","embeddable":true,"href":"https:\/\/kasima.lt\/lv\/wp-json\/wp\/v2\/product_tag?post=105433"}],"curies":[{"name":"wp","href":"https:\/\/api.w.org\/{rel}","templated":true}]}}