{"id":105137,"date":"2026-04-30T08:26:17","date_gmt":"2026-04-30T06:26:17","guid":{"rendered":"https:\/\/kasima.lt\/produktas\/bobcat-e85\/"},"modified":"2026-04-30T08:34:12","modified_gmt":"2026-04-30T06:34:12","slug":"bobcat-e85","status":"publish","type":"product","link":"https:\/\/kasima.lt\/lv\/produktas\/bobcat-e85\/","title":{"rendered":"Bobcat E85"},"content":{"rendered":"<p>Ekskavators Bobcat E85<\/p>\n<p>P\u0101rdo\u0161an\u0101 2020. gada Bobcat E85 \u2013 midi ekskavators.<\/p>\n<p>Pamatinform\u0101cija:<\/p>\n<p>Gads: 2020<br \/>\nDzin\u0113js: Yanmar, 44 kW<br \/>\n\u0100tr\u0101 sakabe: meh\u0101nisk\u0101<br \/>\nMoto stundas: 2695 h<br \/>\nSt\u0101voklis: lietots, labs<\/p>\n<p>Priek\u0161roc\u012bbas:<br \/>Gar\u0101 str\u0113le<br \/>\nDubult\u0101s hidraulisk\u0101s l\u012bnijas<br \/>\nUzticams un ekonomisks Yanmar dzin\u0113js<br \/>\nKompakts dizains, viegla transport\u0113\u0161ana<br \/>\nMeh\u0101nisk\u0101 \u0101tr\u0101 sakabe \u2013 \u0101trai kausu mai\u0146ai<br \/>\nGaisa kondicionieris<\/p>\n<p>Iesp\u0113jams komplekt\u0113t ar da\u017e\u0101diem papildapr\u012bkojumiem, piem\u0113ram, zemes urbi, hidraulisko \u0101muru, demont\u0101\u017eas un grie\u0161anas \u0161\u0137\u0113r\u0113m, betona mais\u012bt\u0101ju vai citu apr\u012bkojumu. <\/p>\n<p>Iesp\u0113jama apskate un test\u0113\u0161ana UAB KASIMA laukum\u0101.<br \/>\nIesp\u0113jama pieg\u0101de uz klienta nor\u0101d\u012bto adresi.<\/p>\n<p><iframe loading=\"lazy\" title=\"Bobcat E85\u2502UAB KASIMA\" width=\"1080\" height=\"608\" src=\"https:\/\/www.youtube.com\/embed\/kzcAEZzoCqQ?feature=oembed\"  allow=\"accelerometer; autoplay; clipboard-write; encrypted-media; gyroscope; picture-in-picture; web-share\" referrerpolicy=\"strict-origin-when-cross-origin\" allowfullscreen><\/iframe><\/p>\n","protected":false},"excerpt":{"rendered":"<p>Cena bez PVN<\/p>\n<p>Ra\u017eot\u0101js: bobcat<br \/>\nModelis: e85<br \/>\nZvans: <a href=\"tel:+37067607071\">+37067607071<\/a><br \/>\nE-pasts: <a href=\"mailto:sales@kasima.lt\">sales@kasima.lt<\/a><\/p>\n","protected":false},"featured_media":104851,"template":"","meta":{"_et_pb_use_builder":"","_et_pb_old_content":"","_et_gb_content_width":"","_monsterinsights_skip_tracking":false,"_monsterinsights_sitenote_active":false,"_monsterinsights_sitenote_note":"","_monsterinsights_sitenote_category":0},"product_brand":[],"product_cat":[149],"product_tag":[],"class_list":{"0":"post-105137","1":"product","2":"type-product","3":"status-publish","4":"has-post-thumbnail","6":"product_cat-buvnieciba","8":"first","9":"instock","10":"shipping-taxable","11":"purchasable","12":"product-type-simple"},"aioseo_notices":[],"_links":{"self":[{"href":"https:\/\/kasima.lt\/lv\/wp-json\/wp\/v2\/product\/105137","targetHints":{"allow":["GET"]}}],"collection":[{"href":"https:\/\/kasima.lt\/lv\/wp-json\/wp\/v2\/product"}],"about":[{"href":"https:\/\/kasima.lt\/lv\/wp-json\/wp\/v2\/types\/product"}],"wp:featuredmedia":[{"embeddable":true,"href":"https:\/\/kasima.lt\/lv\/wp-json\/wp\/v2\/media\/104851"}],"wp:attachment":[{"href":"https:\/\/kasima.lt\/lv\/wp-json\/wp\/v2\/media?parent=105137"}],"wp:term":[{"taxonomy":"product_brand","embeddable":true,"href":"https:\/\/kasima.lt\/lv\/wp-json\/wp\/v2\/product_brand?post=105137"},{"taxonomy":"product_cat","embeddable":true,"href":"https:\/\/kasima.lt\/lv\/wp-json\/wp\/v2\/product_cat?post=105137"},{"taxonomy":"product_tag","embeddable":true,"href":"https:\/\/kasima.lt\/lv\/wp-json\/wp\/v2\/product_tag?post=105137"}],"curies":[{"name":"wp","href":"https:\/\/api.w.org\/{rel}","templated":true}]}}