{"id":104583,"date":"2026-04-24T09:24:54","date_gmt":"2026-04-24T07:24:54","guid":{"rendered":"https:\/\/kasima.lt\/produktas\/komatsu-pw160-7h-2006-m-parduodamas-dalimis\/"},"modified":"2026-04-24T09:34:36","modified_gmt":"2026-04-24T07:34:36","slug":"komatsu-pw160-7h-2006-m-parduodamas-dalimis","status":"publish","type":"product","link":"https:\/\/kasima.lt\/lv\/produktas\/komatsu-pw160-7h-2006-m-parduodamas-dalimis\/","title":{"rendered":"Komatsu PW160-7H (2006) tiek p\u0101rdots pa da\u013c\u0101m"},"content":{"rendered":"<p>2006. gada izlaiduma Komatsu PW160-7H ekskavators tiek izjaukts pa da\u013c\u0101m.<br \/>\nDzin\u0113js boj\u0101ts<br \/>\nPieejam\u0101s deta\u013cas:<br \/>\nPiln\u012bga hidraulisk\u0101 sist\u0113ma,<br \/>\nCilindri,<br \/>\n\u0160asijas deta\u013cas,<br \/>\nP\u0101rnesumk\u0101rba,<br \/>\nDzes\u0113\u0161anas sist\u0113ma,<br \/>\nKab\u012bnes deta\u013cas,<br \/>\nElektronika utt. <\/p>\n","protected":false},"excerpt":{"rendered":"<p>Cena bez PVN<\/p>\n<p>Ra\u017eot\u0101js: KOMATSU<br \/>\nModelis: PW160-7H<br \/>\nT\u0101lrunis: <a href=\"tel:+37060842988\">+37060842988<\/a><br \/>\nE-pasts: <a href=\"mailto:usedparts@kasima.lt\">usedparts@kasima.lt<\/a><\/p>\n","protected":false},"featured_media":104561,"template":"","meta":{"_et_pb_use_builder":"","_et_pb_old_content":"","_et_gb_content_width":"","_monsterinsights_skip_tracking":false,"_monsterinsights_sitenote_active":false,"_monsterinsights_sitenote_note":"","_monsterinsights_sitenote_category":0},"product_brand":[],"product_cat":[972,481,318,685,452],"product_tag":[],"class_list":{"0":"post-104583","1":"product","2":"type-product","3":"status-publish","4":"has-post-thumbnail","6":"product_cat-pw160-7h-2006","7":"product_cat-komatsu-dalas","8":"product_cat-lietotas-dalas","9":"product_cat-ekskavatoru-dalas","10":"product_cat-celtniecibas-tehnikas-dalas","12":"first","13":"instock","14":"shipping-taxable","15":"product-type-simple"},"aioseo_notices":[],"_links":{"self":[{"href":"https:\/\/kasima.lt\/lv\/wp-json\/wp\/v2\/product\/104583","targetHints":{"allow":["GET"]}}],"collection":[{"href":"https:\/\/kasima.lt\/lv\/wp-json\/wp\/v2\/product"}],"about":[{"href":"https:\/\/kasima.lt\/lv\/wp-json\/wp\/v2\/types\/product"}],"wp:featuredmedia":[{"embeddable":true,"href":"https:\/\/kasima.lt\/lv\/wp-json\/wp\/v2\/media\/104561"}],"wp:attachment":[{"href":"https:\/\/kasima.lt\/lv\/wp-json\/wp\/v2\/media?parent=104583"}],"wp:term":[{"taxonomy":"product_brand","embeddable":true,"href":"https:\/\/kasima.lt\/lv\/wp-json\/wp\/v2\/product_brand?post=104583"},{"taxonomy":"product_cat","embeddable":true,"href":"https:\/\/kasima.lt\/lv\/wp-json\/wp\/v2\/product_cat?post=104583"},{"taxonomy":"product_tag","embeddable":true,"href":"https:\/\/kasima.lt\/lv\/wp-json\/wp\/v2\/product_tag?post=104583"}],"curies":[{"name":"wp","href":"https:\/\/api.w.org\/{rel}","templated":true}]}}