{"id":104505,"date":"2026-04-23T09:59:08","date_gmt":"2026-04-23T07:59:08","guid":{"rendered":"https:\/\/kasima.lt\/produktas\/moxy-mt31-filtro-galvute\/"},"modified":"2026-04-23T10:06:58","modified_gmt":"2026-04-23T08:06:58","slug":"moxy-mt31-filtro-galvute","status":"publish","type":"product","link":"https:\/\/kasima.lt\/lv\/produktas\/moxy-mt31-filtro-galvute\/","title":{"rendered":"Moxy MT31 filtra galva"},"content":{"rendered":"<p>Ori\u0123in\u0101la lietota filtra galva, iz\u0146emta no Moxy MT31 (2008)<br \/>\nPiln\u012bb\u0101 p\u0101rbaud\u012bta un gatava uzst\u0101d\u012b\u0161anai<br \/>\nPieg\u0101de vis\u0101 pasaul\u0113.<br \/>\nS\u016bt\u012bjuma svars un izm\u0113ri:<br \/>\n\u2022 Aptuveni 5 kg<br \/>\n\u2022 200 x 200 x 200 mm<br \/>\nDetaljas numurs:<br \/>\n\u2022 MX505546<br \/>\n\u2022 MX505545<\/p>\n","protected":false},"excerpt":{"rendered":"<p>Cena bez PVN<\/p>\n<p>Ra\u017eot\u0101js: DOOSAN<br \/>\nModelis: MOXMT31072<br \/>\nT\u0101lrunis:<a href=\"tel:+37060842988\"> +37060842988<\/a><br \/>\nE-pasts: <a href=\"mailto:usedparts@kasima.lt\">usedparts@kasima.lt<\/a><\/p>\n","protected":false},"featured_media":104471,"template":"","meta":{"_et_pb_use_builder":"","_et_pb_old_content":"","_et_gb_content_width":"","_monsterinsights_skip_tracking":false,"_monsterinsights_sitenote_active":false,"_monsterinsights_sitenote_note":"","_monsterinsights_sitenote_category":0},"product_brand":[],"product_cat":[937,952,793,318,452],"product_tag":[],"class_list":{"0":"post-104505","1":"product","2":"type-product","3":"status-publish","4":"has-post-thumbnail","6":"product_cat-filtri","7":"product_cat-moxy-mt31-2008","8":"product_cat-doosan-dalas","9":"product_cat-lietotas-dalas","10":"product_cat-celtniecibas-tehnikas-dalas","12":"first","13":"instock","14":"shipping-taxable","15":"purchasable","16":"product-type-simple"},"aioseo_notices":[],"_links":{"self":[{"href":"https:\/\/kasima.lt\/lv\/wp-json\/wp\/v2\/product\/104505","targetHints":{"allow":["GET"]}}],"collection":[{"href":"https:\/\/kasima.lt\/lv\/wp-json\/wp\/v2\/product"}],"about":[{"href":"https:\/\/kasima.lt\/lv\/wp-json\/wp\/v2\/types\/product"}],"wp:featuredmedia":[{"embeddable":true,"href":"https:\/\/kasima.lt\/lv\/wp-json\/wp\/v2\/media\/104471"}],"wp:attachment":[{"href":"https:\/\/kasima.lt\/lv\/wp-json\/wp\/v2\/media?parent=104505"}],"wp:term":[{"taxonomy":"product_brand","embeddable":true,"href":"https:\/\/kasima.lt\/lv\/wp-json\/wp\/v2\/product_brand?post=104505"},{"taxonomy":"product_cat","embeddable":true,"href":"https:\/\/kasima.lt\/lv\/wp-json\/wp\/v2\/product_cat?post=104505"},{"taxonomy":"product_tag","embeddable":true,"href":"https:\/\/kasima.lt\/lv\/wp-json\/wp\/v2\/product_tag?post=104505"}],"curies":[{"name":"wp","href":"https:\/\/api.w.org\/{rel}","templated":true}]}}