{"id":103406,"date":"2026-04-15T09:24:46","date_gmt":"2026-04-15T07:24:46","guid":{"rendered":"https:\/\/kasima.lt\/produktas\/moxy-mt31-termostato-korpusas\/"},"modified":"2026-04-15T09:33:44","modified_gmt":"2026-04-15T07:33:44","slug":"moxy-mt31-termostato-korpusas","status":"publish","type":"product","link":"https:\/\/kasima.lt\/lv\/produktas\/moxy-mt31-termostato-korpusas\/","title":{"rendered":"Moxy MT31 termostata korpuss"},"content":{"rendered":"<p>Ori\u0123in\u0101ls lietots termostata korpuss, iz\u0146emts no 2008. gada Moxy MT31<br \/>\nPiln\u012bb\u0101 p\u0101rbaud\u012bts un gatavs uzst\u0101d\u012b\u0161anai<br \/>\nPieg\u0101de vis\u0101 pasaul\u0113.<br \/>\nS\u016bt\u012bjuma svars un izm\u0113ri:<br \/>\n\u2022 Aptuveni 3 kg<br \/>\n\u2022 200 x 100 x 100 mm<br \/>\nDetaljas numurs:<br \/>\n\u2022 MX502941<br \/>\n\u2022 MX502942<br \/>\n\u2022 1381494S4385-3 <\/p>\n","protected":false},"excerpt":{"rendered":"<p>Cena bez PVN<\/p>\n<p>Ra\u017eot\u0101js: DOOSAN<br \/>\nModelis: MOXMT31064<br \/>\nT\u0101lrunis: <a href=\"tel:+37060842988\">+37060842988<\/a><br \/>\nE-pasts: <a href=\"mailto:usedparts@kasima.lt\">usedparts@kasima.lt<\/a><\/p>\n","protected":false},"featured_media":103389,"template":"","meta":{"_et_pb_use_builder":"","_et_pb_old_content":"","_et_gb_content_width":"","_monsterinsights_skip_tracking":false,"_monsterinsights_sitenote_active":false,"_monsterinsights_sitenote_note":"","_monsterinsights_sitenote_category":0},"product_brand":[],"product_cat":[952,793,318,452,807,729],"product_tag":[],"class_list":{"0":"post-103406","1":"product","2":"type-product","3":"status-publish","4":"has-post-thumbnail","6":"product_cat-moxy-mt31-2008","7":"product_cat-doosan-dalas","8":"product_cat-lietotas-dalas","9":"product_cat-celtniecibas-tehnikas-dalas","10":"product_cat-dzesesanas-sistemas-un-to-komponenti","11":"product_cat-motori-un-to-detalas","13":"first","14":"instock","15":"shipping-taxable","16":"purchasable","17":"product-type-simple"},"aioseo_notices":[],"_links":{"self":[{"href":"https:\/\/kasima.lt\/lv\/wp-json\/wp\/v2\/product\/103406","targetHints":{"allow":["GET"]}}],"collection":[{"href":"https:\/\/kasima.lt\/lv\/wp-json\/wp\/v2\/product"}],"about":[{"href":"https:\/\/kasima.lt\/lv\/wp-json\/wp\/v2\/types\/product"}],"wp:featuredmedia":[{"embeddable":true,"href":"https:\/\/kasima.lt\/lv\/wp-json\/wp\/v2\/media\/103389"}],"wp:attachment":[{"href":"https:\/\/kasima.lt\/lv\/wp-json\/wp\/v2\/media?parent=103406"}],"wp:term":[{"taxonomy":"product_brand","embeddable":true,"href":"https:\/\/kasima.lt\/lv\/wp-json\/wp\/v2\/product_brand?post=103406"},{"taxonomy":"product_cat","embeddable":true,"href":"https:\/\/kasima.lt\/lv\/wp-json\/wp\/v2\/product_cat?post=103406"},{"taxonomy":"product_tag","embeddable":true,"href":"https:\/\/kasima.lt\/lv\/wp-json\/wp\/v2\/product_tag?post=103406"}],"curies":[{"name":"wp","href":"https:\/\/api.w.org\/{rel}","templated":true}]}}